{"id":2,"date":"2023-10-15T17:32:47","date_gmt":"2023-10-15T20:32:47","guid":{"rendered":"https:\/\/iterdigital.com.br\/bul\/?page_id=2"},"modified":"2024-09-03T17:26:37","modified_gmt":"2024-09-03T20:26:37","slug":"dicas-de-instalacao-3","status":"publish","type":"page","link":"https:\/\/www.bulletmoto.com\/index.php\/dicas-de-instalacao-3\/","title":{"rendered":"Dicas de instala\u00e7\u00e3o"},"content":{"rendered":"<div style=\"height:20px\" aria-hidden=\"true\" class=\"wp-block-spacer\"><\/div><h3 class=\"wp-block-heading\">ANTES DE INSTALAR, CONFIRA ESSAS DICAS!<\/h3><div id=\"wp-block-themeisle-blocks-advanced-columns-549f155c\" class=\"wp-block-themeisle-blocks-advanced-columns has-2-columns has-desktop-twoOne-layout has-tablet-equal-layout has-mobile-collapsedRows-layout has-vertical-unset\"><div class=\"wp-block-themeisle-blocks-advanced-columns-overlay\"><\/div><div class=\"innerblocks-wrap\"><div id=\"wp-block-themeisle-blocks-advanced-column-f0cc8943\" class=\"wp-block-themeisle-blocks-advanced-column\"><h3 class=\"wp-block-heading has-medium-font-size\"><strong>Parafusos em geral<\/strong><\/h3>\n\n<p class=\"has-text-align-left\" style=\"font-size:16px\">Aplicar 1 a 2 gotas de cola trava roscas m\u00e9dio torque em todos os parafusos a fim de evitar o afrouxamento dos mesmos decorrente do uso. Aten\u00e7\u00e3o tamb\u00e9m ao torque espec\u00edfico aplicado, recomendamos o uso de torqu\u00edmetro de acordo com a norma t\u00e9cnica para cada tipo de parafuso. Importante! Exceder o torque m\u00e1ximo descrito por norma espec\u00edfica pode provocar danos ao produto.<\/p><\/div>\n\n<div id=\"wp-block-themeisle-blocks-advanced-column-0ac0d7c0\" class=\"wp-block-themeisle-blocks-advanced-column\"><div class=\"wp-block-image\"><figure class=\"alignright size-full is-resized\"><img loading=\"lazy\" decoding=\"async\" width=\"1024\" height=\"683\" src=\"https:\/\/www.bulletmoto.com\/wp-content\/uploads\/2024\/09\/Montagem-parafusos.jpg\" alt=\"\" class=\"wp-image-84169\" style=\"width:393px;height:auto\" srcset=\"https:\/\/www.bulletmoto.com\/wp-content\/uploads\/2024\/09\/Montagem-parafusos.jpg 1024w, https:\/\/www.bulletmoto.com\/wp-content\/uploads\/2024\/09\/Montagem-parafusos-300x200.jpg 300w, https:\/\/www.bulletmoto.com\/wp-content\/uploads\/2024\/09\/Montagem-parafusos-768x512.jpg 768w, https:\/\/www.bulletmoto.com\/wp-content\/uploads\/2024\/09\/Montagem-parafusos-930x620.jpg 930w, https:\/\/www.bulletmoto.com\/wp-content\/uploads\/2024\/09\/Montagem-parafusos-600x400.jpg 600w\" sizes=\"auto, (max-width: 1024px) 100vw, 1024px\" \/><\/figure><\/div><\/div><\/div><\/div><figure class=\"wp-block-table is-style-stripes\" style=\"font-size:16px\"><table class=\"has-fixed-layout\"><thead><tr><th>Rosca m\u00e9trica<\/th><th><strong>Torque (especifica\u00e7\u00e3o min-m\u00e1x em N.m)<\/strong><\/th><\/tr><\/thead><tbody><tr><td>M6<\/td><td>08-12<\/td><\/tr><tr><td>M8<\/td><td>15-25<\/td><\/tr><tr><td>M10<\/td><td>30-40<\/td><\/tr><tr><td>M12<\/td><td>40-55<\/td><\/tr><\/tbody><\/table><\/figure><div id=\"wp-block-themeisle-blocks-advanced-columns-43879f5f\" class=\"wp-block-themeisle-blocks-advanced-columns has-2-columns has-desktop-equal-layout has-tablet-equal-layout has-mobile-collapsedRows-layout has-vertical-unset\"><div class=\"wp-block-themeisle-blocks-advanced-columns-overlay\"><\/div><div class=\"innerblocks-wrap\"><div id=\"wp-block-themeisle-blocks-advanced-column-0afe4198\" class=\"wp-block-themeisle-blocks-advanced-column\"><h5 class=\"wp-block-heading\"><strong>SEMIGUID\u00d5ES<\/strong><\/h5>\n\n<p style=\"font-size:16px\">Para substituir ou ajustar a barra do seu semiguid\u00e3o com facilidade e sem danificar a abra\u00e7adeira, retire os parafusos de aperto do tubo. Depois, insira-os pelo lado contr\u00e1rio da abra\u00e7adeira at\u00e9 que suas pontas apare\u00e7am dentro do corte. Utilize uma chapa fina, por exemplo um peda\u00e7o de l\u00e2mina de serra, no meio do corte, como na foto. Aperte ent\u00e3o os parafusos levemente e de modo alternado pressionando a chapa, o que for\u00e7ar\u00e1 a abertura do alojamento do tubo. Abra apenas o suficiente para que seja poss\u00edvel movimentar o tubo, n\u00e3o mais que isso para n\u00e3o correr o risco de fratura do material.<\/p>\n\n<div style=\"height:24px\" aria-hidden=\"true\" class=\"wp-block-spacer\"><\/div><\/div>\n\n<div id=\"wp-block-themeisle-blocks-advanced-column-ec251342\" class=\"wp-block-themeisle-blocks-advanced-column\"><div class=\"wp-block-image\"><figure class=\"aligncenter size-full is-resized\"><img loading=\"lazy\" decoding=\"async\" width=\"1024\" height=\"683\" src=\"https:\/\/www.bulletmoto.com\/wp-content\/uploads\/2024\/07\/Montagem-semiguidao.jpg\" alt=\"\" class=\"wp-image-509\" style=\"width:354px;height:auto\" srcset=\"https:\/\/www.bulletmoto.com\/wp-content\/uploads\/2024\/07\/Montagem-semiguidao.jpg 1024w, https:\/\/www.bulletmoto.com\/wp-content\/uploads\/2024\/07\/Montagem-semiguidao-300x200.jpg 300w, https:\/\/www.bulletmoto.com\/wp-content\/uploads\/2024\/07\/Montagem-semiguidao-768x512.jpg 768w, https:\/\/www.bulletmoto.com\/wp-content\/uploads\/2024\/07\/Montagem-semiguidao-930x620.jpg 930w, https:\/\/www.bulletmoto.com\/wp-content\/uploads\/2024\/07\/Montagem-semiguidao-600x400.jpg 600w\" sizes=\"auto, (max-width: 1024px) 100vw, 1024px\" \/><\/figure><\/div><\/div><\/div><\/div><ul class=\"wp-block-list\"><li><\/li><\/ul><blockquote class=\"wp-block-quote is-layout-flow wp-block-quote-is-layout-flow\"><div id=\"wp-block-themeisle-blocks-advanced-columns-04a4f457\" class=\"wp-block-themeisle-blocks-advanced-columns has-2-columns has-desktop-equal-layout has-tablet-equal-layout has-mobile-collapsedRows-layout has-vertical-unset\"><div class=\"wp-block-themeisle-blocks-advanced-columns-overlay\"><\/div><div class=\"innerblocks-wrap\"><div id=\"wp-block-themeisle-blocks-advanced-column-08e968a3\" class=\"wp-block-themeisle-blocks-advanced-column\"><h5 class=\"wp-block-heading\"><strong>MOLA DE RETORNO DE FREIO<\/strong><\/h5>\n\n<p style=\"font-size:16px\">Instalar a mola de retorno do pedal de freio \u00e9 muito simples. Basta seguir a posi\u00e7\u00e3o da foto ao lado.<br><\/p>\n\n<div style=\"height:200px\" aria-hidden=\"true\" class=\"wp-block-spacer\"><\/div><\/div>\n\n<div id=\"wp-block-themeisle-blocks-advanced-column-991d012d\" class=\"wp-block-themeisle-blocks-advanced-column\"><div class=\"wp-block-image\"><figure class=\"aligncenter size-full is-resized\"><img loading=\"lazy\" decoding=\"async\" width=\"559\" height=\"397\" src=\"https:\/\/www.bulletmoto.com\/wp-content\/uploads\/2024\/07\/Design-sem-nome.jpg\" alt=\"\" class=\"wp-image-510\" style=\"width:338px;height:auto\" srcset=\"https:\/\/www.bulletmoto.com\/wp-content\/uploads\/2024\/07\/Design-sem-nome.jpg 559w, https:\/\/www.bulletmoto.com\/wp-content\/uploads\/2024\/07\/Design-sem-nome-300x213.jpg 300w\" sizes=\"auto, (max-width: 559px) 100vw, 559px\" \/><\/figure><\/div><\/div><\/div><\/div>\n\n<div id=\"wp-block-themeisle-blocks-advanced-columns-df20531b\" class=\"wp-block-themeisle-blocks-advanced-columns has-2-columns has-desktop-equal-layout has-tablet-equal-layout has-mobile-collapsedRows-layout has-vertical-unset\"><div class=\"wp-block-themeisle-blocks-advanced-columns-overlay\"><\/div><div class=\"innerblocks-wrap\"><div id=\"wp-block-themeisle-blocks-advanced-column-579dc1f2\" class=\"wp-block-themeisle-blocks-advanced-column\"><h5 class=\"wp-block-heading\"><strong>PISANTE DE DESCANSO<\/strong><\/h5>\n\n<p style=\"font-size:16px\">Para montagem ou desmontagem utilize uma chave Fixa n\u00famero 19 no encaixe paralelo do pisante e uma chave n\u00famero 13 no parafuso<br>atr\u00e1s da pedaleira.<br>Sempre aplicar 1 a 2 gotas de cola trava roscas m\u00e9dio torque na montagem.<br>Sempre utilizar torqu\u00edmetro para aperto deste parafuso, torque 20 N.m.<br>Nunca reaproveite o parafuso quando houver a necessidade de substitui\u00e7\u00e3o do pisante por motivos de avaria.<\/p><\/div>\n\n<div id=\"wp-block-themeisle-blocks-advanced-column-4dd40194\" class=\"wp-block-themeisle-blocks-advanced-column\"><div class=\"wp-block-image\"><figure class=\"aligncenter size-large is-resized\"><img loading=\"lazy\" decoding=\"async\" width=\"1024\" height=\"683\" src=\"https:\/\/www.bulletmoto.com\/wp-content\/uploads\/2024\/07\/CBR1000RR-R-6463-scaled-1-1024x683.jpg\" alt=\"\" class=\"wp-image-511\" style=\"width:349px;height:auto\" srcset=\"https:\/\/www.bulletmoto.com\/wp-content\/uploads\/2024\/07\/CBR1000RR-R-6463-scaled-1-1024x683.jpg 1024w, https:\/\/www.bulletmoto.com\/wp-content\/uploads\/2024\/07\/CBR1000RR-R-6463-scaled-1-300x200.jpg 300w, https:\/\/www.bulletmoto.com\/wp-content\/uploads\/2024\/07\/CBR1000RR-R-6463-scaled-1-768x512.jpg 768w, https:\/\/www.bulletmoto.com\/wp-content\/uploads\/2024\/07\/CBR1000RR-R-6463-scaled-1-930x620.jpg 930w, https:\/\/www.bulletmoto.com\/wp-content\/uploads\/2024\/07\/CBR1000RR-R-6463-scaled-1-600x400.jpg 600w, https:\/\/www.bulletmoto.com\/wp-content\/uploads\/2024\/07\/CBR1000RR-R-6463-scaled-1.jpg 1536w\" sizes=\"auto, (max-width: 1024px) 100vw, 1024px\" \/><\/figure><\/div><\/div><\/div><\/div>\n\n<p><\/p>\n\n<div style=\"height:27px\" aria-hidden=\"true\" class=\"wp-block-spacer\"><\/div>\n\n<div id=\"wp-block-themeisle-blocks-advanced-columns-4dbe409b\" class=\"wp-block-themeisle-blocks-advanced-columns has-2-columns has-desktop-equal-layout has-tablet-equal-layout has-mobile-collapsedRows-layout has-vertical-unset\"><div class=\"wp-block-themeisle-blocks-advanced-columns-overlay\"><\/div><div class=\"innerblocks-wrap\"><div id=\"wp-block-themeisle-blocks-advanced-column-608c3b30\" class=\"wp-block-themeisle-blocks-advanced-column\"><h5 class=\"wp-block-heading\"><strong>PISANTE DE ACIONAMENTO<\/strong><\/h5>\n\n<p style=\"font-size:16px\">Para montagem ou desmontagem utilize uma chave Fixa n\u00famero 11 no encaixe paralelo na ponta do pisante e uma chave tipo Allen n\u00famero 4 no parafuso<br>atr\u00e1s do pedal.<br>Sempre aplicar 1 a 2 gotas de cola trava roscas m\u00e9dio torque na montagem.<br>Sempre utilizar torqu\u00edmetro para aperto deste parafuso, torque 12 N.m.<br>Nunca reaproveite o parafuso quando houver a substitui\u00e7\u00e3o do pisante por motivos de avaria.<\/p><\/div>\n\n<div id=\"wp-block-themeisle-blocks-advanced-column-e01a0d2f\" class=\"wp-block-themeisle-blocks-advanced-column\"><div class=\"wp-block-image\"><figure class=\"aligncenter size-large is-resized\"><img loading=\"lazy\" decoding=\"async\" width=\"1024\" height=\"683\" src=\"https:\/\/www.bulletmoto.com\/wp-content\/uploads\/2024\/07\/CBR1000RR-R-6449-scaled-1-1024x683.jpg\" alt=\"\" class=\"wp-image-512\" style=\"width:336px;height:auto\" srcset=\"https:\/\/www.bulletmoto.com\/wp-content\/uploads\/2024\/07\/CBR1000RR-R-6449-scaled-1-1024x683.jpg 1024w, https:\/\/www.bulletmoto.com\/wp-content\/uploads\/2024\/07\/CBR1000RR-R-6449-scaled-1-300x200.jpg 300w, https:\/\/www.bulletmoto.com\/wp-content\/uploads\/2024\/07\/CBR1000RR-R-6449-scaled-1-768x512.jpg 768w, https:\/\/www.bulletmoto.com\/wp-content\/uploads\/2024\/07\/CBR1000RR-R-6449-scaled-1-930x620.jpg 930w, https:\/\/www.bulletmoto.com\/wp-content\/uploads\/2024\/07\/CBR1000RR-R-6449-scaled-1-600x400.jpg 600w, https:\/\/www.bulletmoto.com\/wp-content\/uploads\/2024\/07\/CBR1000RR-R-6449-scaled-1.jpg 1536w\" sizes=\"auto, (max-width: 1024px) 100vw, 1024px\" \/><\/figure><\/div><\/div><\/div><\/div><\/blockquote>","protected":false},"excerpt":{"rendered":"<p>ANTES DE INSTALAR, CONFIRA ESSAS DICAS! Rosca m\u00e9trica Torque (especifica\u00e7\u00e3o min-m\u00e1x em N.m) M6 08-12 M8 15-25 M10 30-40 M12 40-55<\/p>\n","protected":false},"author":1,"featured_media":0,"parent":0,"menu_order":0,"comment_status":"closed","ping_status":"open","template":"","meta":{"neve_meta_sidebar":"","neve_meta_container":"","neve_meta_enable_content_width":"","neve_meta_content_width":0,"neve_meta_title_alignment":"","neve_meta_author_avatar":"","neve_post_elements_order":"","neve_meta_disable_header":"","neve_meta_disable_footer":"","neve_meta_disable_title":"","_themeisle_gutenberg_block_has_review":false,"footnotes":""},"class_list":["post-2","page","type-page","status-publish","hentry"],"_links":{"self":[{"href":"https:\/\/www.bulletmoto.com\/index.php\/wp-json\/wp\/v2\/pages\/2","targetHints":{"allow":["GET"]}}],"collection":[{"href":"https:\/\/www.bulletmoto.com\/index.php\/wp-json\/wp\/v2\/pages"}],"about":[{"href":"https:\/\/www.bulletmoto.com\/index.php\/wp-json\/wp\/v2\/types\/page"}],"author":[{"embeddable":true,"href":"https:\/\/www.bulletmoto.com\/index.php\/wp-json\/wp\/v2\/users\/1"}],"replies":[{"embeddable":true,"href":"https:\/\/www.bulletmoto.com\/index.php\/wp-json\/wp\/v2\/comments?post=2"}],"version-history":[{"count":12,"href":"https:\/\/www.bulletmoto.com\/index.php\/wp-json\/wp\/v2\/pages\/2\/revisions"}],"predecessor-version":[{"id":84171,"href":"https:\/\/www.bulletmoto.com\/index.php\/wp-json\/wp\/v2\/pages\/2\/revisions\/84171"}],"wp:attachment":[{"href":"https:\/\/www.bulletmoto.com\/index.php\/wp-json\/wp\/v2\/media?parent=2"}],"curies":[{"name":"wp","href":"https:\/\/api.w.org\/{rel}","templated":true}]}}