{"id":82305,"date":"2024-07-03T22:55:13","date_gmt":"2024-07-04T01:55:13","guid":{"rendered":"https:\/\/iterdigital.com.br\/bul\/?page_id=82305"},"modified":"2026-01-14T10:01:22","modified_gmt":"2026-01-14T13:01:22","slug":"semiguidoes","status":"publish","type":"page","link":"https:\/\/www.bulletmoto.com\/index.php\/semiguidoes\/","title":{"rendered":"Semiguid\u00f5es"},"content":{"rendered":"<div id=\"wp-block-themeisle-blocks-advanced-columns-4a2b3b9f\" class=\"wp-block-themeisle-blocks-advanced-columns has-1-columns has-desktop-equal-layout has-tablet-equal-layout has-mobile-equal-layout has-vertical-unset\"><div class=\"wp-block-themeisle-blocks-advanced-columns-overlay\"><\/div><div class=\"innerblocks-wrap\"><div id=\"wp-block-themeisle-blocks-advanced-column-26fd158e\" class=\"wp-block-themeisle-blocks-advanced-column\"><style id=\"wp_carousel_dynamic_css83079\">#sp-wp-carousel-free-id-83079 .wpcp-swiper-dots {margin: 40px 0px 0px 0px;}.wpcp-wrapper-83079 .swiper-wrapper .swiper-slide-kenburn, .wpcp-wrapper-83079 .swiper-wrapper, .wpcp-wrapper-83079 .wpcpro-row{align-items: center;}#sp-wp-carousel-free-id-83079 .wpcp-single-item {box-shadow: 0px 0px 0px 0px #dddddd;transition: all .3s;margin: 0px;}#sp-wp-carousel-free-id-83079.swiper-flip .wpcp-single-item{margin: 0!important;}#sp-wp-carousel-free-id-83079 .wpcp-single-item:hover {box-shadow: 0px 0px 0px 0px #dddddd;}#sp-wp-carousel-free-id-83079.sp-wpcp-83079 .wpcp-single-item {border: 1px solid #dddddd;}#sp-wp-carousel-free-id-83079.sp-wpcp-83079 .swiper-button-prev,#sp-wp-carousel-free-id-83079.sp-wpcp-83079 .swiper-button-next,#sp-wp-carousel-free-id-83079.sp-wpcp-83079 .swiper-button-prev:hover,#sp-wp-carousel-free-id-83079.sp-wpcp-83079 .swiper-button-next:hover {background: none;border: none;font-size: 30px;}#sp-wp-carousel-free-id-83079.sp-wpcp-83079 .swiper-button-prev i,#sp-wp-carousel-free-id-83079.sp-wpcp-83079 .swiper-button-next i {color: #000000;}#sp-wp-carousel-free-id-83079.sp-wpcp-83079 .swiper-button-prev i:hover,#sp-wp-carousel-free-id-83079.sp-wpcp-83079 .swiper-button-next i:hover {color: #f77d20;}#sp-wp-carousel-free-id-83079.sp-wpcp-83079 .wpcp-swiper-dots .swiper-pagination-bullet {background-color: #000000;}#sp-wp-carousel-free-id-83079.sp-wpcp-83079 .wpcp-swiper-dots .swiper-pagination-bullet.swiper-pagination-bullet-active {background-color: #e88025;}#sp-wp-carousel-free-id-83079 .wpcpro-row>[class*=\"wpcpro-col-\"] { padding: 0 10px; padding-bottom: 20px;} #sp-wp-carousel-free-id-83079 .swiper-slide .single-item-fade:not(:last-child) { margin-right: 20px;}@media (min-width: 480px) { .wpcpro-row .wpcpro-col-sm-1 { flex: 0 0 100%; max-width: 100%; } .wpcpro-row .wpcpro-col-sm-2 { flex: 0 0 50%; max-width: 50%; } .wpcpro-row .wpcpro-col-sm-2-5 { flex: 0 0 75%; max-width: 75%; } .wpcpro-row .wpcpro-col-sm-3 { flex: 0 0 33.333%; max-width: 33.333%; } .wpcpro-row .wpcpro-col-sm-4 { flex: 0 0 25%; max-width: 25%; } .wpcpro-row .wpcpro-col-sm-5 { flex: 0 0 20%; max-width: 20%; } .wpcpro-row .wpcpro-col-sm-6 { flex: 0 0 16.66666666666667%; max-width: 16.66666666666667%; } .wpcpro-row .wpcpro-col-sm-7 { flex: 0 0 14.28571428%; max-width: 14.28571428%; } .wpcpro-row .wpcpro-col-sm-8 { flex: 0 0 12.5%; max-width: 12.5%; } } @media (max-width: 480px) { .wpcpro-row .wpcpro-col-xs-1 { flex: 0 0 100%; max-width: 100%; } .wpcpro-row .wpcpro-col-xs-2 { flex: 0 0 50%; max-width: 50%; } .wpcpro-row .wpcpro-col-xs-3 { flex: 0 0 33.222%; max-width: 33.222%; } .wpcpro-row .wpcpro-col-xs-4 { flex: 0 0 25%; max-width: 25%; } .wpcpro-row .wpcpro-col-xs-5 { flex: 0 0 20%; max-width: 20%; } .wpcpro-row .wpcpro-col-xs-6 { flex: 0 0 16.6667%; max-width: 16.6667%; } .wpcpro-row .wpcpro-col-xs-7 { flex: 0 0 14.28571428%; max-width: 14.28571428%; } .wpcpro-row .wpcpro-col-xs-8 { flex: 0 0 12.5%; max-width: 12.5%; } } @media (min-width: 736px) { .wpcpro-row .wpcpro-col-md-1 { flex: 0 0 100%; max-width: 100%; } .wpcpro-row .wpcpro-col-md-2 { flex: 0 0 50%; max-width: 50%; } .wpcpro-row .wpcpro-col-md-2-5 { flex: 0 0 75%; max-width: 75%; } .wpcpro-row .wpcpro-col-md-3 { flex: 0 0 33.333%; max-width: 33.333%; } .wpcpro-row .wpcpro-col-md-4 { flex: 0 0 25%; max-width: 25%; } .wpcpro-row .wpcpro-col-md-5 { flex: 0 0 20%; max-width: 20%; } .wpcpro-row .wpcpro-col-md-6 { flex: 0 0 16.66666666666667%; max-width: 16.66666666666667%; } .wpcpro-row .wpcpro-col-md-7 { flex: 0 0 14.28571428%; max-width: 14.28571428%; } .wpcpro-row .wpcpro-col-md-8 { flex: 0 0 12.5%; max-width: 12.5%; } } @media (min-width: 980px) { .wpcpro-row .wpcpro-col-lg-1 { flex: 0 0 100%; max-width: 100%; } .wpcpro-row .wpcpro-col-lg-2 { flex: 0 0 50%; max-width: 50%; } .wpcpro-row .wpcpro-col-lg-3 { flex: 0 0 33.222%; max-width: 33.222%; } .wpcpro-row .wpcpro-col-lg-4 { flex: 0 0 25%; max-width: 25%; } .wpcpro-row .wpcpro-col-lg-5 { flex: 0 0 20%; max-width: 20%; } .wpcpro-row .wpcpro-col-lg-6 { flex: 0 0 16.6667%; max-width: 16.6667%; } .wpcpro-row .wpcpro-col-lg-7 { flex: 0 0 14.28571428%; max-width: 14.28571428%; } .wpcpro-row .wpcpro-col-lg-8 { flex: 0 0 12.5%; max-width: 12.5%; } } @media (min-width: 1200px) { .wpcpro-row .wpcpro-col-xl-1 { flex: 0 0 100%; max-width: 100%; } .wpcpro-row .wpcpro-col-xl-2 { flex: 0 0 50%; max-width: 50%; } .wpcpro-row .wpcpro-col-xl-3 { flex: 0 0 33.22222222%; max-width: 33.22222222%; } .wpcpro-row .wpcpro-col-xl-4 { flex: 0 0 25%; max-width: 25%; } .wpcpro-row .wpcpro-col-xl-5 { flex: 0 0 20%; max-width: 20%; } .wpcpro-row .wpcpro-col-xl-6 { flex: 0 0 16.66667%; max-width: 16.66667%; } .wpcpro-row .wpcpro-col-xl-7 { flex: 0 0 14.28571428%; max-width: 14.28571428%; } .wpcpro-row .wpcpro-col-xl-8 { flex: 0 0 12.5%; max-width: 12.5%; } }<\/style><div class=\"wpcp-carousel-wrapper wpcp-wrapper-83079\">\n\t<div id=\"wpcp-preloader-83079\" class=\"wpcp-carousel-preloader\"><img decoding=\"async\" src=\"https:\/\/www.bulletmoto.com\/wp-content\/plugins\/wp-carousel-free\/public\/css\/spinner.svg\" alt=\"Preloader Image\" \/><\/div>\t<div class=\"wpcp-carousel-content-wrapper\">\n\t<div id=\"sp-wp-carousel-free-id-83079\" class=\"wpcp-carousel-section sp-wpcp-83079  nav-vertical-center wpcp-image-carousel wpcp-preloader wpcp-standard\" data-swiper='{ &quot;accessibility&quot;:true, &quot;spaceBetween&quot;:20, &quot;arrows&quot;:true, &quot;freeMode&quot;: false, &quot;autoplay&quot;:true, &quot;effect&quot;: &quot;&quot;, &quot;centerMode&quot;: false, &quot;autoplaySpeed&quot;:3000, &quot;dots&quot;:true, &quot;infinite&quot;:true, &quot;speed&quot;:600, &quot;pauseOnHover&quot;:true,\n\t\t\t&quot;slidesToShow&quot;:{&quot;lg_desktop&quot;:1, &quot;desktop&quot;: 1, &quot;laptop&quot;: 1, &quot;tablet&quot;: 1, &quot;mobile&quot;: 1}, &quot;responsive&quot;:{&quot;desktop&quot;:1200, &quot;laptop&quot;: 980, &quot;tablet&quot;: 736, &quot;mobile&quot;: 480}, &quot;rtl&quot;:false, &quot;lazyLoad&quot;: &quot;false&quot;, &quot;swipe&quot;: true, &quot;draggable&quot;: true, &quot;swipeToSlide&quot;:false }' dir=\"ltr\">\n\t\t<div class=\"swiper-wrapper\">\n\t\t<div class=\"swiper-slide\">\n\t<div class=\"wpcp-single-item\">\n\t\t\t<a class=\"wcp-light-box\" data-buttons='[\"close\"]' data-wpc_url='https:\/\/www.bulletmoto.com\/wp-content\/uploads\/2024\/08\/25012023-IMG_6641-1024x707-1.jpg' href=\"https:\/\/www.bulletmoto.com\/wp-content\/uploads\/2024\/08\/25012023-IMG_6641-1024x707-1.jpg\" data-fancybox=\"wpcp_view\">\n\t\t<figure>\n\t\t\t<img loading=\"lazy\" decoding=\"async\" class=\"skip-lazy\" src=\"https:\/\/www.bulletmoto.com\/wp-content\/uploads\/2024\/08\/25012023-IMG_6641-1024x707-1.jpg\" alt=\"25012023-IMG_6641-1024x707\" width=\"1024\" height=\"707\">\t\t<\/figure>\n\t<\/a>\n\t\t<\/div>\n<\/div>\n\t<div class=\"swiper-slide\">\n\t<div class=\"wpcp-single-item\">\n\t\t\t<a class=\"wcp-light-box\" data-buttons='[\"close\"]' data-wpc_url='https:\/\/www.bulletmoto.com\/wp-content\/uploads\/2024\/08\/GP-6.jpg' href=\"https:\/\/www.bulletmoto.com\/wp-content\/uploads\/2024\/08\/GP-6.jpg\" data-fancybox=\"wpcp_view\">\n\t\t<figure>\n\t\t\t<img loading=\"lazy\" decoding=\"async\" class=\"skip-lazy\" src=\"https:\/\/www.bulletmoto.com\/wp-content\/uploads\/2024\/08\/GP-6.jpg\" alt=\"GP-6\" width=\"1024\" height=\"683\">\t\t<\/figure>\n\t<\/a>\n\t\t<\/div>\n<\/div>\n\t<div class=\"swiper-slide\">\n\t<div class=\"wpcp-single-item\">\n\t\t\t<a class=\"wcp-light-box\" data-buttons='[\"close\"]' data-wpc_url='https:\/\/www.bulletmoto.com\/wp-content\/uploads\/2024\/08\/Semiguidao_GP_UP-5.jpg' href=\"https:\/\/www.bulletmoto.com\/wp-content\/uploads\/2024\/08\/Semiguidao_GP_UP-5.jpg\" data-fancybox=\"wpcp_view\">\n\t\t<figure>\n\t\t\t<img loading=\"lazy\" decoding=\"async\" class=\"skip-lazy\" src=\"https:\/\/www.bulletmoto.com\/wp-content\/uploads\/2024\/08\/Semiguidao_GP_UP-5.jpg\" alt=\"Semiguid\u00e3o_GP_UP-5\" width=\"1024\" height=\"683\">\t\t<\/figure>\n\t<\/a>\n\t\t<\/div>\n<\/div>\n\t<div class=\"swiper-slide\">\n\t<div class=\"wpcp-single-item\">\n\t\t\t<a class=\"wcp-light-box\" data-buttons='[\"close\"]' data-wpc_url='https:\/\/www.bulletmoto.com\/wp-content\/uploads\/2024\/08\/Semiguidoes-mod.-UP-Preto7.jpg' href=\"https:\/\/www.bulletmoto.com\/wp-content\/uploads\/2024\/08\/Semiguidoes-mod.-UP-Preto7.jpg\" data-fancybox=\"wpcp_view\">\n\t\t<figure>\n\t\t\t<img loading=\"lazy\" decoding=\"async\" class=\"skip-lazy\" src=\"https:\/\/www.bulletmoto.com\/wp-content\/uploads\/2024\/08\/Semiguidoes-mod.-UP-Preto7.jpg\" alt=\"Semiguid\u00f5es-mod.-UP-Preto7\" width=\"1024\" height=\"683\">\t\t<\/figure>\n\t<\/a>\n\t\t<\/div>\n<\/div>\n\t<div class=\"swiper-slide\">\n\t<div class=\"wpcp-single-item\">\n\t\t\t<a class=\"wcp-light-box\" data-buttons='[\"close\"]' data-wpc_url='https:\/\/www.bulletmoto.com\/wp-content\/uploads\/2024\/08\/Semiguidao_GP_UP-2.jpg' href=\"https:\/\/www.bulletmoto.com\/wp-content\/uploads\/2024\/08\/Semiguidao_GP_UP-2.jpg\" data-fancybox=\"wpcp_view\">\n\t\t<figure>\n\t\t\t<img loading=\"lazy\" decoding=\"async\" class=\"skip-lazy\" src=\"https:\/\/www.bulletmoto.com\/wp-content\/uploads\/2024\/08\/Semiguidao_GP_UP-2.jpg\" alt=\"Semiguid\u00e3o_GP_UP-2\" width=\"1024\" height=\"683\">\t\t<\/figure>\n\t<\/a>\n\t\t<\/div>\n<\/div>\n\t\t\t<\/div>\n\t\t\t\t\t<div class=\"wpcp-swiper-dots swiper-pagination\"><\/div>\n\t\t\t\t<!-- If we need navigation buttons -->\n\t\t\t\t\t<div class=\"wpcp-prev-button swiper-button-prev\"><i class=\"fa fa-angle-left\"><\/i><\/div>\n\t\t\t<div class=\"wpcp-next-button swiper-button-next\"><i class=\"fa fa-angle-right\"><\/i><\/div>\n\t\t\t<\/div>\n\t<\/div>\n<\/div>\n<\/div><\/div><\/div><div id=\"wp-block-themeisle-blocks-advanced-columns-49f2b761\" class=\"wp-block-themeisle-blocks-advanced-columns has-1-columns has-desktop-equal-layout has-tablet-equal-layout has-mobile-equal-layout has-vertical-unset\"><div class=\"wp-block-themeisle-blocks-advanced-columns-overlay\"><\/div><div class=\"innerblocks-wrap\"><div id=\"wp-block-themeisle-blocks-advanced-column-89267435\" class=\"wp-block-themeisle-blocks-advanced-column\"><h2 class=\"wp-block-heading has-text-align-center\">sEmiguid\u00f5es<\/h2>\n\n<div class=\"wp-block-buttons is-content-justification-center is-layout-flex wp-container-core-buttons-is-layout-16018d1d wp-block-buttons-is-layout-flex\"><div class=\"wp-block-button\"><a class=\"wp-block-button__link wp-element-button\" href=\"https:\/\/loja.bulletmoto.com\/Categoria\/5a17f534cb10d10bd4f72304\">COMPRAR<\/a><\/div><\/div><\/div><\/div><\/div><p>Os semiguid\u00f5es Bullet&nbsp;foram desenvolvidos para substituir&nbsp;os semiguid\u00f5es ou guid\u00f5es originais de motocicletas, tanto esportivas como outros modelos e permitir, ao piloto profissional ou amador, uma postura ergon\u00f4mica ideal para motovelocidade. Em alguns modelos de motos, altera\u00e7\u00f5es&nbsp;podem ser necess\u00e1rias&nbsp;para a instala\u00e7\u00e3o.<\/p><p>As abra\u00e7adeiras de fixa\u00e7\u00e3o permitem uma r\u00e1pida instala\u00e7\u00e3o e os tubos dos semiguid\u00f5es s\u00e3o pe\u00e7as independentes, para uma f\u00e1cil substitui\u00e7\u00e3o em casos de queda. Assim, garantimos economia para os consumidores e competitividade para os pilotos.<\/p><p><strong>Semiguid\u00f5es modelo GP<\/strong><\/p><p><strong>At\u00e9 \u00d847mm R$640,00 \u2013\u00a0Acima de \u00d848mm R$690,00<\/strong><\/p><p>Consulte-nos sobre seu modelo<\/p><div id=\"wp-block-themeisle-blocks-advanced-columns-1248bb25\" class=\"wp-block-themeisle-blocks-advanced-columns has-1-columns has-desktop-equal-layout has-tablet-equal-layout has-mobile-equal-layout has-vertical-unset\"><div class=\"wp-block-themeisle-blocks-advanced-columns-overlay\"><\/div><div class=\"innerblocks-wrap\"><div id=\"wp-block-themeisle-blocks-advanced-column-381cc8be\" class=\"wp-block-themeisle-blocks-advanced-column\"><div class=\"wp-block-image\"><figure class=\"alignleft\"><img decoding=\"async\" src=\"https:\/\/www.bulletmoto.com\/Imagens\/2011\/10\/GP-Natural-4-150x150.jpg\" alt=\"\" class=\"wp-image-669\" title=\"GP Natural 4\"\/><\/figure><\/div>\n\n<p>O modelo GP foi desenvolvido para uso profissional em pistas, atendendo a rigorosos quesitos de desempenho em competi\u00e7\u00f5es de&nbsp;motovelocidade. Estes possuem um sistema de presilhas refor\u00e7adas&nbsp;confeccionadas em liga especial de alum\u00ednio com alt\u00edssima resist\u00eancia mec\u00e2nica, a mesma empregada em componentes para motos de campeonatos mundiais,&nbsp;como o WSBK e o Moto GP.&nbsp;Os tubos dos semiguid\u00f5es possuem acabamento esf\u00e9rico&nbsp;nas pontas, confeccionado&nbsp;em pl\u00e1stico de engenharia,&nbsp;o mesmo material de nossos sliders. Dispon\u00edvel em v\u00e1rias medidas.<\/p><\/div><\/div><\/div><p><strong>Semiguid\u00f5es modelo GP2 \u2013 R$725,00<\/strong><\/p><div id=\"wp-block-themeisle-blocks-advanced-columns-f95166cb\" class=\"wp-block-themeisle-blocks-advanced-columns has-1-columns has-desktop-equal-layout has-tablet-equal-layout has-mobile-equal-layout has-vertical-unset\"><div class=\"wp-block-themeisle-blocks-advanced-columns-overlay\"><\/div><div class=\"innerblocks-wrap\"><div id=\"wp-block-themeisle-blocks-advanced-column-09a74b72\" class=\"wp-block-themeisle-blocks-advanced-column\"><div class=\"wp-block-image\"><figure class=\"alignleft\"><img decoding=\"async\" src=\"https:\/\/www.bulletmoto.com\/Imagens\/2019\/03\/Semiguidao_GP_UP-1-150x150.jpg\" alt=\"\" class=\"wp-image-2740\"\/><\/figure><\/div>\n\n<p>O modelo GP2 atende a necessidade de algumas motos em que se faz necess\u00e1rio o desvio da mesa. Veja tabela abaixo. Dispon\u00edveis nas medidas \u00d841mm, \u00d848mm e \u00d850mm.<\/p><\/div><\/div><\/div><p><strong>Semiguid\u00f5es modelo GP3 \u2013 De R$875,00 a R$1055,00<\/strong><\/p><div id=\"wp-block-themeisle-blocks-advanced-columns-93aaa93c\" class=\"wp-block-themeisle-blocks-advanced-columns has-1-columns has-desktop-equal-layout has-tablet-equal-layout has-mobile-equal-layout has-vertical-unset\"><div class=\"wp-block-themeisle-blocks-advanced-columns-overlay\"><\/div><div class=\"innerblocks-wrap\"><div id=\"wp-block-themeisle-blocks-advanced-column-0bf6e1da\" class=\"wp-block-themeisle-blocks-advanced-column\"><div class=\"wp-block-image\"><figure class=\"alignleft\"><img decoding=\"async\" src=\"https:\/\/www.bulletmoto.com\/Imagens\/2022\/04\/SemiguidaoS1000RR-6386-150x150.jpg\" alt=\"\" class=\"wp-image-3110\"\/><\/figure><\/div>\n\n<p>O modelo GP3 foi desenvolvido com uma leve eleva\u00e7\u00e3o e com o posicionamento lateral \u00e0 mesa da moto. Os demais modelos tem o posicionamento para frente da mesa. Dispon\u00edvel nas medidas \u00d850mm e \u00d855mm.<\/p><\/div><\/div><\/div><p><strong>Semiguid\u00f5es modelo UP \u2013 R$ 670,00<\/strong><\/p><div class=\"wp-block-image\"><figure class=\"alignleft\"><img decoding=\"async\" src=\"https:\/\/www.bulletmoto.com\/Imagens\/2018\/07\/Semiguid%C3%B5es-mod.-UP-Preto7-150x150.jpg\" alt=\"\" class=\"wp-image-2641\"\/><\/figure><\/div><p>Em algumas motos n\u00e3o \u00e9 poss\u00edvel a substitui\u00e7\u00e3o dos guid\u00f5es originais por semiguid\u00f5es do tipo GP,&nbsp;&nbsp;devido \u00e0 interfer\u00eancia destes na ester\u00e7abilidade, uma vez que podem encostar no tanque, na carenagem e etc.&nbsp;&nbsp;Por isso, desenvolvemos um sistema de semiguid\u00f5es de postura intermedi\u00e1ria. O&nbsp;&nbsp;modelo Up, n\u00e3o t\u00e3o baixo quanto o GP, por\u00e9m mais baixo que o original, proporciona ao piloto uma postura mais esportiva. As presilhas s\u00e3o confecionadas em alum\u00ednio de alta resist\u00eancia e as barras em alum\u00ednio maci\u00e7o com rosca M6 para fixa\u00e7\u00e3o dos terminais de guid\u00e3o Bullet ou originais da moto. Dispon\u00edvel nas medida \u00d841mm e \u00d843mm.<\/p><div style=\"height:53px\" aria-hidden=\"true\" class=\"wp-block-spacer\"><\/div><p><strong>Tubos para reposi\u00e7\u00e3o \u2013 mod.\u00a0<\/strong><strong>GP R$105,00 cada e\u00a0 mod.\u00a0<\/strong><strong>UP R$155,00 cada<\/strong><\/p><div class=\"wp-block-image\"><figure class=\"alignleft\"><img decoding=\"async\" src=\"https:\/\/www.bulletmoto.com\/Imagens\/2018\/07\/IMG_1346-scaled-e1684848087100-150x150.jpg\" alt=\"\" class=\"wp-image-82253\"\/><\/figure><\/div><p>Caso seja necess\u00e1ria a substitui\u00e7\u00e3o dos&nbsp;tubos do seu semiguid\u00e3o Bullet, voc\u00ea pode adquirir&nbsp; uma nova pe\u00e7a&nbsp; e substitu\u00ed-la&nbsp;de maneira simples e r\u00e1pida.<\/p><p><\/p><p><\/p><div style=\"height:20px\" aria-hidden=\"true\" class=\"wp-block-spacer\"><\/div><p><strong>Veja o modelo para sua moto<\/strong><\/p><p>Todos os modelos de motos, em especial as esportivas, podem receber um semiguid\u00e3o. Por\u00e9m,&nbsp;alguns modelos de motos podem exigir adapta\u00e7\u00f5es para permitir a instala\u00e7\u00e3o (vide * na tabela). Se n\u00e3o encontrar seu modelo de moto na lista, consulte-nos para receber mais informa\u00e7\u00f5es.<\/p><figure class=\"wp-block-table is-style-stripes\"><table><thead><tr><th>Marca<\/th><th>Modelo<\/th><th>Ano<\/th><th>Semiguid\u00e3o<\/th><\/tr><\/thead><tbody><tr><td>Aprilia<\/td><td>RSV4 1000<\/td><td>2011+<\/td><td>GP<\/td><\/tr><tr><td>BMW<\/td><td>S1000RR<\/td><td>2011-2019<\/td><td>GP<\/td><\/tr><tr><td>BMW<\/td><td>S1000RR<\/td><td>2020+<\/td><td>GP3<\/td><\/tr><tr><td>Ducati<\/td><td>749<\/td><td>&#8211;<\/td><td>GP<\/td><\/tr><tr><td>Ducati<\/td><td>749<\/td><td>&#8211;<\/td><td>GP<\/td><\/tr><tr><td>Ducati<\/td><td>848<\/td><td>&#8211;<\/td><td>GP<\/td><\/tr><tr><td>Ducati<\/td><td>996<\/td><td>&#8211;<\/td><td>GP<\/td><\/tr><tr><td>Ducati<\/td><td>998<\/td><td>&#8211;<\/td><td>GP<\/td><\/tr><tr><td>Ducati<\/td><td>999<\/td><td>&#8211;<\/td><td>GP<\/td><\/tr><tr><td>Ducati<\/td><td>1098<\/td><td>&#8211;<\/td><td>GP<\/td><\/tr><tr><td>Ducati<\/td><td>1198<\/td><td>&#8211;<\/td><td>GP<\/td><\/tr><tr><td>Ducati<\/td><td>1199 Panigale<\/td><td>&#8211;<\/td><td>GP<\/td><\/tr><tr><td>Ducati<\/td><td>Desmosedici 16 RR<\/td><td>&#8211;<\/td><td>GP<\/td><\/tr><tr><td>Harley Davidson<\/td><td>XR1200<\/td><td>&#8211;<\/td><td>GP + Barras especiais<\/td><\/tr><tr><td>Honda<\/td><td>CG 150 Sport<\/td><td>2005-2008<\/td><td>GP*<\/td><\/tr><tr><td>Honda<\/td><td>CBX 250 Twister<\/td><td>2001-2008<\/td><td>GP<\/td><\/tr><tr><td>Honda<\/td><td>CB 300 R<\/td><td>2010+<\/td><td>GP*<\/td><\/tr><tr><td>Honda<\/td><td>CB 400\/450<\/td><td>&#8211;<\/td><td>GP<\/td><\/tr><tr><td>Honda<\/td><td>CB 500<\/td><td>1997-2005<\/td><td>GP<\/td><\/tr><tr><td>Honda<\/td><td>CB 600 F Hornet<\/td><td>2005-2007<\/td><td>GP\/UP<\/td><\/tr><tr><td>Honda<\/td><td>CBR 250R<\/td><td>2013+<\/td><td>GP<\/td><\/tr><tr><td>Honda<\/td><td>CBR 500R<\/td><td>2013+<\/td><td>GP<\/td><\/tr><tr><td>Honda<\/td><td>CBR 600 RR<\/td><td>2008<\/td><td>GP2<\/td><\/tr><tr><td>Honda<\/td><td>CBR 650 R<\/td><td>2020<\/td><td>GP2<\/td><\/tr><tr><td>Honda<\/td><td>CBR 954<\/td><td>2002-2003<\/td><td>GP<\/td><\/tr><tr><td>Honda<\/td><td>CBR 1000 RR<\/td><td>2004-2007<\/td><td>GP2<\/td><\/tr><tr><td>Honda<\/td><td>CBR 1000 RR<\/td><td>2008+<\/td><td>GP2<\/td><\/tr><tr><td>Honda<\/td><td>CBR 1000 RR-R<\/td><td>2022+<\/td><td>GP<\/td><\/tr><tr><td>KTM<\/td><td>Duke 390<\/td><td>2015+<\/td><td>GP<\/td><\/tr><tr><td>KTM<\/td><td>1190 RC8<\/td><td>&#8211;<\/td><td>GP<\/td><\/tr><tr><td>Kasisnki<\/td><td>Comet 250\/650<\/td><td><\/td><td>GP<\/td><\/tr><tr><td>Kawasaki<\/td><td>Ninja 250<\/td><td>2009-2012<\/td><td>GP<\/td><\/tr><tr><td>Kawasaki<\/td><td>Ninja 300<\/td><td>2013+<\/td><td>GP<\/td><\/tr><tr><td>Kawasaki<\/td><td>Ninja 400<\/td><td><\/td><td>GP*\/GP2<\/td><\/tr><tr><td>Kawasaki<\/td><td>ZX-6R<\/td><td>&#8211;<\/td><td>GP<\/td><\/tr><tr><td>Kawasaki<\/td><td>ZX-6R-636<\/td><td>&#8211;<\/td><td>GP<\/td><\/tr><tr><td>Kawasaki<\/td><td>Z750<\/td><td>&#8211;<\/td><td>UP<\/td><\/tr><tr><td>Kawasaki<\/td><td>ZX-10R<\/td><td>2005+<\/td><td>GP\/GP3<\/td><\/tr><tr><td>MV Agusta<\/td><td>F4<\/td><td>&#8211;<\/td><td>GP<\/td><\/tr><tr><td>Suzuki<\/td><td>GS 500<\/td><td>&#8211;<\/td><td>GP<\/td><\/tr><tr><td>Suzuki<\/td><td>Bandit 600\/650 N<\/td><td>&#8211;<\/td><td>GP<\/td><\/tr><tr><td>Suzuki<\/td><td>Bandit 600\/650 S\/N<\/td><td>&#8211;<\/td><td>UP<\/td><\/tr><tr><td>Suzuki<\/td><td>Bandit 1200 N<\/td><td>&#8211;<\/td><td>GP<\/td><\/tr><tr><td>Suzuki<\/td><td>Bandit 1200 S<\/td><td>&#8211;<\/td><td>UP<\/td><\/tr><tr><td>Suzuki<\/td><td>Bandit 1250 S<\/td><td>&#8211;<\/td><td>UP<\/td><\/tr><tr><td>Suzuki<\/td><td>GSX 650 F<\/td><td>&#8211;<\/td><td>UP<\/td><\/tr><tr><td>Suzuki<\/td><td>GSX 750 F<\/td><td>&#8211;<\/td><td>GP\/UP<\/td><\/tr><tr><td>Suzuki<\/td><td>GSX R 750 W<\/td><td>&#8211;<\/td><td>GP<\/td><\/tr><tr><td>Suzuki<\/td><td>GSX R 1100 W<\/td><td>&#8211;<\/td><td>GP<\/td><\/tr><tr><td>Suzuki<\/td><td>TL 1000<\/td><td>&#8211;<\/td><td>GP<\/td><\/tr><tr><td>Suzuki<\/td><td>GSX R 750 Srad<\/td><td>1996+<\/td><td>GP2<\/td><\/tr><tr><td>Suzuki<\/td><td>GSX R 1000 Srad<\/td><td>2001+<\/td><td>GP2<\/td><\/tr><tr><td>Triumph<\/td><td>Daytona 675i<\/td><td>2006+<\/td><td>GP<\/td><\/tr><tr><td>Triumph<\/td><td>Daytona 955<\/td><td>2008+<\/td><td>GP<\/td><\/tr><tr><td>Triumph<\/td><td>Boneville T100<\/td><td>&#8211;<\/td><td>UP + Barras especiais<\/td><\/tr><tr><td>Triumph<\/td><td>Speed Triple 1051<\/td><td>2011-2016<\/td><td>GP<\/td><\/tr><tr><td>Triumph<\/td><td>Thruxton 900<\/td><td>&#8211;<\/td><td>UP + Barras especiais<\/td><\/tr><tr><td>Yamaha<\/td><td>RD\/RDZ<\/td><td>&#8211;<\/td><td>GP*<\/td><\/tr><tr><td>Yamaha<\/td><td>RD 350<\/td><td>&#8211;<\/td><td>GP*<\/td><\/tr><tr><td>Yamaha<\/td><td>XJ6N<\/td><td>2011+<\/td><td>UP<\/td><\/tr><tr><td>Yamaha<\/td><td>XJ6F<\/td><td>2011+<\/td><td>UP*<\/td><\/tr><tr><td>Yamaha<\/td><td>R3<\/td><td>2016+<\/td><td>GP<\/td><\/tr><tr><td>Yamaha<\/td><td>R6<\/td><td>&#8211;<\/td><td>GP<\/td><\/tr><tr><td>Yamaha<\/td><td>R1<\/td><td>&#8211;<\/td><td>GP<\/td><\/tr><\/tbody><\/table><\/figure><p><strong>*<\/strong>Exige altera\u00e7\u00f5es na&nbsp;moto para instala\u00e7\u00e3o (carenagens, suportes de farol, etc). Consulte-nos para saber mais.<\/p><p>Barras especiais \u2013 Algumas motos exigem barras fora do padr\u00e3o convencional de di\u00e2metro e\/ou comprimento. Consulte-nos sobre o pre\u00e7o nesses casos.<\/p>","protected":false},"excerpt":{"rendered":"<p>Os semiguid\u00f5es Bullet&nbsp;foram desenvolvidos para substituir&nbsp;os semiguid\u00f5es ou guid\u00f5es originais de motocicletas, tanto esportivas como outros modelos e permitir, ao piloto profissional ou amador, uma postura ergon\u00f4mica ideal para motovelocidade. Em alguns modelos de motos, altera\u00e7\u00f5es&nbsp;podem ser necess\u00e1rias&nbsp;para a instala\u00e7\u00e3o. As abra\u00e7adeiras de fixa\u00e7\u00e3o permitem uma r\u00e1pida instala\u00e7\u00e3o e os tubos dos semiguid\u00f5es s\u00e3o pe\u00e7as&hellip;&nbsp;<a href=\"https:\/\/www.bulletmoto.com\/index.php\/semiguidoes\/\" class=\"\" rel=\"bookmark\">Continue a ler &raquo;<span class=\"screen-reader-text\">Semiguid\u00f5es<\/span><\/a><\/p>\n","protected":false},"author":2,"featured_media":0,"parent":0,"menu_order":0,"comment_status":"closed","ping_status":"closed","template":"","meta":{"neve_meta_sidebar":"","neve_meta_container":"","neve_meta_enable_content_width":"","neve_meta_content_width":0,"neve_meta_title_alignment":"","neve_meta_author_avatar":"","neve_post_elements_order":"","neve_meta_disable_header":"","neve_meta_disable_footer":"","neve_meta_disable_title":"","_themeisle_gutenberg_block_has_review":false,"footnotes":""},"class_list":["post-82305","page","type-page","status-publish","hentry"],"_links":{"self":[{"href":"https:\/\/www.bulletmoto.com\/index.php\/wp-json\/wp\/v2\/pages\/82305","targetHints":{"allow":["GET"]}}],"collection":[{"href":"https:\/\/www.bulletmoto.com\/index.php\/wp-json\/wp\/v2\/pages"}],"about":[{"href":"https:\/\/www.bulletmoto.com\/index.php\/wp-json\/wp\/v2\/types\/page"}],"author":[{"embeddable":true,"href":"https:\/\/www.bulletmoto.com\/index.php\/wp-json\/wp\/v2\/users\/2"}],"replies":[{"embeddable":true,"href":"https:\/\/www.bulletmoto.com\/index.php\/wp-json\/wp\/v2\/comments?post=82305"}],"version-history":[{"count":29,"href":"https:\/\/www.bulletmoto.com\/index.php\/wp-json\/wp\/v2\/pages\/82305\/revisions"}],"predecessor-version":[{"id":84490,"href":"https:\/\/www.bulletmoto.com\/index.php\/wp-json\/wp\/v2\/pages\/82305\/revisions\/84490"}],"wp:attachment":[{"href":"https:\/\/www.bulletmoto.com\/index.php\/wp-json\/wp\/v2\/media?parent=82305"}],"curies":[{"name":"wp","href":"https:\/\/api.w.org\/{rel}","templated":true}]}}