{"id":82329,"date":"2024-07-03T23:35:06","date_gmt":"2024-07-04T02:35:06","guid":{"rendered":"https:\/\/iterdigital.com.br\/bul\/?page_id=82329"},"modified":"2026-01-14T17:29:24","modified_gmt":"2026-01-14T20:29:24","slug":"sliders_de_eixo_de_roda","status":"publish","type":"page","link":"https:\/\/www.bulletmoto.com\/index.php\/sliders_de_eixo_de_roda\/","title":{"rendered":"Sliders de eixo de roda"},"content":{"rendered":"<style id=\"wp_carousel_dynamic_css83107\">#sp-wp-carousel-free-id-83107 .wpcp-swiper-dots {margin: 40px 0px 0px 0px;}.wpcp-wrapper-83107 .swiper-wrapper .swiper-slide-kenburn, .wpcp-wrapper-83107 .swiper-wrapper, .wpcp-wrapper-83107 .wpcpro-row{align-items: center;}#sp-wp-carousel-free-id-83107 .wpcp-single-item {box-shadow: 0px 0px 0px 0px #dddddd;transition: all .3s;margin: 0px;}#sp-wp-carousel-free-id-83107.swiper-flip .wpcp-single-item{margin: 0!important;}#sp-wp-carousel-free-id-83107 .wpcp-single-item:hover {box-shadow: 0px 0px 0px 0px #dddddd;}#sp-wp-carousel-free-id-83107.sp-wpcp-83107 .wpcp-single-item {border: 1px solid #dddddd;}#sp-wp-carousel-free-id-83107.sp-wpcp-83107 .swiper-button-prev,#sp-wp-carousel-free-id-83107.sp-wpcp-83107 .swiper-button-next,#sp-wp-carousel-free-id-83107.sp-wpcp-83107 .swiper-button-prev:hover,#sp-wp-carousel-free-id-83107.sp-wpcp-83107 .swiper-button-next:hover {background: none;border: none;font-size: 30px;}#sp-wp-carousel-free-id-83107.sp-wpcp-83107 .swiper-button-prev i,#sp-wp-carousel-free-id-83107.sp-wpcp-83107 .swiper-button-next i {color: #000000;}#sp-wp-carousel-free-id-83107.sp-wpcp-83107 .swiper-button-prev i:hover,#sp-wp-carousel-free-id-83107.sp-wpcp-83107 .swiper-button-next i:hover {color: #e88625;}#sp-wp-carousel-free-id-83107.sp-wpcp-83107 .wpcp-swiper-dots .swiper-pagination-bullet {background-color: #000000;}#sp-wp-carousel-free-id-83107.sp-wpcp-83107 .wpcp-swiper-dots .swiper-pagination-bullet.swiper-pagination-bullet-active {background-color: #ea8623;}#sp-wp-carousel-free-id-83107 .wpcpro-row>[class*=\"wpcpro-col-\"] { padding: 0 10px; padding-bottom: 20px;} #sp-wp-carousel-free-id-83107 .swiper-slide .single-item-fade:not(:last-child) { margin-right: 20px;}@media (min-width: 480px) { .wpcpro-row .wpcpro-col-sm-1 { flex: 0 0 100%; max-width: 100%; } .wpcpro-row .wpcpro-col-sm-2 { flex: 0 0 50%; max-width: 50%; } .wpcpro-row .wpcpro-col-sm-2-5 { flex: 0 0 75%; max-width: 75%; } .wpcpro-row .wpcpro-col-sm-3 { flex: 0 0 33.333%; max-width: 33.333%; } .wpcpro-row .wpcpro-col-sm-4 { flex: 0 0 25%; max-width: 25%; } .wpcpro-row .wpcpro-col-sm-5 { flex: 0 0 20%; max-width: 20%; } .wpcpro-row .wpcpro-col-sm-6 { flex: 0 0 16.66666666666667%; max-width: 16.66666666666667%; } .wpcpro-row .wpcpro-col-sm-7 { flex: 0 0 14.28571428%; max-width: 14.28571428%; } .wpcpro-row .wpcpro-col-sm-8 { flex: 0 0 12.5%; max-width: 12.5%; } } @media (max-width: 480px) { .wpcpro-row .wpcpro-col-xs-1 { flex: 0 0 100%; max-width: 100%; } .wpcpro-row .wpcpro-col-xs-2 { flex: 0 0 50%; max-width: 50%; } .wpcpro-row .wpcpro-col-xs-3 { flex: 0 0 33.222%; max-width: 33.222%; } .wpcpro-row .wpcpro-col-xs-4 { flex: 0 0 25%; max-width: 25%; } .wpcpro-row .wpcpro-col-xs-5 { flex: 0 0 20%; max-width: 20%; } .wpcpro-row .wpcpro-col-xs-6 { flex: 0 0 16.6667%; max-width: 16.6667%; } .wpcpro-row .wpcpro-col-xs-7 { flex: 0 0 14.28571428%; max-width: 14.28571428%; } .wpcpro-row .wpcpro-col-xs-8 { flex: 0 0 12.5%; max-width: 12.5%; } } @media (min-width: 736px) { .wpcpro-row .wpcpro-col-md-1 { flex: 0 0 100%; max-width: 100%; } .wpcpro-row .wpcpro-col-md-2 { flex: 0 0 50%; max-width: 50%; } .wpcpro-row .wpcpro-col-md-2-5 { flex: 0 0 75%; max-width: 75%; } .wpcpro-row .wpcpro-col-md-3 { flex: 0 0 33.333%; max-width: 33.333%; } .wpcpro-row .wpcpro-col-md-4 { flex: 0 0 25%; max-width: 25%; } .wpcpro-row .wpcpro-col-md-5 { flex: 0 0 20%; max-width: 20%; } .wpcpro-row .wpcpro-col-md-6 { flex: 0 0 16.66666666666667%; max-width: 16.66666666666667%; } .wpcpro-row .wpcpro-col-md-7 { flex: 0 0 14.28571428%; max-width: 14.28571428%; } .wpcpro-row .wpcpro-col-md-8 { flex: 0 0 12.5%; max-width: 12.5%; } } @media (min-width: 980px) { .wpcpro-row .wpcpro-col-lg-1 { flex: 0 0 100%; max-width: 100%; } .wpcpro-row .wpcpro-col-lg-2 { flex: 0 0 50%; max-width: 50%; } .wpcpro-row .wpcpro-col-lg-3 { flex: 0 0 33.222%; max-width: 33.222%; } .wpcpro-row .wpcpro-col-lg-4 { flex: 0 0 25%; max-width: 25%; } .wpcpro-row .wpcpro-col-lg-5 { flex: 0 0 20%; max-width: 20%; } .wpcpro-row .wpcpro-col-lg-6 { flex: 0 0 16.6667%; max-width: 16.6667%; } .wpcpro-row .wpcpro-col-lg-7 { flex: 0 0 14.28571428%; max-width: 14.28571428%; } .wpcpro-row .wpcpro-col-lg-8 { flex: 0 0 12.5%; max-width: 12.5%; } } @media (min-width: 1200px) { .wpcpro-row .wpcpro-col-xl-1 { flex: 0 0 100%; max-width: 100%; } .wpcpro-row .wpcpro-col-xl-2 { flex: 0 0 50%; max-width: 50%; } .wpcpro-row .wpcpro-col-xl-3 { flex: 0 0 33.22222222%; max-width: 33.22222222%; } .wpcpro-row .wpcpro-col-xl-4 { flex: 0 0 25%; max-width: 25%; } .wpcpro-row .wpcpro-col-xl-5 { flex: 0 0 20%; max-width: 20%; } .wpcpro-row .wpcpro-col-xl-6 { flex: 0 0 16.66667%; max-width: 16.66667%; } .wpcpro-row .wpcpro-col-xl-7 { flex: 0 0 14.28571428%; max-width: 14.28571428%; } .wpcpro-row .wpcpro-col-xl-8 { flex: 0 0 12.5%; max-width: 12.5%; } }<\/style><div class=\"wpcp-carousel-wrapper wpcp-wrapper-83107\">\n\t<div id=\"wpcp-preloader-83107\" class=\"wpcp-carousel-preloader\"><img decoding=\"async\" src=\"https:\/\/www.bulletmoto.com\/wp-content\/plugins\/wp-carousel-free\/public\/css\/spinner.svg\" alt=\"Preloader Image\" \/><\/div>\t<div class=\"wpcp-carousel-content-wrapper\">\n\t<div id=\"sp-wp-carousel-free-id-83107\" class=\"wpcp-carousel-section sp-wpcp-83107  nav-vertical-center wpcp-image-carousel wpcp-preloader wpcp-standard\" data-swiper='{ &quot;accessibility&quot;:true, &quot;spaceBetween&quot;:20, &quot;arrows&quot;:true, &quot;freeMode&quot;: false, &quot;autoplay&quot;:true, &quot;effect&quot;: &quot;&quot;, &quot;centerMode&quot;: false, &quot;autoplaySpeed&quot;:3000, &quot;dots&quot;:true, &quot;infinite&quot;:true, &quot;speed&quot;:600, &quot;pauseOnHover&quot;:true,\n\t\t\t&quot;slidesToShow&quot;:{&quot;lg_desktop&quot;:1, &quot;desktop&quot;: 1, &quot;laptop&quot;: 1, &quot;tablet&quot;: 1, &quot;mobile&quot;: 1}, &quot;responsive&quot;:{&quot;desktop&quot;:1200, &quot;laptop&quot;: 980, &quot;tablet&quot;: 736, &quot;mobile&quot;: 480}, &quot;rtl&quot;:false, &quot;lazyLoad&quot;: &quot;false&quot;, &quot;swipe&quot;: true, &quot;draggable&quot;: true, &quot;swipeToSlide&quot;:false }' dir=\"ltr\">\n\t\t<div class=\"swiper-wrapper\">\n\t\t<div class=\"swiper-slide\">\n\t<div class=\"wpcp-single-item\">\n\t\t\t<a class=\"wcp-light-box\" data-buttons='[\"close\"]' data-wpc_url='https:\/\/www.bulletmoto.com\/wp-content\/uploads\/2024\/08\/SlidereixoS1000RR_2020-scaled-1170x707-1-1024x619.jpg' href=\"https:\/\/www.bulletmoto.com\/wp-content\/uploads\/2024\/08\/SlidereixoS1000RR_2020-scaled-1170x707-1.jpg\" data-fancybox=\"wpcp_view\">\n\t\t<figure>\n\t\t\t<img loading=\"lazy\" decoding=\"async\" class=\"skip-lazy\" src=\"https:\/\/www.bulletmoto.com\/wp-content\/uploads\/2024\/08\/SlidereixoS1000RR_2020-scaled-1170x707-1-1024x619.jpg\" alt=\"SlidereixoS1000RR_2020-scaled-1170x707\" width=\"1024\" height=\"619\">\t\t<\/figure>\n\t<\/a>\n\t\t<\/div>\n<\/div>\n\t<div class=\"swiper-slide\">\n\t<div class=\"wpcp-single-item\">\n\t\t\t<a class=\"wcp-light-box\" data-buttons='[\"close\"]' data-wpc_url='https:\/\/www.bulletmoto.com\/wp-content\/uploads\/2024\/08\/Slider-de-eixo-com-guia-Panigale-1024x683.jpg' href=\"https:\/\/www.bulletmoto.com\/wp-content\/uploads\/2024\/08\/Slider-de-eixo-com-guia-Panigale.jpg\" data-fancybox=\"wpcp_view\">\n\t\t<figure>\n\t\t\t<img loading=\"lazy\" decoding=\"async\" class=\"skip-lazy\" src=\"https:\/\/www.bulletmoto.com\/wp-content\/uploads\/2024\/08\/Slider-de-eixo-com-guia-Panigale-1024x683.jpg\" alt=\"Slider de eixo com guia - Panigale\" width=\"1024\" height=\"683\">\t\t<\/figure>\n\t<\/a>\n\t\t<\/div>\n<\/div>\n\t<div class=\"swiper-slide\">\n\t<div class=\"wpcp-single-item\">\n\t\t\t<a class=\"wcp-light-box\" data-buttons='[\"close\"]' data-wpc_url='https:\/\/www.bulletmoto.com\/wp-content\/uploads\/2024\/08\/IMG-20220808-WA0003-1024x768.jpg' href=\"https:\/\/www.bulletmoto.com\/wp-content\/uploads\/2024\/08\/IMG-20220808-WA0003.jpg\" data-fancybox=\"wpcp_view\">\n\t\t<figure>\n\t\t\t<img loading=\"lazy\" decoding=\"async\" class=\"skip-lazy\" src=\"https:\/\/www.bulletmoto.com\/wp-content\/uploads\/2024\/08\/IMG-20220808-WA0003-1024x768.jpg\" alt=\"IMG-20220808-WA0003\" width=\"1024\" height=\"768\">\t\t<\/figure>\n\t<\/a>\n\t\t<\/div>\n<\/div>\n\t<div class=\"swiper-slide\">\n\t<div class=\"wpcp-single-item\">\n\t\t\t<a class=\"wcp-light-box\" data-buttons='[\"close\"]' data-wpc_url='https:\/\/www.bulletmoto.com\/wp-content\/uploads\/2024\/08\/SlidereixoS1000RR_2020-2-1-1024x683.jpg' href=\"https:\/\/www.bulletmoto.com\/wp-content\/uploads\/2024\/08\/SlidereixoS1000RR_2020-2-1-scaled.jpg\" data-fancybox=\"wpcp_view\">\n\t\t<figure>\n\t\t\t<img loading=\"lazy\" decoding=\"async\" class=\"skip-lazy\" src=\"https:\/\/www.bulletmoto.com\/wp-content\/uploads\/2024\/08\/SlidereixoS1000RR_2020-2-1-1024x683.jpg\" alt=\"SlidereixoS1000RR_2020-2\" width=\"1024\" height=\"683\">\t\t<\/figure>\n\t<\/a>\n\t\t<\/div>\n<\/div>\n\t<div class=\"swiper-slide\">\n\t<div class=\"wpcp-single-item\">\n\t\t\t<a class=\"wcp-light-box\" data-buttons='[\"close\"]' data-wpc_url='https:\/\/www.bulletmoto.com\/wp-content\/uploads\/2024\/08\/Guia-slider-de-eixo.jpg' href=\"https:\/\/www.bulletmoto.com\/wp-content\/uploads\/2024\/08\/Guia-slider-de-eixo.jpg\" data-fancybox=\"wpcp_view\">\n\t\t<figure>\n\t\t\t<img loading=\"lazy\" decoding=\"async\" class=\"skip-lazy\" src=\"https:\/\/www.bulletmoto.com\/wp-content\/uploads\/2024\/08\/Guia-slider-de-eixo.jpg\" alt=\"Guia + slider de eixo\" width=\"1000\" height=\"667\">\t\t<\/figure>\n\t<\/a>\n\t\t<\/div>\n<\/div>\n\t\t\t<\/div>\n\t\t\t\t\t<div class=\"wpcp-swiper-dots swiper-pagination\"><\/div>\n\t\t\t\t<!-- If we need navigation buttons -->\n\t\t\t\t\t<div class=\"wpcp-prev-button swiper-button-prev\"><i class=\"fa fa-angle-left\"><\/i><\/div>\n\t\t\t<div class=\"wpcp-next-button swiper-button-next\"><i class=\"fa fa-angle-right\"><\/i><\/div>\n\t\t\t<\/div>\n\t<\/div>\n<\/div>\n<div id=\"wp-block-themeisle-blocks-advanced-columns-b4dd077e\" class=\"wp-block-themeisle-blocks-advanced-columns has-1-columns has-desktop-equal-layout has-tablet-equal-layout has-mobile-equal-layout has-vertical-unset\"><div class=\"wp-block-themeisle-blocks-advanced-columns-overlay\"><\/div><div class=\"innerblocks-wrap\"><div id=\"wp-block-themeisle-blocks-advanced-column-2d1a0e6d\" class=\"wp-block-themeisle-blocks-advanced-column\"><h2 class=\"wp-block-heading has-text-align-center\">Sliders de eixo de roda<\/h2>\n\n<div class=\"wp-block-buttons is-content-justification-center is-layout-flex wp-container-core-buttons-is-layout-16018d1d wp-block-buttons-is-layout-flex\"><div class=\"wp-block-button\"><a class=\"wp-block-button__link wp-element-button\" href=\"https:\/\/loja.bulletmoto.com\/Categoria\/5a17f54ecb10d0074c68d752\">COMPRAR<\/a><\/div><\/div>\n\n<div style=\"height:67px\" aria-hidden=\"true\" class=\"wp-block-spacer\"><\/div>\n\n<div class=\"wp-block-image\"><figure class=\"alignleft size-full is-resized\"><img loading=\"lazy\" decoding=\"async\" width=\"400\" height=\"300\" src=\"https:\/\/www.bulletmoto.com\/wp-content\/uploads\/2024\/08\/24072020-SlidereixoS1000RR_2020-2-4.jpg\" alt=\"\" class=\"wp-image-84075\" style=\"width:200px\" srcset=\"https:\/\/www.bulletmoto.com\/wp-content\/uploads\/2024\/08\/24072020-SlidereixoS1000RR_2020-2-4.jpg 400w, https:\/\/www.bulletmoto.com\/wp-content\/uploads\/2024\/08\/24072020-SlidereixoS1000RR_2020-2-4-300x225.jpg 300w\" sizes=\"auto, (max-width: 400px) 100vw, 400px\" \/><\/figure><\/div>\n\n<p><strong>Sliders para Eixo de Roda Standard \u2013 R$265,00 cada par (dianteiro ou traseiro)<\/strong><\/p>\n\n<p>Este sistema de sliders \u00e9 instalado no eixo da roda dianteira e\/ou traseira.<\/p>\n\n<p>O par para&nbsp;a roda dianteira tem como fun\u00e7\u00e3o proteger as pontas de bengalas e complementar a a\u00e7\u00e3o dos sliders de chassi, sendo mais um ponto de apoio na moto em casos de queda. Os sliders de eixo de roda traseira&nbsp;protegem a ponta da balan\u00e7a e, em alguma situa\u00e7\u00f5es,&nbsp;complementam a a\u00e7\u00e3o dos demais sliders.<\/p>\n\n<div class=\"wp-block-image\"><figure class=\"alignleft size-full is-resized\"><img loading=\"lazy\" decoding=\"async\" width=\"1500\" height=\"1000\" src=\"https:\/\/www.bulletmoto.com\/wp-content\/uploads\/2024\/08\/Slider-de-eixo-com-guia-Panigale.jpg\" alt=\"\" class=\"wp-image-84074\" style=\"width:200px\" srcset=\"https:\/\/www.bulletmoto.com\/wp-content\/uploads\/2024\/08\/Slider-de-eixo-com-guia-Panigale.jpg 1500w, https:\/\/www.bulletmoto.com\/wp-content\/uploads\/2024\/08\/Slider-de-eixo-com-guia-Panigale-300x200.jpg 300w, https:\/\/www.bulletmoto.com\/wp-content\/uploads\/2024\/08\/Slider-de-eixo-com-guia-Panigale-1024x683.jpg 1024w, https:\/\/www.bulletmoto.com\/wp-content\/uploads\/2024\/08\/Slider-de-eixo-com-guia-Panigale-768x512.jpg 768w, https:\/\/www.bulletmoto.com\/wp-content\/uploads\/2024\/08\/Slider-de-eixo-com-guia-Panigale-930x620.jpg 930w, https:\/\/www.bulletmoto.com\/wp-content\/uploads\/2024\/08\/Slider-de-eixo-com-guia-Panigale-600x400.jpg 600w\" sizes=\"auto, (max-width: 1500px) 100vw, 1500px\" \/><\/figure><\/div>\n\n<p><strong>Slider de Eixo de Roda para Supermoto c\/ Guia para Cavalete \u2013 R$297,00 cada par (dianteiro ou traseiro)<\/strong><\/p>\n\n<p>Este sistema, al\u00e9m da fun\u00e7\u00e3o de prote\u00e7\u00e3o descrita acima, tamb\u00e9m permite o uso de cavaletes para suspender a moto pelo eixo dianteiro ou traseiro. Seu diferencial \u00e9 o uso em motos que n\u00e3o possuem na balan\u00e7a pontos de fixa\u00e7\u00e3o de guias de cavalete e em motos com balan\u00e7a do tipo monobra\u00e7o, que necessitariam um cavalete especial.<\/p>\n\n<div style=\"height:57px\" aria-hidden=\"true\" class=\"wp-block-spacer\"><\/div>\n\n<p><strong>Modelos dispon\u00edveis<\/strong><\/p>\n\n<figure class=\"wp-block-table is-style-stripes\"><table><thead><tr><th>Marca<\/th><th>Modelo<\/th><th>Ano<\/th><th>Slider eixo<\/th><\/tr><\/thead><tbody><tr><td>BMW<\/td><td>S 1000 R<\/td><td>2014-16<\/td><td>Dianteiro \/ Traseiro<\/td><\/tr><tr><td>BMW<\/td><td>S 1000 RR<\/td><td>2010-2011<\/td><td>Dianteiro\/ Traseiro<\/td><\/tr><tr><td>BMW<\/td><td>S 1000 RR<\/td><td>2012+<\/td><td>Dianteiro\/ Traseiro<\/td><\/tr><tr><td>BMW<\/td><td>S 1000 XR<\/td><td>2016+<\/td><td>Dianteiro\/ Traseiro<\/td><\/tr><tr><td>Ducati<\/td><td>1198 S<\/td><td>&#8211;<\/td><td>Dianteiro\/ Traseiro c\/ guia<\/td><\/tr><tr><td>Ducati<\/td><td>Monster 695<\/td><td>&#8211;<\/td><td>Dianteiro\/ Traseiro STD\/Guia<\/td><\/tr><tr><td>Ducati<\/td><td>Monster 696<\/td><td>&#8211;<\/td><td>Dianteiro\/ Traseiro STD\/Guia<\/td><\/tr><tr><td>Ducati<\/td><td>Monster 796<\/td><td>&#8211;<\/td><td>Traseiro c\/ guia<\/td><\/tr><tr><td>Ducati<\/td><td>Monster 1200 S<\/td><td>&#8211;<\/td><td>Dianteiro\/Traseiro c\/ guia<\/td><\/tr><tr><td>Ducati<\/td><td>Multistrada 950S<\/td><td>&#8211;<\/td><td>Dianteiro \/ Traseiro<\/td><\/tr><tr><td>Ducati<\/td><td>Multistrada 1200<\/td><td>&#8211;<\/td><td>Dianteiro \/ Traseiro c\/ guia<\/td><\/tr><tr><td>Ducati<\/td><td>Hypermotard 821<\/td><td>&#8211;<\/td><td>Dianteiro \/ Traseiro c\/ guia<\/td><\/tr><tr><td>Ducati<\/td><td>Hyperstrada 821<\/td><td>&#8211;<\/td><td>Dianteiro \/ Traseiro c\/ guia<\/td><\/tr><tr><td>Ducati<\/td><td>Hypermotard 1100<\/td><td>2008-2012<\/td><td>Dianteiro \/ Traseiro c\/ guia<\/td><\/tr><tr><td>Ducati<\/td><td>Panigale 959<\/td><td>&#8211;<\/td><td>Dianteiro \/ Traseiro<\/td><\/tr><tr><td>Ducati<\/td><td>Panigale 1199 \/ 1299<\/td><td>&#8211;<\/td><td>Dianteiro \/ Traseiro c\/ guia<\/td><\/tr><tr><td>Ducati<\/td><td>StreetFighter V4S<\/td><td>&#8211;<\/td><td>Dianteiro\/Traseiro c\/ guia<\/td><\/tr><tr><td>Ducati<\/td><td>Supersport S<\/td><td>&#8211;<\/td><td>Dianteiro\/Traseiro c\/ guia<\/td><\/tr><tr><td>Ducati<\/td><td>V4S<\/td><td>&#8211;<\/td><td>Dianteiro\/Traseiro c\/ guia<\/td><\/tr><tr><td>Honda<\/td><td>CRF 450<\/td><td>&#8211;<\/td><td>Dianteiro \/ Traseiro Supermoto<\/td><\/tr><tr><td>Honda<\/td><td>CB 600 F Hornet<\/td><td>2008+<\/td><td>Dianteiro*<\/td><\/tr><tr><td>Honda<\/td><td>CBR 600F<\/td><td>2012+<\/td><td>Dianteiro*<\/td><\/tr><tr><td>Honda<\/td><td>CBR 600 RR<\/td><td>2014-2017<\/td><td>Dianteiro\/Traseiro<\/td><\/tr><tr><td>Honda<\/td><td>CBR 1000 RR<\/td><td>2008-2020<\/td><td>Dianteiro\/ Traseiro<\/td><\/tr><tr><td>Honda<\/td><td>CBR 1000 RR-R<\/td><td>2022+<\/td><td>Dianteiro\/ Traseiro*<\/td><\/tr><tr><td>KTM<\/td><td>1190 RC8<\/td><td>2009+<\/td><td>Dianteiro\/ Traseiro<\/td><\/tr><tr><td>Kawasaki<\/td><td>KX 450 F<\/td><td>2014+<\/td><td>Dianteiro e Traseiro Supermoto<\/td><\/tr><tr><td>Kawasaki<\/td><td>ZX-6R<\/td><td>2007+<\/td><td>Dianteiro\/ Traseiro<\/td><\/tr><tr><td>Kawasaki<\/td><td>ZX-6R 636<\/td><td>2013+<\/td><td>Dianteiro\/Traseiro<\/td><\/tr><tr><td>Kawasaki<\/td><td>Ninja 650R<\/td><td>2018+<\/td><td>Dianteiro\/Traseiro<\/td><\/tr><tr><td>Kawasaki<\/td><td>Z650<\/td><td>2018+<\/td><td>Dianteiro\/Traseiro<\/td><\/tr><tr><td>Kawasaki<\/td><td>ZX-10R<\/td><td>2011+<\/td><td>Dianteiro\/ Traseiro<\/td><\/tr><tr><td>MV Agusta<\/td><td>F4<\/td><td>2010+<\/td><td>Dianteiro \/ Traseiro STD\/Guia<\/td><\/tr><tr><td>MV Agusta<\/td><td>Brutale 800<\/td><td>2014+<\/td><td>Dianteiro<\/td><\/tr><tr><td>MV Agusta<\/td><td>F3 800<\/td><td>2014+<\/td><td>Dianteiro<\/td><\/tr><tr><td>MV Agusta<\/td><td>Rivale 800<\/td><td>2014+<\/td><td>Dianteiro<\/td><\/tr><tr><td>Suzuki<\/td><td>GSX S 1000<\/td><td>2015+<\/td><td>Dianteiro\/ Traseiro<\/td><\/tr><tr><td>Suzuki<\/td><td>GSX R 750 Srad<\/td><td>2007+<\/td><td>Dianteiro\/ Traseiro<\/td><\/tr><tr><td>Suzuki<\/td><td>GSX R 1000 Srad<\/td><td>2008+<\/td><td>Dianteiro\/Traseiro<\/td><\/tr><tr><td>Triumph<\/td><td>Daytona 675<\/td><td>2006+<\/td><td>Dianteiro\/Traseiro<\/td><\/tr><tr><td>Triumph<\/td><td>Daytona 955<\/td><td>2006+<\/td><td>Traseiro Guia<\/td><\/tr><tr><td>Triumph<\/td><td>Tiger 1050 Sport \/ ABS<\/td><td>2007-2018<\/td><td>Dianteiro\/Traseiro<\/td><\/tr><tr><td>Triumph<\/td><td>Speed Triple<\/td><td>2006-2010<\/td><td>Dianteiro\/ Traseiro STD\/Guia<\/td><\/tr><tr><td>Triumph<\/td><td>Speed Triple<\/td><td>2011+<\/td><td>Dianteiro\/Traseiro STD\/Guia<\/td><\/tr><tr><td>Triumph<\/td><td>Street Triple<\/td><td>&#8211;<\/td><td>Dianteiro\/Traseiro<\/td><\/tr><tr><td>Triumph<\/td><td>Street Triple 765 RS<\/td><td>2017+<\/td><td>Dianteiro\/Traseiro<\/td><\/tr><tr><td>Triumph<\/td><td>Trident 660<\/td><td>2021+<\/td><td>Dianteiro\/Traseiro<\/td><\/tr><tr><td>Yamanha<\/td><td>YZ450F<\/td><td>&#8211;<\/td><td>Dianteiro\/Traseiro guia<\/td><\/tr><tr><td>Yamanha<\/td><td>MT-09<\/td><td>2015-<\/td><td>Dianteiro*<\/td><\/tr><tr><td>Yamaha<\/td><td>R3<\/td><td>2014&#8230;<\/td><td>Dianteiro*\/Traseiro*<\/td><\/tr><tr><td>Yamaha<\/td><td>R1<\/td><td>2007-2008<\/td><td>Dianteiro<\/td><\/tr><tr><td>Yamaha<\/td><td>R1<\/td><td>2009-2015<\/td><td>Dianteiro\/Traseiro<\/td><\/tr><\/tbody><\/table><\/figure>\n\n<p><strong>*<\/strong>Exige altera\u00e7\u00f5es no eixo para instala\u00e7\u00e3o.<\/p><\/div><\/div><\/div>","protected":false},"excerpt":{"rendered":"","protected":false},"author":2,"featured_media":0,"parent":0,"menu_order":0,"comment_status":"closed","ping_status":"closed","template":"","meta":{"neve_meta_sidebar":"","neve_meta_container":"","neve_meta_enable_content_width":"","neve_meta_content_width":0,"neve_meta_title_alignment":"","neve_meta_author_avatar":"","neve_post_elements_order":"","neve_meta_disable_header":"","neve_meta_disable_footer":"","neve_meta_disable_title":"","_themeisle_gutenberg_block_has_review":false,"footnotes":""},"class_list":["post-82329","page","type-page","status-publish","hentry"],"_links":{"self":[{"href":"https:\/\/www.bulletmoto.com\/index.php\/wp-json\/wp\/v2\/pages\/82329","targetHints":{"allow":["GET"]}}],"collection":[{"href":"https:\/\/www.bulletmoto.com\/index.php\/wp-json\/wp\/v2\/pages"}],"about":[{"href":"https:\/\/www.bulletmoto.com\/index.php\/wp-json\/wp\/v2\/types\/page"}],"author":[{"embeddable":true,"href":"https:\/\/www.bulletmoto.com\/index.php\/wp-json\/wp\/v2\/users\/2"}],"replies":[{"embeddable":true,"href":"https:\/\/www.bulletmoto.com\/index.php\/wp-json\/wp\/v2\/comments?post=82329"}],"version-history":[{"count":13,"href":"https:\/\/www.bulletmoto.com\/index.php\/wp-json\/wp\/v2\/pages\/82329\/revisions"}],"predecessor-version":[{"id":84517,"href":"https:\/\/www.bulletmoto.com\/index.php\/wp-json\/wp\/v2\/pages\/82329\/revisions\/84517"}],"wp:attachment":[{"href":"https:\/\/www.bulletmoto.com\/index.php\/wp-json\/wp\/v2\/media?parent=82329"}],"curies":[{"name":"wp","href":"https:\/\/api.w.org\/{rel}","templated":true}]}}