{"id":82333,"date":"2024-07-03T23:37:42","date_gmt":"2024-07-04T02:37:42","guid":{"rendered":"https:\/\/iterdigital.com.br\/bul\/?page_id=82333"},"modified":"2026-01-14T15:06:50","modified_gmt":"2026-01-14T18:06:50","slug":"suporte_de_escapamento","status":"publish","type":"page","link":"https:\/\/www.bulletmoto.com\/index.php\/suporte_de_escapamento\/","title":{"rendered":"Suporte de escapamento"},"content":{"rendered":"<div id=\"wp-block-themeisle-blocks-advanced-columns-0e970fe6\" class=\"wp-block-themeisle-blocks-advanced-columns has-1-columns has-desktop-equal-layout has-tablet-equal-layout has-mobile-equal-layout has-vertical-unset\"><div class=\"wp-block-themeisle-blocks-advanced-columns-overlay\"><\/div><div class=\"innerblocks-wrap\"><div id=\"wp-block-themeisle-blocks-advanced-column-0a27e04b\" class=\"wp-block-themeisle-blocks-advanced-column\"><div class=\"wp-block-image\"><figure class=\"aligncenter size-full\"><img loading=\"lazy\" decoding=\"async\" width=\"480\" height=\"480\" src=\"https:\/\/www.bulletmoto.com\/wp-content\/uploads\/2019\/03\/DSC03633-4-480x480-1.jpg\" alt=\"\" class=\"wp-image-507\" srcset=\"https:\/\/www.bulletmoto.com\/wp-content\/uploads\/2019\/03\/DSC03633-4-480x480-1.jpg 480w, https:\/\/www.bulletmoto.com\/wp-content\/uploads\/2019\/03\/DSC03633-4-480x480-1-300x300.jpg 300w, https:\/\/www.bulletmoto.com\/wp-content\/uploads\/2019\/03\/DSC03633-4-480x480-1-150x150.jpg 150w, https:\/\/www.bulletmoto.com\/wp-content\/uploads\/2019\/03\/DSC03633-4-480x480-1-100x100.jpg 100w\" sizes=\"auto, (max-width: 480px) 100vw, 480px\" \/><\/figure><\/div><\/div><\/div><\/div><div id=\"wp-block-themeisle-blocks-advanced-columns-13c89c45\" class=\"wp-block-themeisle-blocks-advanced-columns has-1-columns has-desktop-equal-layout has-tablet-equal-layout has-mobile-equal-layout has-vertical-unset\"><div class=\"wp-block-themeisle-blocks-advanced-columns-overlay\"><\/div><div class=\"innerblocks-wrap\"><div id=\"wp-block-themeisle-blocks-advanced-column-cbe6980f\" class=\"wp-block-themeisle-blocks-advanced-column\"><div style=\"height:62px\" aria-hidden=\"true\" class=\"wp-block-spacer\"><\/div>\n\n<h2 class=\"wp-block-heading has-text-align-center\">Suporte de escapamento<\/h2>\n\n<div class=\"wp-block-buttons is-content-justification-center is-layout-flex wp-container-core-buttons-is-layout-16018d1d wp-block-buttons-is-layout-flex\"><div class=\"wp-block-button\"><a class=\"wp-block-button__link wp-element-button\" href=\"https:\/\/loja.bulletmoto.com\/Categoria\/5a17f594cb10d309f0d7e68a\">COMPRAR<\/a><\/div><\/div>\n\n<div style=\"height:20px\" aria-hidden=\"true\" class=\"wp-block-spacer\"><\/div>\n\n<p class=\"has-text-align-center\">Desenvolvemos suportes de escapamento para motos que necessitam dessa altera\u00e7\u00e3o para instala\u00e7\u00e3o de escapamentos de alta performance para competi\u00e7\u00e3o.<\/p>\n\n<p class=\"has-text-align-center\">Dispon\u00edveis para: S1000RR 2010-2015, GSX-R 1000 2018+, ZX-4R, ZX-6R, ZX-6R 636 2020+, ZX-10R 2010+, R3, Ninja 300R e Ninja 250R.<\/p>\n\n<p class=\"has-text-align-center\">R$300,00<\/p>\n\n<p class=\"has-text-align-center\">Consulte-nos sobre sua necessidade.<\/p>\n\n<div style=\"height:62px\" aria-hidden=\"true\" class=\"wp-block-spacer\"><\/div><\/div><\/div><\/div>","protected":false},"excerpt":{"rendered":"","protected":false},"author":2,"featured_media":0,"parent":0,"menu_order":0,"comment_status":"closed","ping_status":"closed","template":"","meta":{"neve_meta_sidebar":"","neve_meta_container":"","neve_meta_enable_content_width":"","neve_meta_content_width":0,"neve_meta_title_alignment":"","neve_meta_author_avatar":"","neve_post_elements_order":"","neve_meta_disable_header":"","neve_meta_disable_footer":"","neve_meta_disable_title":"","_themeisle_gutenberg_block_has_review":false,"footnotes":""},"class_list":["post-82333","page","type-page","status-publish","hentry"],"_links":{"self":[{"href":"https:\/\/www.bulletmoto.com\/index.php\/wp-json\/wp\/v2\/pages\/82333","targetHints":{"allow":["GET"]}}],"collection":[{"href":"https:\/\/www.bulletmoto.com\/index.php\/wp-json\/wp\/v2\/pages"}],"about":[{"href":"https:\/\/www.bulletmoto.com\/index.php\/wp-json\/wp\/v2\/types\/page"}],"author":[{"embeddable":true,"href":"https:\/\/www.bulletmoto.com\/index.php\/wp-json\/wp\/v2\/users\/2"}],"replies":[{"embeddable":true,"href":"https:\/\/www.bulletmoto.com\/index.php\/wp-json\/wp\/v2\/comments?post=82333"}],"version-history":[{"count":9,"href":"https:\/\/www.bulletmoto.com\/index.php\/wp-json\/wp\/v2\/pages\/82333\/revisions"}],"predecessor-version":[{"id":84495,"href":"https:\/\/www.bulletmoto.com\/index.php\/wp-json\/wp\/v2\/pages\/82333\/revisions\/84495"}],"wp:attachment":[{"href":"https:\/\/www.bulletmoto.com\/index.php\/wp-json\/wp\/v2\/media?parent=82333"}],"curies":[{"name":"wp","href":"https:\/\/api.w.org\/{rel}","templated":true}]}}