{"id":82338,"date":"2024-07-03T23:42:15","date_gmt":"2024-07-04T02:42:15","guid":{"rendered":"https:\/\/iterdigital.com.br\/bul\/?page_id=82338"},"modified":"2026-01-14T15:44:32","modified_gmt":"2026-01-14T18:44:32","slug":"guia","status":"publish","type":"page","link":"https:\/\/www.bulletmoto.com\/index.php\/guia\/","title":{"rendered":"Guia para cavalete"},"content":{"rendered":"<div id=\"wp-block-themeisle-blocks-advanced-columns-52abf1cb\" class=\"wp-block-themeisle-blocks-advanced-columns has-1-columns has-desktop-equal-layout has-tablet-equal-layout has-mobile-equal-layout has-vertical-unset\"><div class=\"wp-block-themeisle-blocks-advanced-columns-overlay\"><\/div><div class=\"innerblocks-wrap\"><div id=\"wp-block-themeisle-blocks-advanced-column-693023cb\" class=\"wp-block-themeisle-blocks-advanced-column\"><div class=\"wp-block-image\"><figure class=\"aligncenter size-large\"><img loading=\"lazy\" decoding=\"async\" width=\"1024\" height=\"619\" src=\"https:\/\/www.bulletmoto.com\/wp-content\/uploads\/2024\/07\/sem-titulo-2-1170x707-1-1024x619.jpg\" alt=\"\" class=\"wp-image-82339\"\/><\/figure><\/div><\/div><\/div><\/div><div id=\"wp-block-themeisle-blocks-advanced-columns-ae941713\" class=\"wp-block-themeisle-blocks-advanced-columns has-1-columns has-desktop-equal-layout has-tablet-equal-layout has-mobile-equal-layout has-vertical-unset\"><div class=\"wp-block-themeisle-blocks-advanced-columns-overlay\"><\/div><div class=\"innerblocks-wrap\"><div id=\"wp-block-themeisle-blocks-advanced-column-7d1656a2\" class=\"wp-block-themeisle-blocks-advanced-column\"><div style=\"height:73px\" aria-hidden=\"true\" class=\"wp-block-spacer\"><\/div>\n\n<h2 class=\"wp-block-heading has-text-align-center\">Guias para cavalete<\/h2>\n\n<div class=\"wp-block-buttons is-content-justification-center is-layout-flex wp-container-core-buttons-is-layout-16018d1d wp-block-buttons-is-layout-flex\"><div class=\"wp-block-button\"><a class=\"wp-block-button__link wp-element-button\" href=\"https:\/\/loja.bulletmoto.com\/Categoria\/5a17f575cb10cf17d856b780\">COMPRAR<\/a><\/div><\/div>\n\n<div style=\"height:73px\" aria-hidden=\"true\" class=\"wp-block-spacer\"><\/div>\n\n<p class=\"has-text-align-center\">As Guias para Cavalete Bullet s\u00e3o fixadas ao bra\u00e7o oscilante das motocicletas por parafusos em a\u00e7o inox. Este sistema serve de ponto de engate para o cavalete traseiro e tamb\u00e9m, em alguns casos de quedas, atua como um sistema de slider impedindo que o bra\u00e7o oscilante toque o solo.<\/p>\n\n<p class=\"has-text-align-center\"><strong>Modelo dispon\u00edvel<\/strong><\/p>\n\n<div class=\"wp-block-image\"><figure class=\"alignleft\"><img decoding=\"async\" src=\"https:\/\/www.bulletmoto.com\/Imagens\/2011\/10\/sem-t%C3%ADtulo-9-150x150.jpg\" alt=\"\" class=\"wp-image-1478\"\/><\/figure><\/div>\n\n<p class=\"has-text-align-center\"><strong>SBK M6 e M8 e M10 \u2013 R$230,00<\/strong><\/p>\n\n<p class=\"has-text-align-center\">A base de alum\u00ednio \u00e9 remov\u00edvel, sendo poss\u00edvel a instala\u00e7\u00e3o de dois modos de acordo com a prefer\u00eancia do piloto.<\/p>\n\n<p class=\"has-text-align-center\">Para instala\u00e7\u00e3o \u00e9 necess\u00e1rio que a moto possua no bra\u00e7o oscilante o ponto para fixa\u00e7\u00e3o do sistema. Disponibilizamos o produto em vers\u00f5es com parafusos&nbsp;M6, M8 ou M10&nbsp;a serem especificados de acordo com o modelo e ano da moto.<\/p>\n\n<div style=\"height:103px\" aria-hidden=\"true\" class=\"wp-block-spacer\"><\/div><\/div><\/div><\/div>","protected":false},"excerpt":{"rendered":"","protected":false},"author":2,"featured_media":0,"parent":0,"menu_order":0,"comment_status":"closed","ping_status":"closed","template":"","meta":{"neve_meta_sidebar":"","neve_meta_container":"","neve_meta_enable_content_width":"","neve_meta_content_width":0,"neve_meta_title_alignment":"","neve_meta_author_avatar":"","neve_post_elements_order":"","neve_meta_disable_header":"","neve_meta_disable_footer":"","neve_meta_disable_title":"","_themeisle_gutenberg_block_has_review":false,"footnotes":""},"class_list":["post-82338","page","type-page","status-publish","hentry"],"_links":{"self":[{"href":"https:\/\/www.bulletmoto.com\/index.php\/wp-json\/wp\/v2\/pages\/82338","targetHints":{"allow":["GET"]}}],"collection":[{"href":"https:\/\/www.bulletmoto.com\/index.php\/wp-json\/wp\/v2\/pages"}],"about":[{"href":"https:\/\/www.bulletmoto.com\/index.php\/wp-json\/wp\/v2\/types\/page"}],"author":[{"embeddable":true,"href":"https:\/\/www.bulletmoto.com\/index.php\/wp-json\/wp\/v2\/users\/2"}],"replies":[{"embeddable":true,"href":"https:\/\/www.bulletmoto.com\/index.php\/wp-json\/wp\/v2\/comments?post=82338"}],"version-history":[{"count":5,"href":"https:\/\/www.bulletmoto.com\/index.php\/wp-json\/wp\/v2\/pages\/82338\/revisions"}],"predecessor-version":[{"id":84500,"href":"https:\/\/www.bulletmoto.com\/index.php\/wp-json\/wp\/v2\/pages\/82338\/revisions\/84500"}],"wp:attachment":[{"href":"https:\/\/www.bulletmoto.com\/index.php\/wp-json\/wp\/v2\/media?parent=82338"}],"curies":[{"name":"wp","href":"https:\/\/api.w.org\/{rel}","templated":true}]}}