{"id":82341,"date":"2024-07-03T23:45:57","date_gmt":"2024-07-04T02:45:57","guid":{"rendered":"https:\/\/iterdigital.com.br\/bul\/?page_id=82341"},"modified":"2026-01-14T16:37:58","modified_gmt":"2026-01-14T19:37:58","slug":"protetor_de_manete_de_freio","status":"publish","type":"page","link":"https:\/\/www.bulletmoto.com\/index.php\/protetor_de_manete_de_freio\/","title":{"rendered":"Protetor de Manete de Freio"},"content":{"rendered":"<div id=\"wp-block-themeisle-blocks-advanced-columns-740b1a5a\" class=\"wp-block-themeisle-blocks-advanced-columns has-1-columns has-desktop-equal-layout has-tablet-equal-layout has-mobile-equal-layout has-vertical-unset\"><div class=\"wp-block-themeisle-blocks-advanced-columns-overlay\"><\/div><div class=\"innerblocks-wrap\"><div id=\"wp-block-themeisle-blocks-advanced-column-de4d947e\" class=\"wp-block-themeisle-blocks-advanced-column\"><style id=\"wp_carousel_dynamic_css83125\">#sp-wp-carousel-free-id-83125 .wpcp-swiper-dots {margin: 40px 0px 0px 0px;}.wpcp-wrapper-83125 .swiper-wrapper .swiper-slide-kenburn, .wpcp-wrapper-83125 .swiper-wrapper, .wpcp-wrapper-83125 .wpcpro-row{align-items: center;}#sp-wp-carousel-free-id-83125 .wpcp-single-item {box-shadow: 0px 0px 0px 0px #dddddd;transition: all .3s;margin: 0px;}#sp-wp-carousel-free-id-83125.swiper-flip .wpcp-single-item{margin: 0!important;}#sp-wp-carousel-free-id-83125 .wpcp-single-item:hover {box-shadow: 0px 0px 0px 0px #dddddd;}#sp-wp-carousel-free-id-83125.sp-wpcp-83125 .wpcp-single-item {border: 1px solid #dddddd;}#sp-wp-carousel-free-id-83125.sp-wpcp-83125 .swiper-button-prev,#sp-wp-carousel-free-id-83125.sp-wpcp-83125 .swiper-button-next,#sp-wp-carousel-free-id-83125.sp-wpcp-83125 .swiper-button-prev:hover,#sp-wp-carousel-free-id-83125.sp-wpcp-83125 .swiper-button-next:hover {background: none;border: none;font-size: 30px;}#sp-wp-carousel-free-id-83125.sp-wpcp-83125 .swiper-button-prev i,#sp-wp-carousel-free-id-83125.sp-wpcp-83125 .swiper-button-next i {color: #000000;}#sp-wp-carousel-free-id-83125.sp-wpcp-83125 .swiper-button-prev i:hover,#sp-wp-carousel-free-id-83125.sp-wpcp-83125 .swiper-button-next i:hover {color: #c6841f;}#sp-wp-carousel-free-id-83125.sp-wpcp-83125 .wpcp-swiper-dots .swiper-pagination-bullet {background-color: #000000;}#sp-wp-carousel-free-id-83125.sp-wpcp-83125 .wpcp-swiper-dots .swiper-pagination-bullet.swiper-pagination-bullet-active {background-color: #d38621;}#sp-wp-carousel-free-id-83125 .wpcpro-row>[class*=\"wpcpro-col-\"] { padding: 0 10px; padding-bottom: 20px;} #sp-wp-carousel-free-id-83125 .swiper-slide .single-item-fade:not(:last-child) { margin-right: 20px;}@media (min-width: 480px) { .wpcpro-row .wpcpro-col-sm-1 { flex: 0 0 100%; max-width: 100%; } .wpcpro-row .wpcpro-col-sm-2 { flex: 0 0 50%; max-width: 50%; } .wpcpro-row .wpcpro-col-sm-2-5 { flex: 0 0 75%; max-width: 75%; } .wpcpro-row .wpcpro-col-sm-3 { flex: 0 0 33.333%; max-width: 33.333%; } .wpcpro-row .wpcpro-col-sm-4 { flex: 0 0 25%; max-width: 25%; } .wpcpro-row .wpcpro-col-sm-5 { flex: 0 0 20%; max-width: 20%; } .wpcpro-row .wpcpro-col-sm-6 { flex: 0 0 16.66666666666667%; max-width: 16.66666666666667%; } .wpcpro-row .wpcpro-col-sm-7 { flex: 0 0 14.28571428%; max-width: 14.28571428%; } .wpcpro-row .wpcpro-col-sm-8 { flex: 0 0 12.5%; max-width: 12.5%; } } @media (max-width: 480px) { .wpcpro-row .wpcpro-col-xs-1 { flex: 0 0 100%; max-width: 100%; } .wpcpro-row .wpcpro-col-xs-2 { flex: 0 0 50%; max-width: 50%; } .wpcpro-row .wpcpro-col-xs-3 { flex: 0 0 33.222%; max-width: 33.222%; } .wpcpro-row .wpcpro-col-xs-4 { flex: 0 0 25%; max-width: 25%; } .wpcpro-row .wpcpro-col-xs-5 { flex: 0 0 20%; max-width: 20%; } .wpcpro-row .wpcpro-col-xs-6 { flex: 0 0 16.6667%; max-width: 16.6667%; } .wpcpro-row .wpcpro-col-xs-7 { flex: 0 0 14.28571428%; max-width: 14.28571428%; } .wpcpro-row .wpcpro-col-xs-8 { flex: 0 0 12.5%; max-width: 12.5%; } } @media (min-width: 736px) { .wpcpro-row .wpcpro-col-md-1 { flex: 0 0 100%; max-width: 100%; } .wpcpro-row .wpcpro-col-md-2 { flex: 0 0 50%; max-width: 50%; } .wpcpro-row .wpcpro-col-md-2-5 { flex: 0 0 75%; max-width: 75%; } .wpcpro-row .wpcpro-col-md-3 { flex: 0 0 33.333%; max-width: 33.333%; } .wpcpro-row .wpcpro-col-md-4 { flex: 0 0 25%; max-width: 25%; } .wpcpro-row .wpcpro-col-md-5 { flex: 0 0 20%; max-width: 20%; } .wpcpro-row .wpcpro-col-md-6 { flex: 0 0 16.66666666666667%; max-width: 16.66666666666667%; } .wpcpro-row .wpcpro-col-md-7 { flex: 0 0 14.28571428%; max-width: 14.28571428%; } .wpcpro-row .wpcpro-col-md-8 { flex: 0 0 12.5%; max-width: 12.5%; } } @media (min-width: 980px) { .wpcpro-row .wpcpro-col-lg-1 { flex: 0 0 100%; max-width: 100%; } .wpcpro-row .wpcpro-col-lg-2 { flex: 0 0 50%; max-width: 50%; } .wpcpro-row .wpcpro-col-lg-3 { flex: 0 0 33.222%; max-width: 33.222%; } .wpcpro-row .wpcpro-col-lg-4 { flex: 0 0 25%; max-width: 25%; } .wpcpro-row .wpcpro-col-lg-5 { flex: 0 0 20%; max-width: 20%; } .wpcpro-row .wpcpro-col-lg-6 { flex: 0 0 16.6667%; max-width: 16.6667%; } .wpcpro-row .wpcpro-col-lg-7 { flex: 0 0 14.28571428%; max-width: 14.28571428%; } .wpcpro-row .wpcpro-col-lg-8 { flex: 0 0 12.5%; max-width: 12.5%; } } @media (min-width: 1200px) { .wpcpro-row .wpcpro-col-xl-1 { flex: 0 0 100%; max-width: 100%; } .wpcpro-row .wpcpro-col-xl-2 { flex: 0 0 50%; max-width: 50%; } .wpcpro-row .wpcpro-col-xl-3 { flex: 0 0 33.22222222%; max-width: 33.22222222%; } .wpcpro-row .wpcpro-col-xl-4 { flex: 0 0 25%; max-width: 25%; } .wpcpro-row .wpcpro-col-xl-5 { flex: 0 0 20%; max-width: 20%; } .wpcpro-row .wpcpro-col-xl-6 { flex: 0 0 16.66667%; max-width: 16.66667%; } .wpcpro-row .wpcpro-col-xl-7 { flex: 0 0 14.28571428%; max-width: 14.28571428%; } .wpcpro-row .wpcpro-col-xl-8 { flex: 0 0 12.5%; max-width: 12.5%; } }<\/style><div class=\"wpcp-carousel-wrapper wpcp-wrapper-83125\">\n\t<div id=\"wpcp-preloader-83125\" class=\"wpcp-carousel-preloader\"><img decoding=\"async\" src=\"https:\/\/www.bulletmoto.com\/wp-content\/plugins\/wp-carousel-free\/public\/css\/spinner.svg\" alt=\"Preloader Image\" \/><\/div>\t<div class=\"wpcp-carousel-content-wrapper\">\n\t<div id=\"sp-wp-carousel-free-id-83125\" class=\"wpcp-carousel-section sp-wpcp-83125  nav-vertical-center wpcp-image-carousel wpcp-preloader wpcp-standard\" data-swiper='{ &quot;accessibility&quot;:true, &quot;spaceBetween&quot;:20, &quot;arrows&quot;:true, &quot;freeMode&quot;: false, &quot;autoplay&quot;:true, &quot;effect&quot;: &quot;&quot;, &quot;centerMode&quot;: false, &quot;autoplaySpeed&quot;:3000, &quot;dots&quot;:true, &quot;infinite&quot;:true, &quot;speed&quot;:600, &quot;pauseOnHover&quot;:true,\n\t\t\t&quot;slidesToShow&quot;:{&quot;lg_desktop&quot;:1, &quot;desktop&quot;: 1, &quot;laptop&quot;: 1, &quot;tablet&quot;: 1, &quot;mobile&quot;: 1}, &quot;responsive&quot;:{&quot;desktop&quot;:1200, &quot;laptop&quot;: 980, &quot;tablet&quot;: 736, &quot;mobile&quot;: 480}, &quot;rtl&quot;:false, &quot;lazyLoad&quot;: &quot;false&quot;, &quot;swipe&quot;: true, &quot;draggable&quot;: true, &quot;swipeToSlide&quot;:false }' dir=\"ltr\">\n\t\t<div class=\"swiper-wrapper\">\n\t\t<div class=\"swiper-slide\">\n\t<div class=\"wpcp-single-item\">\n\t\t\t<a class=\"wcp-light-box\" data-buttons='[\"close\"]' data-wpc_url='https:\/\/www.bulletmoto.com\/wp-content\/uploads\/2024\/08\/19062023-IMG_6760-scaled-1024x707-1.jpg' href=\"https:\/\/www.bulletmoto.com\/wp-content\/uploads\/2024\/08\/19062023-IMG_6760-scaled-1024x707-1.jpg\" data-fancybox=\"wpcp_view\">\n\t\t<figure>\n\t\t\t<img loading=\"lazy\" decoding=\"async\" class=\"skip-lazy\" src=\"https:\/\/www.bulletmoto.com\/wp-content\/uploads\/2024\/08\/19062023-IMG_6760-scaled-1024x707-1.jpg\" alt=\"19062023-IMG_6760-scaled-1024x707\" width=\"1024\" height=\"707\">\t\t<\/figure>\n\t<\/a>\n\t\t<\/div>\n<\/div>\n\t<div class=\"swiper-slide\">\n\t<div class=\"wpcp-single-item\">\n\t\t\t<a class=\"wcp-light-box\" data-buttons='[\"close\"]' data-wpc_url='https:\/\/www.bulletmoto.com\/wp-content\/uploads\/2024\/08\/Protetor_manete_Bullet-5995-1170x707-1-1024x619.jpg' href=\"https:\/\/www.bulletmoto.com\/wp-content\/uploads\/2024\/08\/Protetor_manete_Bullet-5995-1170x707-1.jpg\" data-fancybox=\"wpcp_view\">\n\t\t<figure>\n\t\t\t<img loading=\"lazy\" decoding=\"async\" class=\"skip-lazy\" src=\"https:\/\/www.bulletmoto.com\/wp-content\/uploads\/2024\/08\/Protetor_manete_Bullet-5995-1170x707-1-1024x619.jpg\" alt=\"Protetor_manete_Bullet-5995-1170x707\" width=\"1024\" height=\"619\">\t\t<\/figure>\n\t<\/a>\n\t\t<\/div>\n<\/div>\n\t<div class=\"swiper-slide\">\n\t<div class=\"wpcp-single-item\">\n\t\t\t<a class=\"wcp-light-box\" data-buttons='[\"close\"]' data-wpc_url='https:\/\/www.bulletmoto.com\/wp-content\/uploads\/2024\/08\/Protetor_manete_Bullet-5975-2-1024x707-1.jpg' href=\"https:\/\/www.bulletmoto.com\/wp-content\/uploads\/2024\/08\/Protetor_manete_Bullet-5975-2-1024x707-1.jpg\" data-fancybox=\"wpcp_view\">\n\t\t<figure>\n\t\t\t<img loading=\"lazy\" decoding=\"async\" class=\"skip-lazy\" src=\"https:\/\/www.bulletmoto.com\/wp-content\/uploads\/2024\/08\/Protetor_manete_Bullet-5975-2-1024x707-1.jpg\" alt=\"Protetor_manete_Bullet-5975-2-1024x707\" width=\"1024\" height=\"707\">\t\t<\/figure>\n\t<\/a>\n\t\t<\/div>\n<\/div>\n\t<div class=\"swiper-slide\">\n\t<div class=\"wpcp-single-item\">\n\t\t\t<a class=\"wcp-light-box\" data-buttons='[\"close\"]' data-wpc_url='https:\/\/www.bulletmoto.com\/wp-content\/uploads\/2024\/08\/WhatsApp-Image-2021-06-17-at-10.09.15-1170x707-1-1024x619.jpeg' href=\"https:\/\/www.bulletmoto.com\/wp-content\/uploads\/2024\/08\/WhatsApp-Image-2021-06-17-at-10.09.15-1170x707-1.jpeg\" data-fancybox=\"wpcp_view\">\n\t\t<figure>\n\t\t\t<img loading=\"lazy\" decoding=\"async\" class=\"skip-lazy\" src=\"https:\/\/www.bulletmoto.com\/wp-content\/uploads\/2024\/08\/WhatsApp-Image-2021-06-17-at-10.09.15-1170x707-1-1024x619.jpeg\" alt=\"WhatsApp-Image-2021-06-17-at-10.09.15-1170x707\" width=\"1024\" height=\"619\">\t\t<\/figure>\n\t<\/a>\n\t\t<\/div>\n<\/div>\n\t<div class=\"swiper-slide\">\n\t<div class=\"wpcp-single-item\">\n\t\t\t<a class=\"wcp-light-box\" data-buttons='[\"close\"]' data-wpc_url='https:\/\/www.bulletmoto.com\/wp-content\/uploads\/2024\/08\/Protetor_manete_Bullet-5980-1024x707-1.jpg' href=\"https:\/\/www.bulletmoto.com\/wp-content\/uploads\/2024\/08\/Protetor_manete_Bullet-5980-1024x707-1.jpg\" data-fancybox=\"wpcp_view\">\n\t\t<figure>\n\t\t\t<img loading=\"lazy\" decoding=\"async\" class=\"skip-lazy\" src=\"https:\/\/www.bulletmoto.com\/wp-content\/uploads\/2024\/08\/Protetor_manete_Bullet-5980-1024x707-1.jpg\" alt=\"Protetor_manete_Bullet-5980-1024x707\" width=\"1024\" height=\"707\">\t\t<\/figure>\n\t<\/a>\n\t\t<\/div>\n<\/div>\n\t\t\t<\/div>\n\t\t\t\t\t<div class=\"wpcp-swiper-dots swiper-pagination\"><\/div>\n\t\t\t\t<!-- If we need navigation buttons -->\n\t\t\t\t\t<div class=\"wpcp-prev-button swiper-button-prev\"><i class=\"fa fa-angle-left\"><\/i><\/div>\n\t\t\t<div class=\"wpcp-next-button swiper-button-next\"><i class=\"fa fa-angle-right\"><\/i><\/div>\n\t\t\t<\/div>\n\t<\/div>\n<\/div>\n<\/div><\/div><\/div><div id=\"wp-block-themeisle-blocks-advanced-columns-3d3d6248\" class=\"wp-block-themeisle-blocks-advanced-columns has-1-columns has-desktop-equal-layout has-tablet-equal-layout has-mobile-equal-layout has-vertical-unset\"><div class=\"wp-block-themeisle-blocks-advanced-columns-overlay\"><\/div><div class=\"innerblocks-wrap\"><div id=\"wp-block-themeisle-blocks-advanced-column-ad1e2d5f\" class=\"wp-block-themeisle-blocks-advanced-column\"><div style=\"height:48px\" aria-hidden=\"true\" class=\"wp-block-spacer\"><\/div><\/div><\/div><\/div><h2 class=\"wp-block-heading has-text-align-center\">Protetor de Manete de Freio<\/h2><div class=\"wp-block-buttons is-content-justification-center is-layout-flex wp-container-core-buttons-is-layout-16018d1d wp-block-buttons-is-layout-flex\"><div class=\"wp-block-button\"><a class=\"wp-block-button__link wp-element-button\" href=\"https:\/\/loja.bulletmoto.com\/Produto\/5df3dfdbfe1ad80204c12c6e\/Protetor-de-manete-de-freio\">COMPRAR<\/a><\/div><\/div><div style=\"height:68px\" aria-hidden=\"true\" class=\"wp-block-spacer\"><\/div><p class=\"has-text-align-center\">O Protetor de Manete de Freio Bullet Moto \u00e9 composto de 2 partes para oferecer ao mesmo tempo resist\u00eancia \u00e0 queda e seguran\u00e7a ao piloto.<\/p><p class=\"has-text-align-center\">O suporte \u00e9 fabricado em alum\u00ednio de alta resist\u00eancia e tem fixa\u00e7\u00e3o externa \u00e0 barra do semiguid\u00e3o, sendo um produto universal que permite o uso de terminais e pesos de guid\u00e3o, conforme sua prefer\u00eancia. A parte externa \u00e9 pl\u00e1stica, como nossos sliders, conferindo prote\u00e7\u00e3o ao manete.<\/p><p class=\"has-text-align-center\">A fun\u00e7\u00e3o desse produto \u00e9 evitar que o freio seja acionado em caso de acidentes ou colis\u00f5es com outra motocicleta. Esse tipo de equipamento tornou-se obrigat\u00f3rio em 2016 nas competi\u00e7\u00f5es internacionais de motovelocidade por determina\u00e7\u00e3o da FIM \u2013 Federa\u00e7\u00e3o Internacional de Motociclismo.<\/p><div class=\"wp-block-image\"><figure class=\"alignleft is-resized\"><img decoding=\"async\" src=\"https:\/\/www.bulletmoto.com\/Imagens\/2021\/07\/Protetor_manete_Bullet-5962-300x300.jpg\" alt=\"\" style=\"width:277px;height:auto\"\/><\/figure><\/div><p class=\"has-text-align-center\"><strong>Protetor de Manete de Freio \u2013 R$285,00<\/strong><\/p><p class=\"has-text-align-center\"><strong>Terminal Pl\u00e1stico \u2013 R$121,00<\/strong><\/p><p class=\"has-text-align-center\">Produto universal.<br>Cores: preta ou prata com preto.<br>Somente para lado do freio.<\/p><p class=\"has-text-align-center\">Favor observar os crit\u00e9rios abaixo para compatibilidade:<br>\u2013 Di\u00e2metro da barra de guid\u00e3o: 7\/8\u2033<br>\u2013 Espa\u00e7o dispon\u00edvel entre a manopla e a ponta da barra do guid\u00e3o: 11,5mm (esse \u00e9 o espa\u00e7o que a pe\u00e7a ocupa na barra do guid\u00e3o)<\/p><p class=\"has-text-align-center\">Caso n\u00e3o haja espa\u00e7o suficiente na sua barra, adapta\u00e7\u00f5es s\u00e3o poss\u00edveis. Consulte-nos antes de comprar.<\/p><div style=\"height:107px\" aria-hidden=\"true\" class=\"wp-block-spacer\"><\/div>","protected":false},"excerpt":{"rendered":"<p>Protetor de Manete de Freio O Protetor de Manete de Freio Bullet Moto \u00e9 composto de 2 partes para oferecer ao mesmo tempo resist\u00eancia \u00e0 queda e seguran\u00e7a ao piloto. O suporte \u00e9 fabricado em alum\u00ednio de alta resist\u00eancia e tem fixa\u00e7\u00e3o externa \u00e0 barra do semiguid\u00e3o, sendo um produto universal que permite o uso&hellip;&nbsp;<a href=\"https:\/\/www.bulletmoto.com\/index.php\/protetor_de_manete_de_freio\/\" class=\"\" rel=\"bookmark\">Continue a ler &raquo;<span class=\"screen-reader-text\">Protetor de Manete de Freio<\/span><\/a><\/p>\n","protected":false},"author":2,"featured_media":0,"parent":0,"menu_order":0,"comment_status":"closed","ping_status":"closed","template":"","meta":{"neve_meta_sidebar":"","neve_meta_container":"","neve_meta_enable_content_width":"","neve_meta_content_width":0,"neve_meta_title_alignment":"","neve_meta_author_avatar":"","neve_post_elements_order":"","neve_meta_disable_header":"","neve_meta_disable_footer":"","neve_meta_disable_title":"","_themeisle_gutenberg_block_has_review":false,"footnotes":""},"class_list":["post-82341","page","type-page","status-publish","hentry"],"_links":{"self":[{"href":"https:\/\/www.bulletmoto.com\/index.php\/wp-json\/wp\/v2\/pages\/82341","targetHints":{"allow":["GET"]}}],"collection":[{"href":"https:\/\/www.bulletmoto.com\/index.php\/wp-json\/wp\/v2\/pages"}],"about":[{"href":"https:\/\/www.bulletmoto.com\/index.php\/wp-json\/wp\/v2\/types\/page"}],"author":[{"embeddable":true,"href":"https:\/\/www.bulletmoto.com\/index.php\/wp-json\/wp\/v2\/users\/2"}],"replies":[{"embeddable":true,"href":"https:\/\/www.bulletmoto.com\/index.php\/wp-json\/wp\/v2\/comments?post=82341"}],"version-history":[{"count":9,"href":"https:\/\/www.bulletmoto.com\/index.php\/wp-json\/wp\/v2\/pages\/82341\/revisions"}],"predecessor-version":[{"id":84508,"href":"https:\/\/www.bulletmoto.com\/index.php\/wp-json\/wp\/v2\/pages\/82341\/revisions\/84508"}],"wp:attachment":[{"href":"https:\/\/www.bulletmoto.com\/index.php\/wp-json\/wp\/v2\/media?parent=82341"}],"curies":[{"name":"wp","href":"https:\/\/api.w.org\/{rel}","templated":true}]}}