{"id":82422,"date":"2024-07-04T08:20:06","date_gmt":"2024-07-04T11:20:06","guid":{"rendered":"https:\/\/iterdigital.com.br\/bul\/?page_id=82422"},"modified":"2024-09-04T14:34:19","modified_gmt":"2024-09-04T17:34:19","slug":"cbr-600-rr-2009","status":"publish","type":"page","link":"https:\/\/www.bulletmoto.com\/index.php\/cbr-600-rr-2009\/","title":{"rendered":"CBR 600 RR 2009+"},"content":{"rendered":"<p class=\"has-text-align-center\"><strong>CONFIRA OS PRODUTOS BULLET DISPON\u00cdVEIS PARA SUA MOTO<\/strong><\/p><div id=\"wp-block-themeisle-blocks-advanced-columns-25cc7584\" class=\"wp-block-themeisle-blocks-advanced-columns has-3-columns has-desktop-equal-layout has-tablet-equal-layout has-mobile-collapsedRows-layout has-vertical-unset\"><div class=\"wp-block-themeisle-blocks-advanced-columns-overlay\"><\/div><div class=\"innerblocks-wrap\"><div id=\"wp-block-themeisle-blocks-advanced-column-b2ce30ff\" class=\"wp-block-themeisle-blocks-advanced-column\"><div class=\"wp-block-image wp-duotone-unset-1\"><figure class=\"aligncenter size-full is-resized\"><a href=\"https:\/\/www.bulletmoto.com\/index.php\/pedaleiras\/\"><img loading=\"lazy\" decoding=\"async\" width=\"1000\" height=\"750\" src=\"https:\/\/www.bulletmoto.com\/wp-content\/uploads\/2024\/07\/Pedaleira_CBR_600RR-2.jpg\" alt=\"\" class=\"wp-image-82424\" style=\"width:auto;height:300px\" srcset=\"https:\/\/www.bulletmoto.com\/wp-content\/uploads\/2024\/07\/Pedaleira_CBR_600RR-2.jpg 1000w, https:\/\/www.bulletmoto.com\/wp-content\/uploads\/2024\/07\/Pedaleira_CBR_600RR-2-300x225.jpg 300w, https:\/\/www.bulletmoto.com\/wp-content\/uploads\/2024\/07\/Pedaleira_CBR_600RR-2-768x576.jpg 768w, https:\/\/www.bulletmoto.com\/wp-content\/uploads\/2024\/07\/Pedaleira_CBR_600RR-2-600x450.jpg 600w\" sizes=\"auto, (max-width: 1000px) 100vw, 1000px\" \/><\/a><figcaption class=\"wp-element-caption\"><strong>Sistema de pedaleiras<\/strong><br>Op\u00e7\u00f5es de regulagem de altura e recuo. <br>C\u00e2mbio invertido ou normal<\/figcaption><\/figure><\/div><\/div>\n\n<div id=\"wp-block-themeisle-blocks-advanced-column-5ad4dcf0\" class=\"wp-block-themeisle-blocks-advanced-column\"><div class=\"wp-block-image\"><figure class=\"aligncenter size-full is-resized\"><a href=\"https:\/\/www.bulletmoto.com\/index.php\/pedaleiras\/\"><img loading=\"lazy\" decoding=\"async\" width=\"1000\" height=\"750\" src=\"https:\/\/www.bulletmoto.com\/wp-content\/uploads\/2024\/07\/Pedaleira_CBR_600RR_pista.jpg\" alt=\"\" class=\"wp-image-82423\" style=\"width:auto;height:300px\" srcset=\"https:\/\/www.bulletmoto.com\/wp-content\/uploads\/2024\/07\/Pedaleira_CBR_600RR_pista.jpg 1000w, https:\/\/www.bulletmoto.com\/wp-content\/uploads\/2024\/07\/Pedaleira_CBR_600RR_pista-300x225.jpg 300w, https:\/\/www.bulletmoto.com\/wp-content\/uploads\/2024\/07\/Pedaleira_CBR_600RR_pista-768x576.jpg 768w, https:\/\/www.bulletmoto.com\/wp-content\/uploads\/2024\/07\/Pedaleira_CBR_600RR_pista-600x450.jpg 600w\" sizes=\"auto, (max-width: 1000px) 100vw, 1000px\" \/><\/a><figcaption class=\"wp-element-caption\"><strong>Sistema de pedaleiras Racing<\/strong><br>C\u00e2mbio invertido apenas, com pedal direto no chassi. Op\u00e7\u00f5es de regulagem de altura e recuo<\/figcaption><\/figure><\/div><\/div>\n\n<div id=\"wp-block-themeisle-blocks-advanced-column-9b30e407\" class=\"wp-block-themeisle-blocks-advanced-column\"><div class=\"wp-block-image\"><figure class=\"aligncenter size-full is-resized\"><a href=\"https:\/\/www.bulletmoto.com\/index.php\/semiguidoes\/\"><img loading=\"lazy\" decoding=\"async\" width=\"640\" height=\"480\" src=\"https:\/\/www.bulletmoto.com\/wp-content\/uploads\/2024\/08\/Semiguidao_GP_UP-1.jpg\" alt=\"\" class=\"wp-image-83197\" style=\"width:auto;height:300px\" srcset=\"https:\/\/www.bulletmoto.com\/wp-content\/uploads\/2024\/08\/Semiguidao_GP_UP-1.jpg 640w, https:\/\/www.bulletmoto.com\/wp-content\/uploads\/2024\/08\/Semiguidao_GP_UP-1-300x225.jpg 300w, https:\/\/www.bulletmoto.com\/wp-content\/uploads\/2024\/08\/Semiguidao_GP_UP-1-600x450.jpg 600w\" sizes=\"auto, (max-width: 640px) 100vw, 640px\" \/><\/a><figcaption class=\"wp-element-caption\"><strong>Semiguid\u00e3o esportivo<\/strong><br>Modelo GP2<\/figcaption><\/figure><\/div><\/div><\/div><\/div><div id=\"wp-block-themeisle-blocks-advanced-columns-ef753638\" class=\"wp-block-themeisle-blocks-advanced-columns has-3-columns has-desktop-equal-layout has-tablet-equal-layout has-mobile-collapsedRows-layout has-vertical-unset\"><div class=\"wp-block-themeisle-blocks-advanced-columns-overlay\"><\/div><div class=\"innerblocks-wrap\"><div id=\"wp-block-themeisle-blocks-advanced-column-ccfb7ef6\" class=\"wp-block-themeisle-blocks-advanced-column\"><div class=\"wp-block-image wp-duotone-unset-2\"><figure class=\"aligncenter size-full is-resized\"><img loading=\"lazy\" decoding=\"async\" width=\"400\" height=\"300\" src=\"https:\/\/www.bulletmoto.com\/wp-content\/uploads\/2024\/08\/24072020-SlidereixoS1000RR_2020-2-2.jpg\" alt=\"\" class=\"wp-image-83717\" style=\"width:auto;height:300px\" srcset=\"https:\/\/www.bulletmoto.com\/wp-content\/uploads\/2024\/08\/24072020-SlidereixoS1000RR_2020-2-2.jpg 400w, https:\/\/www.bulletmoto.com\/wp-content\/uploads\/2024\/08\/24072020-SlidereixoS1000RR_2020-2-2-300x225.jpg 300w\" sizes=\"auto, (max-width: 400px) 100vw, 400px\" \/><figcaption class=\"wp-element-caption\"><strong>Sliders de eixo<br><\/strong>Dianteiro e traseiro<br><\/figcaption><\/figure><\/div><\/div>\n\n<div id=\"wp-block-themeisle-blocks-advanced-column-77c2f32e\" class=\"wp-block-themeisle-blocks-advanced-column\"><div class=\"wp-block-image wp-duotone-unset-3\"><figure class=\"aligncenter size-full is-resized\"><img loading=\"lazy\" decoding=\"async\" width=\"400\" height=\"300\" src=\"https:\/\/www.bulletmoto.com\/wp-content\/uploads\/2024\/08\/27062017-DSC08855-1.jpg\" alt=\"\" class=\"wp-image-83718\" style=\"width:auto;height:300px\" srcset=\"https:\/\/www.bulletmoto.com\/wp-content\/uploads\/2024\/08\/27062017-DSC08855-1.jpg 400w, https:\/\/www.bulletmoto.com\/wp-content\/uploads\/2024\/08\/27062017-DSC08855-1-300x225.jpg 300w\" sizes=\"auto, (max-width: 400px) 100vw, 400px\" \/><figcaption class=\"wp-element-caption\"><strong>Guias para cavalete<\/strong><br><\/figcaption><\/figure><\/div><\/div>\n\n<div id=\"wp-block-themeisle-blocks-advanced-column-b54bc258\" class=\"wp-block-themeisle-blocks-advanced-column\"><div class=\"wp-block-image\"><figure class=\"aligncenter size-full is-resized\"><a href=\"https:\/\/www.bulletmoto.com\/index.php\/sliders_de_chassis\/\"><img loading=\"lazy\" decoding=\"async\" width=\"1365\" height=\"1024\" src=\"https:\/\/www.bulletmoto.com\/wp-content\/uploads\/2024\/07\/Slider_Chassi_Standard-1.jpg\" alt=\"\" class=\"wp-image-82401\" style=\"width:auto;height:300px\" srcset=\"https:\/\/www.bulletmoto.com\/wp-content\/uploads\/2024\/07\/Slider_Chassi_Standard-1.jpg 1365w, https:\/\/www.bulletmoto.com\/wp-content\/uploads\/2024\/07\/Slider_Chassi_Standard-1-300x225.jpg 300w, https:\/\/www.bulletmoto.com\/wp-content\/uploads\/2024\/07\/Slider_Chassi_Standard-1-1024x768.jpg 1024w, https:\/\/www.bulletmoto.com\/wp-content\/uploads\/2024\/07\/Slider_Chassi_Standard-1-768x576.jpg 768w, https:\/\/www.bulletmoto.com\/wp-content\/uploads\/2024\/07\/Slider_Chassi_Standard-1-600x450.jpg 600w\" sizes=\"auto, (max-width: 1365px) 100vw, 1365px\" \/><\/a><figcaption class=\"wp-element-caption\"><strong>Sliders de chassi<\/strong><br>Modelo standard, direto sem furar a carenagem<\/figcaption><\/figure><\/div><\/div><\/div><\/div><div id=\"wp-block-themeisle-blocks-advanced-columns-a3c180aa\" class=\"wp-block-themeisle-blocks-advanced-columns has-3-columns has-desktop-equal-layout has-tablet-equal-layout has-mobile-collapsedRows-layout has-vertical-unset\"><div class=\"wp-block-themeisle-blocks-advanced-columns-overlay\"><\/div><div class=\"innerblocks-wrap\"><div id=\"wp-block-themeisle-blocks-advanced-column-df99f25b\" class=\"wp-block-themeisle-blocks-advanced-column\"><div class=\"wp-block-image wp-duotone-unset-4\"><figure class=\"aligncenter size-full is-resized\"><a href=\"https:\/\/www.bulletmoto.com\/index.php\/terminais-de-guidao-3\/\"><img loading=\"lazy\" decoding=\"async\" width=\"1024\" height=\"1024\" src=\"https:\/\/www.bulletmoto.com\/wp-content\/uploads\/2024\/07\/Terminal-de-guidao-slider-6453-scaled-1.jpg\" alt=\"\" class=\"wp-image-82395\" style=\"width:auto;height:300px\" srcset=\"https:\/\/www.bulletmoto.com\/wp-content\/uploads\/2024\/07\/Terminal-de-guidao-slider-6453-scaled-1.jpg 1024w, https:\/\/www.bulletmoto.com\/wp-content\/uploads\/2024\/07\/Terminal-de-guidao-slider-6453-scaled-1-300x300.jpg 300w, https:\/\/www.bulletmoto.com\/wp-content\/uploads\/2024\/07\/Terminal-de-guidao-slider-6453-scaled-1-150x150.jpg 150w, https:\/\/www.bulletmoto.com\/wp-content\/uploads\/2024\/07\/Terminal-de-guidao-slider-6453-scaled-1-768x768.jpg 768w, https:\/\/www.bulletmoto.com\/wp-content\/uploads\/2024\/07\/Terminal-de-guidao-slider-6453-scaled-1-600x600.jpg 600w, https:\/\/www.bulletmoto.com\/wp-content\/uploads\/2024\/07\/Terminal-de-guidao-slider-6453-scaled-1-100x100.jpg 100w\" sizes=\"auto, (max-width: 1024px) 100vw, 1024px\" \/><\/a><figcaption class=\"wp-element-caption\"><strong>Terminais de guid\u00e3o Slider<\/strong><br>Modelo Slider, para acabamento e prote\u00e7\u00e3o<\/figcaption><\/figure><\/div><\/div>\n\n<div id=\"wp-block-themeisle-blocks-advanced-column-c996f1a0\" class=\"wp-block-themeisle-blocks-advanced-column\"><div class=\"wp-block-image\"><figure class=\"aligncenter size-full is-resized\"><img loading=\"lazy\" decoding=\"async\" width=\"2560\" height=\"2560\" src=\"https:\/\/www.bulletmoto.com\/wp-content\/uploads\/2024\/08\/19062023-IMG_6760-scaled.jpg\" alt=\"\" class=\"wp-image-83652\" style=\"width:auto;height:300px\" srcset=\"https:\/\/www.bulletmoto.com\/wp-content\/uploads\/2024\/08\/19062023-IMG_6760-scaled.jpg 2560w, https:\/\/www.bulletmoto.com\/wp-content\/uploads\/2024\/08\/19062023-IMG_6760-300x300.jpg 300w, https:\/\/www.bulletmoto.com\/wp-content\/uploads\/2024\/08\/19062023-IMG_6760-1024x1024.jpg 1024w, https:\/\/www.bulletmoto.com\/wp-content\/uploads\/2024\/08\/19062023-IMG_6760-150x150.jpg 150w, https:\/\/www.bulletmoto.com\/wp-content\/uploads\/2024\/08\/19062023-IMG_6760-768x768.jpg 768w, https:\/\/www.bulletmoto.com\/wp-content\/uploads\/2024\/08\/19062023-IMG_6760-1536x1536.jpg 1536w, https:\/\/www.bulletmoto.com\/wp-content\/uploads\/2024\/08\/19062023-IMG_6760-2048x2048.jpg 2048w, https:\/\/www.bulletmoto.com\/wp-content\/uploads\/2024\/08\/19062023-IMG_6760-600x600.jpg 600w, https:\/\/www.bulletmoto.com\/wp-content\/uploads\/2024\/08\/19062023-IMG_6760-100x100.jpg 100w\" sizes=\"auto, (max-width: 2560px) 100vw, 2560px\" \/><figcaption class=\"wp-element-caption\"><strong>Protetor de manete de freio<br><\/strong>Protege e evita o acionamento acidental do freio<\/figcaption><\/figure><\/div><\/div>\n\n<div id=\"wp-block-themeisle-blocks-advanced-column-011f1fda\" class=\"wp-block-themeisle-blocks-advanced-column\"><div class=\"wp-block-image\"><figure class=\"aligncenter size-full is-resized\"><a href=\"https:\/\/www.bulletmoto.com\/index.php\/terminais-de-guidao-3\/\"><img loading=\"lazy\" decoding=\"async\" width=\"1023\" height=\"1023\" src=\"https:\/\/www.bulletmoto.com\/wp-content\/uploads\/2024\/07\/Peso_guidao_inox-1-e1653504209137.jpg\" alt=\"\" class=\"wp-image-82393\" style=\"width:auto;height:300px\" srcset=\"https:\/\/www.bulletmoto.com\/wp-content\/uploads\/2024\/07\/Peso_guidao_inox-1-e1653504209137.jpg 1023w, https:\/\/www.bulletmoto.com\/wp-content\/uploads\/2024\/07\/Peso_guidao_inox-1-e1653504209137-300x300.jpg 300w, https:\/\/www.bulletmoto.com\/wp-content\/uploads\/2024\/07\/Peso_guidao_inox-1-e1653504209137-150x150.jpg 150w, https:\/\/www.bulletmoto.com\/wp-content\/uploads\/2024\/07\/Peso_guidao_inox-1-e1653504209137-768x768.jpg 768w, https:\/\/www.bulletmoto.com\/wp-content\/uploads\/2024\/07\/Peso_guidao_inox-1-e1653504209137-600x600.jpg 600w, https:\/\/www.bulletmoto.com\/wp-content\/uploads\/2024\/07\/Peso_guidao_inox-1-e1653504209137-100x100.jpg 100w\" sizes=\"auto, (max-width: 1023px) 100vw, 1023px\" \/><\/a><figcaption class=\"wp-element-caption\"><strong>Terminais de guid\u00e3o FX<\/strong><br>Modelo FX, com fun\u00e7\u00e3o de contrapeso<\/figcaption><\/figure><\/div><\/div><\/div><\/div><div id=\"wp-block-themeisle-blocks-advanced-columns-00d1d403\" class=\"wp-block-themeisle-blocks-advanced-columns has-2-columns has-desktop-equal-layout has-tablet-equal-layout has-mobile-collapsedRows-layout has-vertical-unset\"><div class=\"wp-block-themeisle-blocks-advanced-columns-overlay\"><\/div><div class=\"innerblocks-wrap\"><div id=\"wp-block-themeisle-blocks-advanced-column-c0bf1c52\" class=\"wp-block-themeisle-blocks-advanced-column\"><div class=\"wp-block-image\"><figure class=\"aligncenter size-full is-resized\"><a href=\"https:\/\/www.bulletmoto.com\/index.php\/coroa_de_aluminio\/\"><img loading=\"lazy\" decoding=\"async\" width=\"1024\" height=\"1024\" src=\"https:\/\/www.bulletmoto.com\/wp-content\/uploads\/2019\/03\/Coroaaluminio-6483-scaled-1.jpg\" alt=\"\" class=\"wp-image-498\" style=\"width:auto;height:300px\" srcset=\"https:\/\/www.bulletmoto.com\/wp-content\/uploads\/2019\/03\/Coroaaluminio-6483-scaled-1.jpg 1024w, https:\/\/www.bulletmoto.com\/wp-content\/uploads\/2019\/03\/Coroaaluminio-6483-scaled-1-300x300.jpg 300w, https:\/\/www.bulletmoto.com\/wp-content\/uploads\/2019\/03\/Coroaaluminio-6483-scaled-1-150x150.jpg 150w, https:\/\/www.bulletmoto.com\/wp-content\/uploads\/2019\/03\/Coroaaluminio-6483-scaled-1-768x768.jpg 768w, https:\/\/www.bulletmoto.com\/wp-content\/uploads\/2019\/03\/Coroaaluminio-6483-scaled-1-600x600.jpg 600w, https:\/\/www.bulletmoto.com\/wp-content\/uploads\/2019\/03\/Coroaaluminio-6483-scaled-1-100x100.jpg 100w\" sizes=\"auto, (max-width: 1024px) 100vw, 1024px\" \/><\/a><figcaption class=\"wp-element-caption\"><strong>Coroa de alum\u00ednio<\/strong><br>Feitas com alta precis\u00e3o e qualidade<\/figcaption><\/figure><\/div><\/div>\n\n<div id=\"wp-block-themeisle-blocks-advanced-column-495e16d2\" class=\"wp-block-themeisle-blocks-advanced-column\"><div class=\"wp-block-image\"><figure class=\"aligncenter size-full is-resized\"><a href=\"https:\/\/www.bulletmoto.com\/index.php\/protetor_de_corrente\/\"><img loading=\"lazy\" decoding=\"async\" width=\"1024\" height=\"1024\" src=\"https:\/\/www.bulletmoto.com\/wp-content\/uploads\/2024\/08\/05032024-IMG_7266-scaled-1.jpg\" alt=\"\" class=\"wp-image-83181\" style=\"width:auto;height:300px\" srcset=\"https:\/\/www.bulletmoto.com\/wp-content\/uploads\/2024\/08\/05032024-IMG_7266-scaled-1.jpg 1024w, https:\/\/www.bulletmoto.com\/wp-content\/uploads\/2024\/08\/05032024-IMG_7266-scaled-1-300x300.jpg 300w, https:\/\/www.bulletmoto.com\/wp-content\/uploads\/2024\/08\/05032024-IMG_7266-scaled-1-150x150.jpg 150w, https:\/\/www.bulletmoto.com\/wp-content\/uploads\/2024\/08\/05032024-IMG_7266-scaled-1-768x768.jpg 768w, https:\/\/www.bulletmoto.com\/wp-content\/uploads\/2024\/08\/05032024-IMG_7266-scaled-1-600x600.jpg 600w, https:\/\/www.bulletmoto.com\/wp-content\/uploads\/2024\/08\/05032024-IMG_7266-scaled-1-100x100.jpg 100w\" sizes=\"auto, (max-width: 1024px) 100vw, 1024px\" \/><\/a><figcaption class=\"wp-element-caption\"><strong>Protetor de Corrente<\/strong><br>Modelo tipo quilha. Produto universal.<\/figcaption><\/figure><\/div><\/div><\/div><\/div><div style=\"height:100px\" aria-hidden=\"true\" class=\"wp-block-spacer\"><\/div>","protected":false},"excerpt":{"rendered":"<p>CONFIRA OS PRODUTOS BULLET DISPON\u00cdVEIS PARA SUA MOTO<\/p>\n","protected":false},"author":2,"featured_media":0,"parent":0,"menu_order":0,"comment_status":"closed","ping_status":"closed","template":"","meta":{"neve_meta_sidebar":"","neve_meta_container":"","neve_meta_enable_content_width":"","neve_meta_content_width":0,"neve_meta_title_alignment":"","neve_meta_author_avatar":"","neve_post_elements_order":"","neve_meta_disable_header":"","neve_meta_disable_footer":"","neve_meta_disable_title":"","_themeisle_gutenberg_block_has_review":false,"footnotes":""},"class_list":["post-82422","page","type-page","status-publish","hentry"],"_links":{"self":[{"href":"https:\/\/www.bulletmoto.com\/index.php\/wp-json\/wp\/v2\/pages\/82422","targetHints":{"allow":["GET"]}}],"collection":[{"href":"https:\/\/www.bulletmoto.com\/index.php\/wp-json\/wp\/v2\/pages"}],"about":[{"href":"https:\/\/www.bulletmoto.com\/index.php\/wp-json\/wp\/v2\/types\/page"}],"author":[{"embeddable":true,"href":"https:\/\/www.bulletmoto.com\/index.php\/wp-json\/wp\/v2\/users\/2"}],"replies":[{"embeddable":true,"href":"https:\/\/www.bulletmoto.com\/index.php\/wp-json\/wp\/v2\/comments?post=82422"}],"version-history":[{"count":7,"href":"https:\/\/www.bulletmoto.com\/index.php\/wp-json\/wp\/v2\/pages\/82422\/revisions"}],"predecessor-version":[{"id":84211,"href":"https:\/\/www.bulletmoto.com\/index.php\/wp-json\/wp\/v2\/pages\/82422\/revisions\/84211"}],"wp:attachment":[{"href":"https:\/\/www.bulletmoto.com\/index.php\/wp-json\/wp\/v2\/media?parent=82422"}],"curies":[{"name":"wp","href":"https:\/\/api.w.org\/{rel}","templated":true}]}}