{"id":82426,"date":"2024-07-04T08:27:29","date_gmt":"2024-07-04T11:27:29","guid":{"rendered":"https:\/\/iterdigital.com.br\/bul\/?page_id=82426"},"modified":"2024-08-19T11:57:14","modified_gmt":"2024-08-19T14:57:14","slug":"ninja-400","status":"publish","type":"page","link":"https:\/\/www.bulletmoto.com\/index.php\/ninja-400\/","title":{"rendered":"Ninja 400"},"content":{"rendered":"<p class=\"has-text-align-center\"><strong>CONFIRA OS PRODUTOS BULLET DISPON\u00cdVEIS PARA SUA MOTO<\/strong><\/p><div id=\"wp-block-themeisle-blocks-advanced-columns-25cc7584\" class=\"wp-block-themeisle-blocks-advanced-columns has-3-columns has-desktop-equal-layout has-tablet-equal-layout has-mobile-collapsedRows-layout has-vertical-unset\"><div class=\"wp-block-themeisle-blocks-advanced-columns-overlay\"><\/div><div class=\"innerblocks-wrap\"><div id=\"wp-block-themeisle-blocks-advanced-column-b2ce30ff\" class=\"wp-block-themeisle-blocks-advanced-column\"><div class=\"wp-block-image wp-duotone-unset-1\"><figure class=\"aligncenter size-full is-resized\"><a href=\"https:\/\/www.bulletmoto.com\/index.php\/pedaleiras\/\"><img loading=\"lazy\" decoding=\"async\" width=\"1365\" height=\"1024\" src=\"https:\/\/www.bulletmoto.com\/wp-content\/uploads\/2024\/08\/Pedaleira_Ninja_400-1.jpg\" alt=\"\" class=\"wp-image-83200\" style=\"width:410px;height:auto\" srcset=\"https:\/\/www.bulletmoto.com\/wp-content\/uploads\/2024\/08\/Pedaleira_Ninja_400-1.jpg 1365w, https:\/\/www.bulletmoto.com\/wp-content\/uploads\/2024\/08\/Pedaleira_Ninja_400-1-300x225.jpg 300w, https:\/\/www.bulletmoto.com\/wp-content\/uploads\/2024\/08\/Pedaleira_Ninja_400-1-1024x768.jpg 1024w, https:\/\/www.bulletmoto.com\/wp-content\/uploads\/2024\/08\/Pedaleira_Ninja_400-1-768x576.jpg 768w, https:\/\/www.bulletmoto.com\/wp-content\/uploads\/2024\/08\/Pedaleira_Ninja_400-1-600x450.jpg 600w\" sizes=\"auto, (max-width: 1365px) 100vw, 1365px\" \/><\/a><figcaption class=\"wp-element-caption\"><strong>Sistema de pedaleiras<\/strong><br>Op\u00e7\u00f5es de regulagem de altura e recuo. <br>C\u00e2mbio invertido ou normal<\/figcaption><\/figure><\/div><\/div>\n\n<div id=\"wp-block-themeisle-blocks-advanced-column-5ad4dcf0\" class=\"wp-block-themeisle-blocks-advanced-column\"><div class=\"wp-block-image\"><figure class=\"aligncenter size-full is-resized\"><a href=\"https:\/\/www.bulletmoto.com\/index.php\/semiguidoes\/\"><img loading=\"lazy\" decoding=\"async\" width=\"1365\" height=\"1024\" src=\"https:\/\/www.bulletmoto.com\/wp-content\/uploads\/2024\/07\/20122023-IMG_6967-3-scaled-1.jpg\" alt=\"\" class=\"wp-image-82427\" style=\"width:416px;height:auto\" srcset=\"https:\/\/www.bulletmoto.com\/wp-content\/uploads\/2024\/07\/20122023-IMG_6967-3-scaled-1.jpg 1365w, https:\/\/www.bulletmoto.com\/wp-content\/uploads\/2024\/07\/20122023-IMG_6967-3-scaled-1-300x225.jpg 300w, https:\/\/www.bulletmoto.com\/wp-content\/uploads\/2024\/07\/20122023-IMG_6967-3-scaled-1-1024x768.jpg 1024w, https:\/\/www.bulletmoto.com\/wp-content\/uploads\/2024\/07\/20122023-IMG_6967-3-scaled-1-768x576.jpg 768w, https:\/\/www.bulletmoto.com\/wp-content\/uploads\/2024\/07\/20122023-IMG_6967-3-scaled-1-600x450.jpg 600w\" sizes=\"auto, (max-width: 1365px) 100vw, 1365px\" \/><\/a><figcaption class=\"wp-element-caption\"><strong>Semiguid\u00e3o esportivo<\/strong><br>Modelo GP2 &#8211; para moto com carenagem original e\/ou de pista<\/figcaption><\/figure><\/div><\/div>\n\n<div id=\"wp-block-themeisle-blocks-advanced-column-9b30e407\" class=\"wp-block-themeisle-blocks-advanced-column\"><div class=\"wp-block-image\"><figure class=\"aligncenter size-full is-resized\"><a href=\"https:\/\/www.bulletmoto.com\/index.php\/semiguidoes\/\"><img loading=\"lazy\" decoding=\"async\" width=\"1365\" height=\"1024\" src=\"https:\/\/www.bulletmoto.com\/wp-content\/uploads\/2024\/07\/Semiguidao_GP-1.jpg\" alt=\"\" class=\"wp-image-82388\" style=\"width:416px;height:auto\" srcset=\"https:\/\/www.bulletmoto.com\/wp-content\/uploads\/2024\/07\/Semiguidao_GP-1.jpg 1365w, https:\/\/www.bulletmoto.com\/wp-content\/uploads\/2024\/07\/Semiguidao_GP-1-300x225.jpg 300w, https:\/\/www.bulletmoto.com\/wp-content\/uploads\/2024\/07\/Semiguidao_GP-1-1024x768.jpg 1024w, https:\/\/www.bulletmoto.com\/wp-content\/uploads\/2024\/07\/Semiguidao_GP-1-768x576.jpg 768w, https:\/\/www.bulletmoto.com\/wp-content\/uploads\/2024\/07\/Semiguidao_GP-1-600x450.jpg 600w\" sizes=\"auto, (max-width: 1365px) 100vw, 1365px\" \/><\/a><figcaption class=\"wp-element-caption\"><strong>Semiguid\u00e3o esportivo<\/strong><br>Postura original<\/figcaption><\/figure><\/div><\/div><\/div><\/div><div id=\"wp-block-themeisle-blocks-advanced-columns-ef753638\" class=\"wp-block-themeisle-blocks-advanced-columns has-3-columns has-desktop-equal-layout has-tablet-equal-layout has-mobile-collapsedRows-layout has-vertical-unset\"><div class=\"wp-block-themeisle-blocks-advanced-columns-overlay\"><\/div><div class=\"innerblocks-wrap\"><div id=\"wp-block-themeisle-blocks-advanced-column-ccfb7ef6\" class=\"wp-block-themeisle-blocks-advanced-column\"><div class=\"wp-block-image wp-duotone-unset-2\"><figure class=\"aligncenter size-full is-resized\"><a href=\"https:\/\/www.bulletmoto.com\/index.php\/sliders_de_chassis\/\"><img loading=\"lazy\" decoding=\"async\" width=\"1536\" height=\"1024\" src=\"https:\/\/www.bulletmoto.com\/wp-content\/uploads\/2024\/07\/Slider_Ninja400-6038-scaled-1.jpg\" alt=\"\" class=\"wp-image-82428\" style=\"width:313px;height:auto\" srcset=\"https:\/\/www.bulletmoto.com\/wp-content\/uploads\/2024\/07\/Slider_Ninja400-6038-scaled-1.jpg 1536w, https:\/\/www.bulletmoto.com\/wp-content\/uploads\/2024\/07\/Slider_Ninja400-6038-scaled-1-300x200.jpg 300w, https:\/\/www.bulletmoto.com\/wp-content\/uploads\/2024\/07\/Slider_Ninja400-6038-scaled-1-1024x683.jpg 1024w, https:\/\/www.bulletmoto.com\/wp-content\/uploads\/2024\/07\/Slider_Ninja400-6038-scaled-1-768x512.jpg 768w, https:\/\/www.bulletmoto.com\/wp-content\/uploads\/2024\/07\/Slider_Ninja400-6038-scaled-1-930x620.jpg 930w, https:\/\/www.bulletmoto.com\/wp-content\/uploads\/2024\/07\/Slider_Ninja400-6038-scaled-1-600x400.jpg 600w\" sizes=\"auto, (max-width: 1536px) 100vw, 1536px\" \/><\/a><figcaption class=\"wp-element-caption\"><strong>Slider de chassi<\/strong><br>Modelo com 2 pontos de fixa\u00e7\u00e3o<br><\/figcaption><\/figure><\/div><\/div>\n\n<div id=\"wp-block-themeisle-blocks-advanced-column-77c2f32e\" class=\"wp-block-themeisle-blocks-advanced-column\"><div class=\"wp-block-image wp-duotone-unset-3\"><figure class=\"aligncenter size-full is-resized\"><a href=\"https:\/\/www.bulletmoto.com\/index.php\/guia\/\"><img decoding=\"async\" src=\"https:\/\/www.bulletmoto.com\/wp-content\/uploads\/2024\/07\/sem-titulo-2-1170x707-1.jpg\" alt=\"\" class=\"wp-image-82339\" style=\"width:410px;height:auto\"\/><\/a><figcaption class=\"wp-element-caption\"><strong>Guias para cavalete<\/strong><br><\/figcaption><\/figure><\/div><\/div>\n\n<div id=\"wp-block-themeisle-blocks-advanced-column-b54bc258\" class=\"wp-block-themeisle-blocks-advanced-column\"><div class=\"wp-block-image\"><figure class=\"aligncenter size-full is-resized\"><a href=\"https:\/\/www.bulletmoto.com\/index.php\/protetor_de_manete_de_freio\/\"><img loading=\"lazy\" decoding=\"async\" width=\"1024\" height=\"1024\" src=\"https:\/\/www.bulletmoto.com\/wp-content\/uploads\/2024\/07\/Protetor_manete_Bullet-5975.jpg\" alt=\"\" class=\"wp-image-82394\" style=\"width:309px;height:auto\" srcset=\"https:\/\/www.bulletmoto.com\/wp-content\/uploads\/2024\/07\/Protetor_manete_Bullet-5975.jpg 1024w, https:\/\/www.bulletmoto.com\/wp-content\/uploads\/2024\/07\/Protetor_manete_Bullet-5975-300x300.jpg 300w, https:\/\/www.bulletmoto.com\/wp-content\/uploads\/2024\/07\/Protetor_manete_Bullet-5975-150x150.jpg 150w, https:\/\/www.bulletmoto.com\/wp-content\/uploads\/2024\/07\/Protetor_manete_Bullet-5975-768x768.jpg 768w, https:\/\/www.bulletmoto.com\/wp-content\/uploads\/2024\/07\/Protetor_manete_Bullet-5975-600x600.jpg 600w, https:\/\/www.bulletmoto.com\/wp-content\/uploads\/2024\/07\/Protetor_manete_Bullet-5975-100x100.jpg 100w\" sizes=\"auto, (max-width: 1024px) 100vw, 1024px\" \/><\/a><figcaption class=\"wp-element-caption\"><strong>Protetor de manete de freio<br><\/strong>Protege e evita o acionamento acidental do freio<\/figcaption><\/figure><\/div><\/div><\/div><\/div><div id=\"wp-block-themeisle-blocks-advanced-columns-00d1d403\" class=\"wp-block-themeisle-blocks-advanced-columns has-3-columns has-desktop-equal-layout has-tablet-equal-layout has-mobile-collapsedRows-layout has-vertical-unset\"><div class=\"wp-block-themeisle-blocks-advanced-columns-overlay\"><\/div><div class=\"innerblocks-wrap\"><div id=\"wp-block-themeisle-blocks-advanced-column-7e9af87d\" class=\"wp-block-themeisle-blocks-advanced-column\"><div class=\"wp-block-image wp-duotone-unset-4\"><figure class=\"aligncenter size-full is-resized\"><a href=\"https:\/\/www.bulletmoto.com\/index.php\/terminais-de-guidao-3\/\"><img loading=\"lazy\" decoding=\"async\" width=\"1024\" height=\"1024\" src=\"https:\/\/www.bulletmoto.com\/wp-content\/uploads\/2024\/07\/Terminal-de-guidao-slider-6453-scaled-1.jpg\" alt=\"\" class=\"wp-image-82395\" style=\"width:308px;height:auto\" srcset=\"https:\/\/www.bulletmoto.com\/wp-content\/uploads\/2024\/07\/Terminal-de-guidao-slider-6453-scaled-1.jpg 1024w, https:\/\/www.bulletmoto.com\/wp-content\/uploads\/2024\/07\/Terminal-de-guidao-slider-6453-scaled-1-300x300.jpg 300w, https:\/\/www.bulletmoto.com\/wp-content\/uploads\/2024\/07\/Terminal-de-guidao-slider-6453-scaled-1-150x150.jpg 150w, https:\/\/www.bulletmoto.com\/wp-content\/uploads\/2024\/07\/Terminal-de-guidao-slider-6453-scaled-1-768x768.jpg 768w, https:\/\/www.bulletmoto.com\/wp-content\/uploads\/2024\/07\/Terminal-de-guidao-slider-6453-scaled-1-600x600.jpg 600w, https:\/\/www.bulletmoto.com\/wp-content\/uploads\/2024\/07\/Terminal-de-guidao-slider-6453-scaled-1-100x100.jpg 100w\" sizes=\"auto, (max-width: 1024px) 100vw, 1024px\" \/><\/a><figcaption class=\"wp-element-caption\"><strong>Terminais de guid\u00e3o Slider<\/strong><br>Modelo Slider, para acabamento e prote\u00e7\u00e3o<\/figcaption><\/figure><\/div><\/div>\n\n<div id=\"wp-block-themeisle-blocks-advanced-column-c0bf1c52\" class=\"wp-block-themeisle-blocks-advanced-column\"><div class=\"wp-block-image\"><figure class=\"aligncenter size-full is-resized\"><a href=\"https:\/\/www.bulletmoto.com\/index.php\/coroa_de_aluminio\/\"><img loading=\"lazy\" decoding=\"async\" width=\"1024\" height=\"1024\" src=\"https:\/\/www.bulletmoto.com\/wp-content\/uploads\/2019\/03\/Coroaaluminio-6483-scaled-1.jpg\" alt=\"\" class=\"wp-image-498\" style=\"width:307px;height:auto\" srcset=\"https:\/\/www.bulletmoto.com\/wp-content\/uploads\/2019\/03\/Coroaaluminio-6483-scaled-1.jpg 1024w, https:\/\/www.bulletmoto.com\/wp-content\/uploads\/2019\/03\/Coroaaluminio-6483-scaled-1-300x300.jpg 300w, https:\/\/www.bulletmoto.com\/wp-content\/uploads\/2019\/03\/Coroaaluminio-6483-scaled-1-150x150.jpg 150w, https:\/\/www.bulletmoto.com\/wp-content\/uploads\/2019\/03\/Coroaaluminio-6483-scaled-1-768x768.jpg 768w, https:\/\/www.bulletmoto.com\/wp-content\/uploads\/2019\/03\/Coroaaluminio-6483-scaled-1-600x600.jpg 600w, https:\/\/www.bulletmoto.com\/wp-content\/uploads\/2019\/03\/Coroaaluminio-6483-scaled-1-100x100.jpg 100w\" sizes=\"auto, (max-width: 1024px) 100vw, 1024px\" \/><\/a><figcaption class=\"wp-element-caption\"><strong>Coroa de alum\u00ednio<\/strong><br>Feitas com alta precis\u00e3o e qualidade<\/figcaption><\/figure><\/div><\/div>\n\n<div id=\"wp-block-themeisle-blocks-advanced-column-495e16d2\" class=\"wp-block-themeisle-blocks-advanced-column\"><div class=\"wp-block-image\"><figure class=\"aligncenter size-full is-resized\"><a href=\"https:\/\/www.bulletmoto.com\/index.php\/protetor_de_corrente\/\"><img loading=\"lazy\" decoding=\"async\" width=\"1024\" height=\"1024\" src=\"https:\/\/www.bulletmoto.com\/wp-content\/uploads\/2024\/08\/05032024-IMG_7266-scaled-1.jpg\" alt=\"\" class=\"wp-image-83181\" style=\"width:308px;height:auto\" srcset=\"https:\/\/www.bulletmoto.com\/wp-content\/uploads\/2024\/08\/05032024-IMG_7266-scaled-1.jpg 1024w, https:\/\/www.bulletmoto.com\/wp-content\/uploads\/2024\/08\/05032024-IMG_7266-scaled-1-300x300.jpg 300w, https:\/\/www.bulletmoto.com\/wp-content\/uploads\/2024\/08\/05032024-IMG_7266-scaled-1-150x150.jpg 150w, https:\/\/www.bulletmoto.com\/wp-content\/uploads\/2024\/08\/05032024-IMG_7266-scaled-1-768x768.jpg 768w, https:\/\/www.bulletmoto.com\/wp-content\/uploads\/2024\/08\/05032024-IMG_7266-scaled-1-600x600.jpg 600w, https:\/\/www.bulletmoto.com\/wp-content\/uploads\/2024\/08\/05032024-IMG_7266-scaled-1-100x100.jpg 100w\" sizes=\"auto, (max-width: 1024px) 100vw, 1024px\" \/><\/a><figcaption class=\"wp-element-caption\"><strong>Protetor de Corrente<\/strong><br>Modelo tipo quilha. Produto universal.<\/figcaption><\/figure><\/div><\/div><\/div><\/div><div class=\"wp-block-image\"><figure class=\"aligncenter size-full is-resized\"><a href=\"https:\/\/www.bulletmoto.com\/index.php\/terminais-de-guidao-3\/\"><img loading=\"lazy\" decoding=\"async\" width=\"1023\" height=\"1023\" src=\"https:\/\/www.bulletmoto.com\/wp-content\/uploads\/2024\/07\/Peso_guidao_inox-1-e1653504209137.jpg\" alt=\"\" class=\"wp-image-82393\" style=\"width:320px;height:auto\" srcset=\"https:\/\/www.bulletmoto.com\/wp-content\/uploads\/2024\/07\/Peso_guidao_inox-1-e1653504209137.jpg 1023w, https:\/\/www.bulletmoto.com\/wp-content\/uploads\/2024\/07\/Peso_guidao_inox-1-e1653504209137-300x300.jpg 300w, https:\/\/www.bulletmoto.com\/wp-content\/uploads\/2024\/07\/Peso_guidao_inox-1-e1653504209137-150x150.jpg 150w, https:\/\/www.bulletmoto.com\/wp-content\/uploads\/2024\/07\/Peso_guidao_inox-1-e1653504209137-768x768.jpg 768w, https:\/\/www.bulletmoto.com\/wp-content\/uploads\/2024\/07\/Peso_guidao_inox-1-e1653504209137-600x600.jpg 600w, https:\/\/www.bulletmoto.com\/wp-content\/uploads\/2024\/07\/Peso_guidao_inox-1-e1653504209137-100x100.jpg 100w\" sizes=\"auto, (max-width: 1023px) 100vw, 1023px\" \/><\/a><figcaption class=\"wp-element-caption\"><strong>Terminais de guid\u00e3o FX<\/strong><br>Modelo FX, com fun\u00e7\u00e3o de contrapeso<\/figcaption><\/figure><\/div><div style=\"height:100px\" aria-hidden=\"true\" class=\"wp-block-spacer\"><\/div>","protected":false},"excerpt":{"rendered":"<p>CONFIRA OS PRODUTOS BULLET DISPON\u00cdVEIS PARA SUA MOTO<\/p>\n","protected":false},"author":2,"featured_media":0,"parent":0,"menu_order":0,"comment_status":"closed","ping_status":"closed","template":"","meta":{"neve_meta_sidebar":"","neve_meta_container":"","neve_meta_enable_content_width":"","neve_meta_content_width":0,"neve_meta_title_alignment":"","neve_meta_author_avatar":"","neve_post_elements_order":"","neve_meta_disable_header":"","neve_meta_disable_footer":"","neve_meta_disable_title":"","_themeisle_gutenberg_block_has_review":false,"footnotes":""},"class_list":["post-82426","page","type-page","status-publish","hentry"],"_links":{"self":[{"href":"https:\/\/www.bulletmoto.com\/index.php\/wp-json\/wp\/v2\/pages\/82426","targetHints":{"allow":["GET"]}}],"collection":[{"href":"https:\/\/www.bulletmoto.com\/index.php\/wp-json\/wp\/v2\/pages"}],"about":[{"href":"https:\/\/www.bulletmoto.com\/index.php\/wp-json\/wp\/v2\/types\/page"}],"author":[{"embeddable":true,"href":"https:\/\/www.bulletmoto.com\/index.php\/wp-json\/wp\/v2\/users\/2"}],"replies":[{"embeddable":true,"href":"https:\/\/www.bulletmoto.com\/index.php\/wp-json\/wp\/v2\/comments?post=82426"}],"version-history":[{"count":3,"href":"https:\/\/www.bulletmoto.com\/index.php\/wp-json\/wp\/v2\/pages\/82426\/revisions"}],"predecessor-version":[{"id":83307,"href":"https:\/\/www.bulletmoto.com\/index.php\/wp-json\/wp\/v2\/pages\/82426\/revisions\/83307"}],"wp:attachment":[{"href":"https:\/\/www.bulletmoto.com\/index.php\/wp-json\/wp\/v2\/media?parent=82426"}],"curies":[{"name":"wp","href":"https:\/\/api.w.org\/{rel}","templated":true}]}}