{"id":82581,"date":"2024-08-06T17:17:49","date_gmt":"2024-08-06T20:17:49","guid":{"rendered":"https:\/\/iterdigital.com.br\/bul\/?page_id=82581"},"modified":"2026-01-13T15:31:34","modified_gmt":"2026-01-13T18:31:34","slug":"pedaleiras-2","status":"publish","type":"page","link":"https:\/\/www.bulletmoto.com\/index.php\/es\/pedaleiras-2\/","title":{"rendered":"Estriberas racing"},"content":{"rendered":"<style id=\"wp_carousel_dynamic_css83067\">#sp-wp-carousel-free-id-83067 .wpcp-swiper-dots {margin: 40px 0px 0px 0px;}.wpcp-wrapper-83067 .swiper-wrapper .swiper-slide-kenburn, .wpcp-wrapper-83067 .swiper-wrapper, .wpcp-wrapper-83067 .wpcpro-row{align-items: center;}#sp-wp-carousel-free-id-83067 .wpcp-single-item {box-shadow: 0px 0px 0px 0px #dddddd;transition: all .3s;margin: 0px;}#sp-wp-carousel-free-id-83067.swiper-flip .wpcp-single-item{margin: 0!important;}#sp-wp-carousel-free-id-83067 .wpcp-single-item:hover {box-shadow: 0px 0px 0px 0px #dddddd;}#sp-wp-carousel-free-id-83067.sp-wpcp-83067 .wpcp-single-item {border: 1px solid #dddddd;}#sp-wp-carousel-free-id-83067.sp-wpcp-83067 .swiper-button-prev,#sp-wp-carousel-free-id-83067.sp-wpcp-83067 .swiper-button-next,#sp-wp-carousel-free-id-83067.sp-wpcp-83067 .swiper-button-prev:hover,#sp-wp-carousel-free-id-83067.sp-wpcp-83067 .swiper-button-next:hover {background: none;border: none;font-size: 30px;}#sp-wp-carousel-free-id-83067.sp-wpcp-83067 .swiper-button-prev i,#sp-wp-carousel-free-id-83067.sp-wpcp-83067 .swiper-button-next i {color: #000000;}#sp-wp-carousel-free-id-83067.sp-wpcp-83067 .swiper-button-prev i:hover,#sp-wp-carousel-free-id-83067.sp-wpcp-83067 .swiper-button-next i:hover {color: #ed7a23;}#sp-wp-carousel-free-id-83067.sp-wpcp-83067 .wpcp-swiper-dots .swiper-pagination-bullet {background-color: #000000;}#sp-wp-carousel-free-id-83067.sp-wpcp-83067 .wpcp-swiper-dots .swiper-pagination-bullet.swiper-pagination-bullet-active {background-color: #ed851e;}#sp-wp-carousel-free-id-83067 .wpcpro-row>[class*=\"wpcpro-col-\"] { padding: 0 10px; padding-bottom: 20px;} #sp-wp-carousel-free-id-83067 .swiper-slide .single-item-fade:not(:last-child) { margin-right: 20px;}@media (min-width: 480px) { .wpcpro-row .wpcpro-col-sm-1 { flex: 0 0 100%; max-width: 100%; } .wpcpro-row .wpcpro-col-sm-2 { flex: 0 0 50%; max-width: 50%; } .wpcpro-row .wpcpro-col-sm-2-5 { flex: 0 0 75%; max-width: 75%; } .wpcpro-row .wpcpro-col-sm-3 { flex: 0 0 33.333%; max-width: 33.333%; } .wpcpro-row .wpcpro-col-sm-4 { flex: 0 0 25%; max-width: 25%; } .wpcpro-row .wpcpro-col-sm-5 { flex: 0 0 20%; max-width: 20%; } .wpcpro-row .wpcpro-col-sm-6 { flex: 0 0 16.66666666666667%; max-width: 16.66666666666667%; } .wpcpro-row .wpcpro-col-sm-7 { flex: 0 0 14.28571428%; max-width: 14.28571428%; } .wpcpro-row .wpcpro-col-sm-8 { flex: 0 0 12.5%; max-width: 12.5%; } } @media (max-width: 480px) { .wpcpro-row .wpcpro-col-xs-1 { flex: 0 0 100%; max-width: 100%; } .wpcpro-row .wpcpro-col-xs-2 { flex: 0 0 50%; max-width: 50%; } .wpcpro-row .wpcpro-col-xs-3 { flex: 0 0 33.222%; max-width: 33.222%; } .wpcpro-row .wpcpro-col-xs-4 { flex: 0 0 25%; max-width: 25%; } .wpcpro-row .wpcpro-col-xs-5 { flex: 0 0 20%; max-width: 20%; } .wpcpro-row .wpcpro-col-xs-6 { flex: 0 0 16.6667%; max-width: 16.6667%; } .wpcpro-row .wpcpro-col-xs-7 { flex: 0 0 14.28571428%; max-width: 14.28571428%; } .wpcpro-row .wpcpro-col-xs-8 { flex: 0 0 12.5%; max-width: 12.5%; } } @media (min-width: 736px) { .wpcpro-row .wpcpro-col-md-1 { flex: 0 0 100%; max-width: 100%; } .wpcpro-row .wpcpro-col-md-2 { flex: 0 0 50%; max-width: 50%; } .wpcpro-row .wpcpro-col-md-2-5 { flex: 0 0 75%; max-width: 75%; } .wpcpro-row .wpcpro-col-md-3 { flex: 0 0 33.333%; max-width: 33.333%; } .wpcpro-row .wpcpro-col-md-4 { flex: 0 0 25%; max-width: 25%; } .wpcpro-row .wpcpro-col-md-5 { flex: 0 0 20%; max-width: 20%; } .wpcpro-row .wpcpro-col-md-6 { flex: 0 0 16.66666666666667%; max-width: 16.66666666666667%; } .wpcpro-row .wpcpro-col-md-7 { flex: 0 0 14.28571428%; max-width: 14.28571428%; } .wpcpro-row .wpcpro-col-md-8 { flex: 0 0 12.5%; max-width: 12.5%; } } @media (min-width: 980px) { .wpcpro-row .wpcpro-col-lg-1 { flex: 0 0 100%; max-width: 100%; } .wpcpro-row .wpcpro-col-lg-2 { flex: 0 0 50%; max-width: 50%; } .wpcpro-row .wpcpro-col-lg-3 { flex: 0 0 33.222%; max-width: 33.222%; } .wpcpro-row .wpcpro-col-lg-4 { flex: 0 0 25%; max-width: 25%; } .wpcpro-row .wpcpro-col-lg-5 { flex: 0 0 20%; max-width: 20%; } .wpcpro-row .wpcpro-col-lg-6 { flex: 0 0 16.6667%; max-width: 16.6667%; } .wpcpro-row .wpcpro-col-lg-7 { flex: 0 0 14.28571428%; max-width: 14.28571428%; } .wpcpro-row .wpcpro-col-lg-8 { flex: 0 0 12.5%; max-width: 12.5%; } } @media (min-width: 1200px) { .wpcpro-row .wpcpro-col-xl-1 { flex: 0 0 100%; max-width: 100%; } .wpcpro-row .wpcpro-col-xl-2 { flex: 0 0 50%; max-width: 50%; } .wpcpro-row .wpcpro-col-xl-3 { flex: 0 0 33.22222222%; max-width: 33.22222222%; } .wpcpro-row .wpcpro-col-xl-4 { flex: 0 0 25%; max-width: 25%; } .wpcpro-row .wpcpro-col-xl-5 { flex: 0 0 20%; max-width: 20%; } .wpcpro-row .wpcpro-col-xl-6 { flex: 0 0 16.66667%; max-width: 16.66667%; } .wpcpro-row .wpcpro-col-xl-7 { flex: 0 0 14.28571428%; max-width: 14.28571428%; } .wpcpro-row .wpcpro-col-xl-8 { flex: 0 0 12.5%; max-width: 12.5%; } }<\/style><div class=\"wpcp-carousel-wrapper wpcp-wrapper-83067\">\n\t<div id=\"wpcp-preloader-83067\" class=\"wpcp-carousel-preloader\"><img decoding=\"async\" src=\"https:\/\/www.bulletmoto.com\/wp-content\/plugins\/wp-carousel-free\/public\/css\/spinner.svg\" alt=\"Preloader Image\" \/><\/div>\t<div class=\"wpcp-carousel-content-wrapper\">\n\t<div id=\"sp-wp-carousel-free-id-83067\" class=\"wpcp-carousel-section sp-wpcp-83067  nav-vertical-center wpcp-image-carousel wpcp-preloader wpcp-standard\" data-swiper='{ &quot;accessibility&quot;:true, &quot;spaceBetween&quot;:20, &quot;arrows&quot;:true, &quot;freeMode&quot;: false, &quot;autoplay&quot;:true, &quot;effect&quot;: &quot;&quot;, &quot;centerMode&quot;: false, &quot;autoplaySpeed&quot;:3000, &quot;dots&quot;:true, &quot;infinite&quot;:true, &quot;speed&quot;:600, &quot;pauseOnHover&quot;:true,\n\t\t\t&quot;slidesToShow&quot;:{&quot;lg_desktop&quot;:1, &quot;desktop&quot;: 1, &quot;laptop&quot;: 1, &quot;tablet&quot;: 1, &quot;mobile&quot;: 1}, &quot;responsive&quot;:{&quot;desktop&quot;:1200, &quot;laptop&quot;: 980, &quot;tablet&quot;: 736, &quot;mobile&quot;: 480}, &quot;rtl&quot;:false, &quot;lazyLoad&quot;: &quot;false&quot;, &quot;swipe&quot;: true, &quot;draggable&quot;: true, &quot;swipeToSlide&quot;:false }' dir=\"ltr\">\n\t\t<div class=\"swiper-wrapper\">\n\t\t<div class=\"swiper-slide\">\n\t<div class=\"wpcp-single-item\">\n\t\t\t<a class=\"wcp-light-box\" data-buttons='[\"close\"]' data-wpc_url='https:\/\/www.bulletmoto.com\/wp-content\/uploads\/2024\/08\/Srad1000-2018-2-1.jpg' href=\"https:\/\/www.bulletmoto.com\/wp-content\/uploads\/2024\/08\/Srad1000-2018-2-1.jpg\" data-fancybox=\"wpcp_view\">\n\t\t<figure>\n\t\t\t<img loading=\"lazy\" decoding=\"async\" class=\"skip-lazy\" src=\"https:\/\/www.bulletmoto.com\/wp-content\/uploads\/2024\/08\/Srad1000-2018-2-1.jpg\" alt=\"Srad1000-2018-2-1\" width=\"1024\" height=\"683\">\t\t<\/figure>\n\t<\/a>\n\t\t<\/div>\n<\/div>\n\t<div class=\"swiper-slide\">\n\t<div class=\"wpcp-single-item\">\n\t\t\t<a class=\"wcp-light-box\" data-buttons='[\"close\"]' data-wpc_url='https:\/\/www.bulletmoto.com\/wp-content\/uploads\/2024\/08\/ZX-10-preta-2-1170x707-1-1024x619.jpg' href=\"https:\/\/www.bulletmoto.com\/wp-content\/uploads\/2024\/08\/ZX-10-preta-2-1170x707-1.jpg\" data-fancybox=\"wpcp_view\">\n\t\t<figure>\n\t\t\t<img loading=\"lazy\" decoding=\"async\" class=\"skip-lazy\" src=\"https:\/\/www.bulletmoto.com\/wp-content\/uploads\/2024\/08\/ZX-10-preta-2-1170x707-1-1024x619.jpg\" alt=\"ZX-10-preta-2-1170x707\" width=\"1024\" height=\"619\">\t\t<\/figure>\n\t<\/a>\n\t\t<\/div>\n<\/div>\n\t<div class=\"swiper-slide\">\n\t<div class=\"wpcp-single-item\">\n\t\t\t<a class=\"wcp-light-box\" data-buttons='[\"close\"]' data-wpc_url='https:\/\/www.bulletmoto.com\/wp-content\/uploads\/2024\/08\/Panigale-5-1170x707-1-1024x619.jpg' href=\"https:\/\/www.bulletmoto.com\/wp-content\/uploads\/2024\/08\/Panigale-5-1170x707-1.jpg\" data-fancybox=\"wpcp_view\">\n\t\t<figure>\n\t\t\t<img loading=\"lazy\" decoding=\"async\" class=\"skip-lazy\" src=\"https:\/\/www.bulletmoto.com\/wp-content\/uploads\/2024\/08\/Panigale-5-1170x707-1-1024x619.jpg\" alt=\"Panigale-5-1170x707\" width=\"1024\" height=\"619\">\t\t<\/figure>\n\t<\/a>\n\t\t<\/div>\n<\/div>\n\t<div class=\"swiper-slide\">\n\t<div class=\"wpcp-single-item\">\n\t\t\t<a class=\"wcp-light-box\" data-buttons='[\"close\"]' data-wpc_url='https:\/\/www.bulletmoto.com\/wp-content\/uploads\/2024\/08\/S1000RR2015.jpg' href=\"https:\/\/www.bulletmoto.com\/wp-content\/uploads\/2024\/08\/S1000RR2015.jpg\" data-fancybox=\"wpcp_view\">\n\t\t<figure>\n\t\t\t<img loading=\"lazy\" decoding=\"async\" class=\"skip-lazy\" src=\"https:\/\/www.bulletmoto.com\/wp-content\/uploads\/2024\/08\/S1000RR2015.jpg\" alt=\"S1000RR2015\" width=\"1024\" height=\"576\">\t\t<\/figure>\n\t<\/a>\n\t\t<\/div>\n<\/div>\n\t\t\t<\/div>\n\t\t\t\t\t<div class=\"wpcp-swiper-dots swiper-pagination\"><\/div>\n\t\t\t\t<!-- If we need navigation buttons -->\n\t\t\t\t\t<div class=\"wpcp-prev-button swiper-button-prev\"><i class=\"fa fa-angle-left\"><\/i><\/div>\n\t\t\t<div class=\"wpcp-next-button swiper-button-next\"><i class=\"fa fa-angle-right\"><\/i><\/div>\n\t\t\t<\/div>\n\t<\/div>\n<\/div>\n<div id=\"wp-block-themeisle-blocks-advanced-columns-6a59a007\" class=\"wp-block-themeisle-blocks-advanced-columns has-1-columns has-desktop-equal-layout has-tablet-equal-layout has-mobile-equal-layout has-vertical-unset\"><div class=\"wp-block-themeisle-blocks-advanced-columns-overlay\"><\/div><div class=\"innerblocks-wrap\"><div id=\"wp-block-themeisle-blocks-advanced-column-4ea98a09\" class=\"wp-block-themeisle-blocks-advanced-column\"><h2 class=\"wp-block-heading has-text-align-center\">Estriberas racing<\/h2>\n\n<div class=\"wp-block-buttons is-content-justification-center is-layout-flex wp-container-core-buttons-is-layout-16018d1d wp-block-buttons-is-layout-flex\"><div class=\"wp-block-button\"><a class=\"wp-block-button__link wp-element-button\" href=\"https:\/\/www.bulletmoto.com\/index.php\/es\/contacto\/\">COMPRAR<\/a><\/div><\/div><\/div><\/div><\/div><p>Las estriberas deportivas Bullet fueron desarrollados para optimizar la interacci\u00f3n entre el conductor y la motocicleta, permitiendo ajustes de posicionamiento.<\/p><p>Cuentan con ajustes de altura y retroceso para los pies, ajustes horizontales para las bandas de rodadura de accionamiento de freno y caja de cambios, rodamientos en la articulaci\u00f3n del pedal, un sistema etiquetado de alta precisi\u00f3n para la articulaci\u00f3n del pedale de cambio y bandas de rodadura texturizadas. De esta forma, aportamos precisi\u00f3n a la hora de engranar las marchas, sensibilidad a la hora de accionar el sistema de frenos, agarre del pie sobre la banda de rodadura, adem\u00e1s de resistencia mec\u00e1nica y durabilidad.<\/p><p>Todo el conjunto est\u00e1 fabricado en una aleaci\u00f3n especial de aluminio de alta resistencia mec\u00e1nica.<\/p><p>Al tratarse de un equipamiento destinado a un uso deportivo, los pedales no disponen de sistema de activaci\u00f3n de la luz de freno. Para algunos modelos es posible realizar adaptaciones. Cons\u00faltenos.<\/p><p>Modelos disponibles<\/p><p><strong>Modelo SBK \u2013 2,090.00BRL<\/strong><\/p><p>Consulta disponibilidad por marca, modelo y a\u00f1o.<\/p><figure class=\"wp-block-table is-style-stripes\"><table style=\"border-style:none;border-width:0px\"><thead><tr><th>Marca<\/th><th>Modelo<\/th><th>A\u00f1o<\/th><\/tr><\/thead><tbody><tr><td>Aprilia<\/td><td>RSV4 1000<\/td><td>2011<\/td><\/tr><tr><td>BMW<\/td><td>S 1000 R<\/td><td>2014-2017<\/td><\/tr><tr><td>BMW<\/td><td>S 1000 RR<\/td><td>2010-2018<\/td><\/tr><tr><td>Ducati<\/td><td>1098<\/td><td>&#8211;<\/td><\/tr><tr><td>Ducati<\/td><td>1198<\/td><td>&#8211;<\/td><\/tr><tr><td>Honda<\/td><td>CB 250 Twister<\/td><td>2016+<\/td><\/tr><tr><td>Honda<\/td><td>CB 500<\/td><td>1997-2005<\/td><\/tr><tr><td>Honda<\/td><td>CB 500 F<\/td><td>2014+<\/td><\/tr><tr><td>Honda<\/td><td>CB 500 X<\/td><td>2014+<\/td><\/tr><tr><td>Honda<\/td><td>CBR 250R<\/td><td>2012+<\/td><\/tr><tr><td>Honda<\/td><td>CBR 500R<\/td><td>2014-2018<\/td><\/tr><tr><td>Honda<\/td><td>CB 600 F Hornet<\/td><td>2005-2007<\/td><\/tr><tr><td>Honda<\/td><td>CB 600 F Hornet<\/td><td>2008+<\/td><\/tr><tr><td>Honda<\/td><td>CBR 600 F<\/td><td>2011+<\/td><\/tr><tr><td>Honda<\/td><td>CBR 600 RR<\/td><td>2003+<\/td><\/tr><tr><td>Honda<\/td><td>CBR 600 F3<\/td><td>1995-1997<\/td><\/tr><tr><td>Honda<\/td><td>CBR 650 R<\/td><td>2020<\/td><\/tr><tr><td>Honda<\/td><td>CB 1000R<\/td><td>2012+<\/td><\/tr><tr><td>Honda<\/td><td>CBR 1000 RR<\/td><td>2008+<\/td><\/tr><tr><td>Honda<\/td><td>CBR 1000 RR-R<\/td><td>2022+<\/td><\/tr><tr><td>Honda<\/td><td>CG 150 Sport<\/td><td>2005-2008<\/td><\/tr><tr><td>KTM<\/td><td>Duke 390<\/td><td>2015+<\/td><\/tr><tr><td>Kawasaki<\/td><td>ER 6N<\/td><td>2010-2017<\/td><\/tr><tr><td>Kawasaki<\/td><td>Ninja 400R<\/td><td>2018+<\/td><\/tr><tr><td>Kawasaki<\/td><td>Ninja 650R<\/td><td>2010-2017<\/td><\/tr><tr><td>Kawasaki<\/td><td>Ninja 650R<\/td><td>2018+<\/td><\/tr><tr><td>Kawasaki<\/td><td>Z650<\/td><td>2018+<\/td><\/tr><tr><td>Kawasaki<\/td><td>ZX-4R<\/td><td>2024+<\/td><\/tr><tr><td>Kawasaki<\/td><td>ZX-6R \/ RR<\/td><td>2005-2013<\/td><\/tr><tr><td>Kawasaki<\/td><td>ZX-6R 636<\/td><td>2013+<\/td><\/tr><tr><td>Kawasaki<\/td><td>ZX-10R<\/td><td>2008-2010<\/td><\/tr><tr><td>Kawasaki<\/td><td>ZX-10R<\/td><td>2011-2016<\/td><\/tr><tr><td>Kawasaki<\/td><td>ZX-10R<\/td><td>2017+<\/td><\/tr><tr><td>MV Agusta<\/td><td>F3 800<\/td><td>2014-2016<\/td><\/tr><tr><td>MV Agusta<\/td><td>F4<\/td><td>2010+<\/td><\/tr><tr><td>Suzuki<\/td><td>Bandit 600\/650\/1200 S\/N<\/td><td>1996-2008<\/td><\/tr><tr><td>Suzuki<\/td><td>Bandit 650\/1250 S\/N<\/td><td>2009+<\/td><\/tr><tr><td>Suzuki<\/td><td>GSX 650 F<\/td><td>2009+<\/td><\/tr><tr><td>Suzuki<\/td><td>GSX R 750 Srad<\/td><td>2007+<\/td><\/tr><tr><td>Suzuki<\/td><td>GSX R 1000 Srad<\/td><td>2005-2007<\/td><\/tr><tr><td>Suzuki<\/td><td>GSX R 1000 Srad<\/td><td>2008-2009<\/td><\/tr><tr><td>Suzuki<\/td><td>GSX R 1000 Srad<\/td><td>2010-2016<\/td><\/tr><tr><td>Suzuki<\/td><td>GSX R 1000 Srad<\/td><td>2017+<\/td><\/tr><tr><td>Suzuki<\/td><td>GSX 1300R Hayabusa<\/td><td>&#8211;<\/td><\/tr><tr><td>Triumph<\/td><td>Daytona 675<\/td><td>2006+<\/td><\/tr><tr><td>Triumph<\/td><td>Daytona 955i<\/td><td>2006+<\/td><\/tr><tr><td>Triumph<\/td><td>Speed Triple<\/td><td>2006+<\/td><\/tr><tr><td>Triumph<\/td><td>Street Triple RS<\/td><td>2017+<\/td><\/tr><tr><td>Triumph<\/td><td>Tiger 1050<\/td><td>2007-2010<\/td><\/tr><tr><td>Triumph<\/td><td>Tiger Sport 1050<\/td><td>2014-2018<\/td><\/tr><tr><td>Triumph<\/td><td>Trident 660<\/td><td>2021+<\/td><\/tr><tr><td>Yamaha<\/td><td>MT-07<\/td><td>2016+<\/td><\/tr><tr><td>Yamaha<\/td><td>MT-09<\/td><td>2015+<\/td><\/tr><tr><td>Yamaha<\/td><td>R3<\/td><td>2016+<\/td><\/tr><tr><td>Yamaha<\/td><td>R6<\/td><td>2006+<\/td><\/tr><tr><td>Yahaha<\/td><td>R1<\/td><td>2004+<\/td><\/tr><tr><td>Yamaha<\/td><td>R1M<\/td><td>2016+<\/td><\/tr><\/tbody><\/table><\/figure><p>Cons\u00faltenos sobre otros modelos no incluidos en la tabla anterior.<\/p><p><strong>Modelo Especial \u2013 2,750.00BRL<\/strong><\/p><p>Consulta disponibilidad por marca, modelo y a\u00f1o.<\/p><figure class=\"wp-block-table is-style-stripes\"><table class=\"has-fixed-layout\"><thead><tr><th>Marca<\/th><th>Modelo<\/th><th>A\u00f1o<\/th><\/tr><\/thead><tbody><tr><td>BMW<\/td><td>S1000RR<\/td><td>2020+<\/td><\/tr><tr><td>Ducati<\/td><td>Monster 696<\/td><td>&#8211;<\/td><\/tr><tr><td>Ducati<\/td><td>Multistrada<\/td><td>&#8211;<\/td><\/tr><tr><td>Ducati<\/td><td>Monster 1200 S<\/td><td><\/td><\/tr><tr><td>Ducati<\/td><td>Panigale 959<\/td><td>&#8211;<\/td><\/tr><tr><td>Ducati<\/td><td>Panigale 1199<\/td><td>&#8211;<\/td><\/tr><tr><td>Ducati<\/td><td>Panigale 1299<\/td><td>&#8211;<\/td><\/tr><tr><td>Ducati<\/td><td>Panigale V4S<\/td><td>&#8211;<\/td><\/tr><tr><td>Ducati<\/td><td>StreetFighter V4S<\/td><td>&#8211;<\/td><\/tr><tr><td>Ducati<\/td><td>Supersport S<\/td><td>&#8211;<\/td><\/tr><\/tbody><\/table><\/figure><p>Cons\u00faltenos sobre otros modelos no incluidos en la tabla anterior.<\/p><p><strong>Modelo mono \u2013 1,750.00BRL<\/strong><\/p><p>Consulta disponibilidad por marca, modelo y a\u00f1o.<\/p><figure class=\"wp-block-table is-style-stripes\"><table><thead><tr><th>Marca<\/th><th>Modelo<\/th><th>A\u00f1o<\/th><\/tr><\/thead><tbody><tr><td>Honda<\/td><td>CBR 250R<\/td><td>2013+<\/td><\/tr><tr><td>Honda<\/td><td>CBX 250 Twister<\/td><td>2001-2008<\/td><\/tr><tr><td>Kawasaki<\/td><td>Ninja 250 R<\/td><td>2009-2012<\/td><\/tr><tr><td>Kawasaki<\/td><td>Ninja 300 R<\/td><td>2013+<\/td><\/tr><tr><td>Triumph<\/td><td>Boneville T100<\/td><td>2004-2015<br>*Requiere adaptaciones<\/td><\/tr><tr><td>Triumph<\/td><td>Thruxton<\/td><td>2004-2015<br>*Requiere adaptaciones<\/td><\/tr><tr><td>Yamaha<\/td><td>MT-03<\/td><td>2016+<\/td><\/tr><tr><td>Yamaha<\/td><td>R3<\/td><td>2016+<\/td><\/tr><\/tbody><\/table><\/figure><p>Cons\u00faltenos sobre otros modelos no incluidos en la tabla anterior.<\/p><p><strong>Inversor de cambio adaptado \u2013 560.00BRL<\/strong><\/p><p>Consulta disponibilidad por marca, modelo y a\u00f1o.<\/p><figure class=\"wp-block-table is-style-stripes\"><table><thead><tr><th>Marca<\/th><th>Modelo<\/th><th>A\u00f1o<\/th><\/tr><\/thead><tbody><tr><td>Ducati<\/td><td>Hypermotard \/ Hyperstrada 821<\/td><td>PRECIO ESPECIAL &#8211; 405.00BRL<\/td><\/tr><tr><td>Ducati<\/td><td>Hypermotard 796 \/ 1100<\/td><td>PRECIO ESPECIAL &#8211; 405,00BRL<\/td><\/tr><tr><td>Honda<\/td><td>CRF 450<\/td><td>2006+<\/td><\/tr><tr><td>Kawasaki<\/td><td>ZX-10R<\/td><td>2017+<\/td><\/tr><tr><td>Yamaha<\/td><td>YZ 450F<\/td><td>2019+<\/td><\/tr><\/tbody><\/table><\/figure>","protected":false},"excerpt":{"rendered":"<p>Las estriberas deportivas Bullet fueron desarrollados para optimizar la interacci\u00f3n entre el conductor y la motocicleta, permitiendo ajustes de posicionamiento. Cuentan con ajustes de altura y retroceso para los pies, ajustes horizontales para las bandas de rodadura de accionamiento de freno y caja de cambios, rodamientos en la articulaci\u00f3n del pedal, un sistema etiquetado de&hellip;&nbsp;<a href=\"https:\/\/www.bulletmoto.com\/index.php\/es\/pedaleiras-2\/\" class=\"\" rel=\"bookmark\">Continue a ler &raquo;<span class=\"screen-reader-text\">Estriberas racing<\/span><\/a><\/p>\n","protected":false},"author":3,"featured_media":0,"parent":0,"menu_order":0,"comment_status":"closed","ping_status":"closed","template":"","meta":{"neve_meta_sidebar":"","neve_meta_container":"","neve_meta_enable_content_width":"","neve_meta_content_width":0,"neve_meta_title_alignment":"","neve_meta_author_avatar":"","neve_post_elements_order":"","neve_meta_disable_header":"","neve_meta_disable_footer":"","neve_meta_disable_title":"","_themeisle_gutenberg_block_has_review":false,"footnotes":""},"class_list":["post-82581","page","type-page","status-publish","hentry"],"_links":{"self":[{"href":"https:\/\/www.bulletmoto.com\/index.php\/wp-json\/wp\/v2\/pages\/82581","targetHints":{"allow":["GET"]}}],"collection":[{"href":"https:\/\/www.bulletmoto.com\/index.php\/wp-json\/wp\/v2\/pages"}],"about":[{"href":"https:\/\/www.bulletmoto.com\/index.php\/wp-json\/wp\/v2\/types\/page"}],"author":[{"embeddable":true,"href":"https:\/\/www.bulletmoto.com\/index.php\/wp-json\/wp\/v2\/users\/3"}],"replies":[{"embeddable":true,"href":"https:\/\/www.bulletmoto.com\/index.php\/wp-json\/wp\/v2\/comments?post=82581"}],"version-history":[{"count":14,"href":"https:\/\/www.bulletmoto.com\/index.php\/wp-json\/wp\/v2\/pages\/82581\/revisions"}],"predecessor-version":[{"id":84488,"href":"https:\/\/www.bulletmoto.com\/index.php\/wp-json\/wp\/v2\/pages\/82581\/revisions\/84488"}],"wp:attachment":[{"href":"https:\/\/www.bulletmoto.com\/index.php\/wp-json\/wp\/v2\/media?parent=82581"}],"curies":[{"name":"wp","href":"https:\/\/api.w.org\/{rel}","templated":true}]}}