{"id":82625,"date":"2024-08-07T14:38:22","date_gmt":"2024-08-07T17:38:22","guid":{"rendered":"https:\/\/iterdigital.com.br\/bul\/?page_id=82625"},"modified":"2026-01-14T10:10:09","modified_gmt":"2026-01-14T13:10:09","slug":"semiguidoes-2","status":"publish","type":"page","link":"https:\/\/www.bulletmoto.com\/index.php\/es\/semiguidoes-2\/","title":{"rendered":"Semimanillares"},"content":{"rendered":"<div id=\"wp-block-themeisle-blocks-advanced-columns-4a2b3b9f\" class=\"wp-block-themeisle-blocks-advanced-columns has-1-columns has-desktop-equal-layout has-tablet-equal-layout has-mobile-equal-layout has-vertical-unset\"><div class=\"wp-block-themeisle-blocks-advanced-columns-overlay\"><\/div><div class=\"innerblocks-wrap\"><div id=\"wp-block-themeisle-blocks-advanced-column-26fd158e\" class=\"wp-block-themeisle-blocks-advanced-column\"><style id=\"wp_carousel_dynamic_css83079\">#sp-wp-carousel-free-id-83079 .wpcp-swiper-dots {margin: 40px 0px 0px 0px;}.wpcp-wrapper-83079 .swiper-wrapper .swiper-slide-kenburn, .wpcp-wrapper-83079 .swiper-wrapper, .wpcp-wrapper-83079 .wpcpro-row{align-items: center;}#sp-wp-carousel-free-id-83079 .wpcp-single-item {box-shadow: 0px 0px 0px 0px #dddddd;transition: all .3s;margin: 0px;}#sp-wp-carousel-free-id-83079.swiper-flip .wpcp-single-item{margin: 0!important;}#sp-wp-carousel-free-id-83079 .wpcp-single-item:hover {box-shadow: 0px 0px 0px 0px #dddddd;}#sp-wp-carousel-free-id-83079.sp-wpcp-83079 .wpcp-single-item {border: 1px solid #dddddd;}#sp-wp-carousel-free-id-83079.sp-wpcp-83079 .swiper-button-prev,#sp-wp-carousel-free-id-83079.sp-wpcp-83079 .swiper-button-next,#sp-wp-carousel-free-id-83079.sp-wpcp-83079 .swiper-button-prev:hover,#sp-wp-carousel-free-id-83079.sp-wpcp-83079 .swiper-button-next:hover {background: none;border: none;font-size: 30px;}#sp-wp-carousel-free-id-83079.sp-wpcp-83079 .swiper-button-prev i,#sp-wp-carousel-free-id-83079.sp-wpcp-83079 .swiper-button-next i {color: #000000;}#sp-wp-carousel-free-id-83079.sp-wpcp-83079 .swiper-button-prev i:hover,#sp-wp-carousel-free-id-83079.sp-wpcp-83079 .swiper-button-next i:hover {color: #f77d20;}#sp-wp-carousel-free-id-83079.sp-wpcp-83079 .wpcp-swiper-dots .swiper-pagination-bullet {background-color: #000000;}#sp-wp-carousel-free-id-83079.sp-wpcp-83079 .wpcp-swiper-dots .swiper-pagination-bullet.swiper-pagination-bullet-active {background-color: #e88025;}#sp-wp-carousel-free-id-83079 .wpcpro-row>[class*=\"wpcpro-col-\"] { padding: 0 10px; padding-bottom: 20px;} #sp-wp-carousel-free-id-83079 .swiper-slide .single-item-fade:not(:last-child) { margin-right: 20px;}@media (min-width: 480px) { .wpcpro-row .wpcpro-col-sm-1 { flex: 0 0 100%; max-width: 100%; } .wpcpro-row .wpcpro-col-sm-2 { flex: 0 0 50%; max-width: 50%; } .wpcpro-row .wpcpro-col-sm-2-5 { flex: 0 0 75%; max-width: 75%; } .wpcpro-row .wpcpro-col-sm-3 { flex: 0 0 33.333%; max-width: 33.333%; } .wpcpro-row .wpcpro-col-sm-4 { flex: 0 0 25%; max-width: 25%; } .wpcpro-row .wpcpro-col-sm-5 { flex: 0 0 20%; max-width: 20%; } .wpcpro-row .wpcpro-col-sm-6 { flex: 0 0 16.66666666666667%; max-width: 16.66666666666667%; } .wpcpro-row .wpcpro-col-sm-7 { flex: 0 0 14.28571428%; max-width: 14.28571428%; } .wpcpro-row .wpcpro-col-sm-8 { flex: 0 0 12.5%; max-width: 12.5%; } } @media (max-width: 480px) { .wpcpro-row .wpcpro-col-xs-1 { flex: 0 0 100%; max-width: 100%; } .wpcpro-row .wpcpro-col-xs-2 { flex: 0 0 50%; max-width: 50%; } .wpcpro-row .wpcpro-col-xs-3 { flex: 0 0 33.222%; max-width: 33.222%; } .wpcpro-row .wpcpro-col-xs-4 { flex: 0 0 25%; max-width: 25%; } .wpcpro-row .wpcpro-col-xs-5 { flex: 0 0 20%; max-width: 20%; } .wpcpro-row .wpcpro-col-xs-6 { flex: 0 0 16.6667%; max-width: 16.6667%; } .wpcpro-row .wpcpro-col-xs-7 { flex: 0 0 14.28571428%; max-width: 14.28571428%; } .wpcpro-row .wpcpro-col-xs-8 { flex: 0 0 12.5%; max-width: 12.5%; } } @media (min-width: 736px) { .wpcpro-row .wpcpro-col-md-1 { flex: 0 0 100%; max-width: 100%; } .wpcpro-row .wpcpro-col-md-2 { flex: 0 0 50%; max-width: 50%; } .wpcpro-row .wpcpro-col-md-2-5 { flex: 0 0 75%; max-width: 75%; } .wpcpro-row .wpcpro-col-md-3 { flex: 0 0 33.333%; max-width: 33.333%; } .wpcpro-row .wpcpro-col-md-4 { flex: 0 0 25%; max-width: 25%; } .wpcpro-row .wpcpro-col-md-5 { flex: 0 0 20%; max-width: 20%; } .wpcpro-row .wpcpro-col-md-6 { flex: 0 0 16.66666666666667%; max-width: 16.66666666666667%; } .wpcpro-row .wpcpro-col-md-7 { flex: 0 0 14.28571428%; max-width: 14.28571428%; } .wpcpro-row .wpcpro-col-md-8 { flex: 0 0 12.5%; max-width: 12.5%; } } @media (min-width: 980px) { .wpcpro-row .wpcpro-col-lg-1 { flex: 0 0 100%; max-width: 100%; } .wpcpro-row .wpcpro-col-lg-2 { flex: 0 0 50%; max-width: 50%; } .wpcpro-row .wpcpro-col-lg-3 { flex: 0 0 33.222%; max-width: 33.222%; } .wpcpro-row .wpcpro-col-lg-4 { flex: 0 0 25%; max-width: 25%; } .wpcpro-row .wpcpro-col-lg-5 { flex: 0 0 20%; max-width: 20%; } .wpcpro-row .wpcpro-col-lg-6 { flex: 0 0 16.6667%; max-width: 16.6667%; } .wpcpro-row .wpcpro-col-lg-7 { flex: 0 0 14.28571428%; max-width: 14.28571428%; } .wpcpro-row .wpcpro-col-lg-8 { flex: 0 0 12.5%; max-width: 12.5%; } } @media (min-width: 1200px) { .wpcpro-row .wpcpro-col-xl-1 { flex: 0 0 100%; max-width: 100%; } .wpcpro-row .wpcpro-col-xl-2 { flex: 0 0 50%; max-width: 50%; } .wpcpro-row .wpcpro-col-xl-3 { flex: 0 0 33.22222222%; max-width: 33.22222222%; } .wpcpro-row .wpcpro-col-xl-4 { flex: 0 0 25%; max-width: 25%; } .wpcpro-row .wpcpro-col-xl-5 { flex: 0 0 20%; max-width: 20%; } .wpcpro-row .wpcpro-col-xl-6 { flex: 0 0 16.66667%; max-width: 16.66667%; } .wpcpro-row .wpcpro-col-xl-7 { flex: 0 0 14.28571428%; max-width: 14.28571428%; } .wpcpro-row .wpcpro-col-xl-8 { flex: 0 0 12.5%; max-width: 12.5%; } }<\/style><div class=\"wpcp-carousel-wrapper wpcp-wrapper-83079\">\n\t<div id=\"wpcp-preloader-83079\" class=\"wpcp-carousel-preloader\"><img decoding=\"async\" src=\"https:\/\/www.bulletmoto.com\/wp-content\/plugins\/wp-carousel-free\/public\/css\/spinner.svg\" alt=\"Preloader Image\" \/><\/div>\t<div class=\"wpcp-carousel-content-wrapper\">\n\t<div id=\"sp-wp-carousel-free-id-83079\" class=\"wpcp-carousel-section sp-wpcp-83079  nav-vertical-center wpcp-image-carousel wpcp-preloader wpcp-standard\" data-swiper='{ &quot;accessibility&quot;:true, &quot;spaceBetween&quot;:20, &quot;arrows&quot;:true, &quot;freeMode&quot;: false, &quot;autoplay&quot;:true, &quot;effect&quot;: &quot;&quot;, &quot;centerMode&quot;: false, &quot;autoplaySpeed&quot;:3000, &quot;dots&quot;:true, &quot;infinite&quot;:true, &quot;speed&quot;:600, &quot;pauseOnHover&quot;:true,\n\t\t\t&quot;slidesToShow&quot;:{&quot;lg_desktop&quot;:1, &quot;desktop&quot;: 1, &quot;laptop&quot;: 1, &quot;tablet&quot;: 1, &quot;mobile&quot;: 1}, &quot;responsive&quot;:{&quot;desktop&quot;:1200, &quot;laptop&quot;: 980, &quot;tablet&quot;: 736, &quot;mobile&quot;: 480}, &quot;rtl&quot;:false, &quot;lazyLoad&quot;: &quot;false&quot;, &quot;swipe&quot;: true, &quot;draggable&quot;: true, &quot;swipeToSlide&quot;:false }' dir=\"ltr\">\n\t\t<div class=\"swiper-wrapper\">\n\t\t<div class=\"swiper-slide\">\n\t<div class=\"wpcp-single-item\">\n\t\t\t<a class=\"wcp-light-box\" data-buttons='[\"close\"]' data-wpc_url='https:\/\/www.bulletmoto.com\/wp-content\/uploads\/2024\/08\/25012023-IMG_6641-1024x707-1.jpg' href=\"https:\/\/www.bulletmoto.com\/wp-content\/uploads\/2024\/08\/25012023-IMG_6641-1024x707-1.jpg\" data-fancybox=\"wpcp_view\">\n\t\t<figure>\n\t\t\t<img loading=\"lazy\" decoding=\"async\" class=\"skip-lazy\" src=\"https:\/\/www.bulletmoto.com\/wp-content\/uploads\/2024\/08\/25012023-IMG_6641-1024x707-1.jpg\" alt=\"25012023-IMG_6641-1024x707\" width=\"1024\" height=\"707\">\t\t<\/figure>\n\t<\/a>\n\t\t<\/div>\n<\/div>\n\t<div class=\"swiper-slide\">\n\t<div class=\"wpcp-single-item\">\n\t\t\t<a class=\"wcp-light-box\" data-buttons='[\"close\"]' data-wpc_url='https:\/\/www.bulletmoto.com\/wp-content\/uploads\/2024\/08\/GP-6.jpg' href=\"https:\/\/www.bulletmoto.com\/wp-content\/uploads\/2024\/08\/GP-6.jpg\" data-fancybox=\"wpcp_view\">\n\t\t<figure>\n\t\t\t<img loading=\"lazy\" decoding=\"async\" class=\"skip-lazy\" src=\"https:\/\/www.bulletmoto.com\/wp-content\/uploads\/2024\/08\/GP-6.jpg\" alt=\"GP-6\" width=\"1024\" height=\"683\">\t\t<\/figure>\n\t<\/a>\n\t\t<\/div>\n<\/div>\n\t<div class=\"swiper-slide\">\n\t<div class=\"wpcp-single-item\">\n\t\t\t<a class=\"wcp-light-box\" data-buttons='[\"close\"]' data-wpc_url='https:\/\/www.bulletmoto.com\/wp-content\/uploads\/2024\/08\/Semiguidao_GP_UP-5.jpg' href=\"https:\/\/www.bulletmoto.com\/wp-content\/uploads\/2024\/08\/Semiguidao_GP_UP-5.jpg\" data-fancybox=\"wpcp_view\">\n\t\t<figure>\n\t\t\t<img loading=\"lazy\" decoding=\"async\" class=\"skip-lazy\" src=\"https:\/\/www.bulletmoto.com\/wp-content\/uploads\/2024\/08\/Semiguidao_GP_UP-5.jpg\" alt=\"Semiguid\u00e3o_GP_UP-5\" width=\"1024\" height=\"683\">\t\t<\/figure>\n\t<\/a>\n\t\t<\/div>\n<\/div>\n\t<div class=\"swiper-slide\">\n\t<div class=\"wpcp-single-item\">\n\t\t\t<a class=\"wcp-light-box\" data-buttons='[\"close\"]' data-wpc_url='https:\/\/www.bulletmoto.com\/wp-content\/uploads\/2024\/08\/Semiguidoes-mod.-UP-Preto7.jpg' href=\"https:\/\/www.bulletmoto.com\/wp-content\/uploads\/2024\/08\/Semiguidoes-mod.-UP-Preto7.jpg\" data-fancybox=\"wpcp_view\">\n\t\t<figure>\n\t\t\t<img loading=\"lazy\" decoding=\"async\" class=\"skip-lazy\" src=\"https:\/\/www.bulletmoto.com\/wp-content\/uploads\/2024\/08\/Semiguidoes-mod.-UP-Preto7.jpg\" alt=\"Semiguid\u00f5es-mod.-UP-Preto7\" width=\"1024\" height=\"683\">\t\t<\/figure>\n\t<\/a>\n\t\t<\/div>\n<\/div>\n\t<div class=\"swiper-slide\">\n\t<div class=\"wpcp-single-item\">\n\t\t\t<a class=\"wcp-light-box\" data-buttons='[\"close\"]' data-wpc_url='https:\/\/www.bulletmoto.com\/wp-content\/uploads\/2024\/08\/Semiguidao_GP_UP-2.jpg' href=\"https:\/\/www.bulletmoto.com\/wp-content\/uploads\/2024\/08\/Semiguidao_GP_UP-2.jpg\" data-fancybox=\"wpcp_view\">\n\t\t<figure>\n\t\t\t<img loading=\"lazy\" decoding=\"async\" class=\"skip-lazy\" src=\"https:\/\/www.bulletmoto.com\/wp-content\/uploads\/2024\/08\/Semiguidao_GP_UP-2.jpg\" alt=\"Semiguid\u00e3o_GP_UP-2\" width=\"1024\" height=\"683\">\t\t<\/figure>\n\t<\/a>\n\t\t<\/div>\n<\/div>\n\t\t\t<\/div>\n\t\t\t\t\t<div class=\"wpcp-swiper-dots swiper-pagination\"><\/div>\n\t\t\t\t<!-- If we need navigation buttons -->\n\t\t\t\t\t<div class=\"wpcp-prev-button swiper-button-prev\"><i class=\"fa fa-angle-left\"><\/i><\/div>\n\t\t\t<div class=\"wpcp-next-button swiper-button-next\"><i class=\"fa fa-angle-right\"><\/i><\/div>\n\t\t\t<\/div>\n\t<\/div>\n<\/div>\n<\/div><\/div><\/div><div id=\"wp-block-themeisle-blocks-advanced-columns-49f2b761\" class=\"wp-block-themeisle-blocks-advanced-columns has-1-columns has-desktop-equal-layout has-tablet-equal-layout has-mobile-equal-layout has-vertical-unset\"><div class=\"wp-block-themeisle-blocks-advanced-columns-overlay\"><\/div><div class=\"innerblocks-wrap\"><div id=\"wp-block-themeisle-blocks-advanced-column-89267435\" class=\"wp-block-themeisle-blocks-advanced-column\"><h2 class=\"wp-block-heading has-text-align-center\">sEmimanillares<\/h2>\n\n<div class=\"wp-block-buttons is-content-justification-center is-layout-flex wp-container-core-buttons-is-layout-16018d1d wp-block-buttons-is-layout-flex\"><div class=\"wp-block-button\"><a class=\"wp-block-button__link wp-element-button\" href=\"https:\/\/www.bulletmoto.com\/index.php\/es\/contacto\/\">COMPRAR<\/a><\/div><\/div><\/div><\/div><\/div><p>Los semimanillares Bullet fueron desarrollados para sustituir los semimanillares o manillares originales de las motocicletas, tanto deportivas como de otros modelos, y permiten al piloto profesional o aficionado una postura ergon\u00f3mica ideal para la moto. En algunos modelos de motocicletas, es posible que sea necesario realizar modificaciones para la instalaci\u00f3n.<\/p><p>Las abrazaderas de fijaci\u00f3n permiten una r\u00e1pida instalaci\u00f3n y los tubos del manillar son piezas independientes, para una f\u00e1cil sustituci\u00f3n en caso de ca\u00edda. De esta manera garantizamos ahorro para los consumidores y competitividad para los pilotos.<\/p><p><strong>Semimanillares modelo GP<\/strong><\/p><p><strong>Hasta \u00d847mm 640.00BRL \u2013 Por encima de \u00d848mm 690.00BRL<\/strong><\/p><p>Cons\u00faltanos sobre tu modelo<\/p><div id=\"wp-block-themeisle-blocks-advanced-columns-1248bb25\" class=\"wp-block-themeisle-blocks-advanced-columns has-1-columns has-desktop-equal-layout has-tablet-equal-layout has-mobile-equal-layout has-vertical-unset\"><div class=\"wp-block-themeisle-blocks-advanced-columns-overlay\"><\/div><div class=\"innerblocks-wrap\"><div id=\"wp-block-themeisle-blocks-advanced-column-381cc8be\" class=\"wp-block-themeisle-blocks-advanced-column\"><div class=\"wp-block-image\"><figure class=\"alignleft\"><img decoding=\"async\" src=\"https:\/\/www.bulletmoto.com\/Imagens\/2011\/10\/GP-Natural-4-150x150.jpg\" alt=\"\" class=\"wp-image-669\" title=\"GP Natural 4\"\/><\/figure><\/div>\n\n<p>El modelo GP fue desarrollado para uso profesional en pista, cumpliendo con estrictos requisitos de rendimiento en competiciones de motos. Disponen de un sistema de clips reforzados fabricados con una aleaci\u00f3n especial de aluminio de alt\u00edsima resistencia mec\u00e1nica, la misma que se utiliza en componentes de motos de campeonatos del mundo, como WSBK y Moto GP.&nbsp;Los tubos del semimanillar tienen un acabado esf\u00e9rico en los extremos, fabricados en pl\u00e1stico de ingenier\u00eda, el mismo material que nuestros sliders.<\/p><\/div><\/div><\/div><p><strong>Semimanillares modelo GP2 \u2013 725.00BRL<\/strong><\/p><div id=\"wp-block-themeisle-blocks-advanced-columns-f95166cb\" class=\"wp-block-themeisle-blocks-advanced-columns has-1-columns has-desktop-equal-layout has-tablet-equal-layout has-mobile-equal-layout has-vertical-unset\"><div class=\"wp-block-themeisle-blocks-advanced-columns-overlay\"><\/div><div class=\"innerblocks-wrap\"><div id=\"wp-block-themeisle-blocks-advanced-column-09a74b72\" class=\"wp-block-themeisle-blocks-advanced-column\"><div class=\"wp-block-image\"><figure class=\"alignleft\"><img decoding=\"async\" src=\"https:\/\/www.bulletmoto.com\/Imagens\/2019\/03\/Semiguidao_GP_UP-1-150x150.jpg\" alt=\"\" class=\"wp-image-2740\"\/><\/figure><\/div>\n\n<p>El modelo GP2 cubre las necesidades de algunas motos donde es necesario desviar la tabla. Vea la tabla de abajo.<\/p><\/div><\/div><\/div><p><strong>Semimanillares modelo GP3 \u2013 De 875.00BRL a 1,055.00BRL<\/strong><\/p><div id=\"wp-block-themeisle-blocks-advanced-columns-93aaa93c\" class=\"wp-block-themeisle-blocks-advanced-columns has-1-columns has-desktop-equal-layout has-tablet-equal-layout has-mobile-equal-layout has-vertical-unset\"><div class=\"wp-block-themeisle-blocks-advanced-columns-overlay\"><\/div><div class=\"innerblocks-wrap\"><div id=\"wp-block-themeisle-blocks-advanced-column-0bf6e1da\" class=\"wp-block-themeisle-blocks-advanced-column\"><div class=\"wp-block-image\"><figure class=\"alignleft\"><img decoding=\"async\" src=\"https:\/\/www.bulletmoto.com\/Imagens\/2022\/04\/SemiguidaoS1000RR-6386-150x150.jpg\" alt=\"\" class=\"wp-image-3110\"\/><\/figure><\/div>\n\n<p>El modelo GP3 fue desarrollado con una ligera elevaci\u00f3n y posicionamiento lateral a la mesa de la moto. Los dem\u00e1s modelos se colocan delante de la mesa.<\/p><\/div><\/div><\/div><p><strong>Semimanillares modelo UP \u2013 610,00BRL<\/strong><\/p><div class=\"wp-block-image\"><figure class=\"alignleft\"><img decoding=\"async\" src=\"https:\/\/www.bulletmoto.com\/Imagens\/2018\/07\/Semiguid%C3%B5es-mod.-UP-Preto7-150x150.jpg\" alt=\"\" class=\"wp-image-2641\"\/><\/figure><\/div><p>En algunas motos no es posible sustituir los manillares originales por semimanillar tipo GP, debido a que interfieren con la direcci\u00f3n, ya que pueden tocar el dep\u00f3sito, carenado, etc.&nbsp;&nbsp;Por eso desarrollamos un sistema de semimanillar con tija intermedia. El modelo Up, no tan bajo como el GP, pero s\u00ed m\u00e1s bajo que el original, proporciona al piloto una postura m\u00e1s deportiva. Los clips son de aluminio de alta resistencia y las barras son de aluminio macizo con rosca M6 para fijar los terminales del manillar Bullet o el manillar original de la moto.<\/p><div style=\"height:53px\" aria-hidden=\"true\" class=\"wp-block-spacer\"><\/div><p><strong>Tubos de repuesto \u2013 mod.\u00a0GP 105.00BRL cada uno y mod.\u00a0UP 155.00BRL cada uno<\/strong><\/p><div class=\"wp-block-image\"><figure class=\"alignleft\"><img decoding=\"async\" src=\"https:\/\/www.bulletmoto.com\/Imagens\/2018\/07\/IMG_1346-scaled-e1684848087100-150x150.jpg\" alt=\"\" class=\"wp-image-82253\"\/><\/figure><\/div><p>Si es necesario sustituir los tubos de tu manillar Bullet, puedes adquirir una pieza nueva y sustituirla de forma sencilla y r\u00e1pida.<\/p><p><\/p><p><\/p><div style=\"height:20px\" aria-hidden=\"true\" class=\"wp-block-spacer\"><\/div><p><strong>Consulta el modelo para tu moto.<\/strong><\/p><p>Todos los modelos de motos, especialmente las deportivas, pueden recibir un semimanillar. Sin embargo, algunos modelos de motocicletas pueden requerir adaptaciones para permitir la instalaci\u00f3n (ver * en la tabla). Si no encuentra su modelo de motocicleta en la lista, cont\u00e1ctenos para m\u00e1s informaci\u00f3n.<\/p><figure class=\"wp-block-table is-style-stripes\"><table><thead><tr><th>Marca<\/th><th>Modelo<\/th><th>A\u00f1o<\/th><th>Semimanillar<\/th><\/tr><\/thead><tbody><tr><td>Aprilia<\/td><td>RSV4 1000<\/td><td>2011+<\/td><td>GP<\/td><\/tr><tr><td>BMW<\/td><td>S1000RR<\/td><td>2011-2019<\/td><td>GP<\/td><\/tr><tr><td>BMW<\/td><td>S1000RR<\/td><td>2020+<\/td><td>GP3<\/td><\/tr><tr><td>Ducati<\/td><td>749<\/td><td>&#8211;<\/td><td>GP<\/td><\/tr><tr><td>Ducati<\/td><td>749<\/td><td>&#8211;<\/td><td>GP<\/td><\/tr><tr><td>Ducati<\/td><td>848<\/td><td>&#8211;<\/td><td>GP<\/td><\/tr><tr><td>Ducati<\/td><td>996<\/td><td>&#8211;<\/td><td>GP<\/td><\/tr><tr><td>Ducati<\/td><td>998<\/td><td>&#8211;<\/td><td>GP<\/td><\/tr><tr><td>Ducati<\/td><td>999<\/td><td>&#8211;<\/td><td>GP<\/td><\/tr><tr><td>Ducati<\/td><td>1098<\/td><td>&#8211;<\/td><td>GP<\/td><\/tr><tr><td>Ducati<\/td><td>1198<\/td><td>&#8211;<\/td><td>GP<\/td><\/tr><tr><td>Ducati<\/td><td>1199 Panigale<\/td><td>&#8211;<\/td><td>GP<\/td><\/tr><tr><td>Ducati<\/td><td>Desmosedici 16 RR<\/td><td>&#8211;<\/td><td>GP<\/td><\/tr><tr><td>Harley Davidson<\/td><td>XR1200<\/td><td>&#8211;<\/td><td>GP + Barras especiales<\/td><\/tr><tr><td>Honda<\/td><td>CG 150 Sport<\/td><td>2005-2008<\/td><td>GP*<\/td><\/tr><tr><td>Honda<\/td><td>CBX 250 Twister<\/td><td>2001-2008<\/td><td>GP<\/td><\/tr><tr><td>Honda<\/td><td>CB 300 R<\/td><td>2010+<\/td><td>GP*<\/td><\/tr><tr><td>Honda<\/td><td>CB 400\/450<\/td><td>&#8211;<\/td><td>GP<\/td><\/tr><tr><td>Honda<\/td><td>CB 500<\/td><td>1997-2005<\/td><td>GP<\/td><\/tr><tr><td>Honda<\/td><td>CB 600 F Hornet<\/td><td>2005-2007<\/td><td>GP\/UP<\/td><\/tr><tr><td>Honda<\/td><td>CBR 250R<\/td><td>2013+<\/td><td>GP<\/td><\/tr><tr><td>Honda<\/td><td>CBR 500R<\/td><td>2013+<\/td><td>GP<\/td><\/tr><tr><td>Honda<\/td><td>CBR 600 RR<\/td><td>2008<\/td><td>GP2<\/td><\/tr><tr><td>Honda<\/td><td>CBR 650 R<\/td><td>2020<\/td><td>GP2<\/td><\/tr><tr><td>Honda<\/td><td>CBR 954<\/td><td>2002-2003<\/td><td>GP<\/td><\/tr><tr><td>Honda<\/td><td>CBR 1000 RR<\/td><td>2004-2007<\/td><td>GP2<\/td><\/tr><tr><td>Honda<\/td><td>CBR 1000 RR<\/td><td>2008+<\/td><td>GP2<\/td><\/tr><tr><td>KTM<\/td><td>Duke 390<\/td><td>2015+<\/td><td>GP<\/td><\/tr><tr><td>KTM<\/td><td>1190 RC8<\/td><td>&#8211;<\/td><td>GP<\/td><\/tr><tr><td>Kasisnki<\/td><td>Comet 250\/650<\/td><td><\/td><td>GP<\/td><\/tr><tr><td>Kawasaki<\/td><td>Ninja 250<\/td><td>2009-2012<\/td><td>GP<\/td><\/tr><tr><td>Kawasaki<\/td><td>Ninja 300<\/td><td>2013+<\/td><td>GP<\/td><\/tr><tr><td>Kawasaki<\/td><td>Ninja 400<\/td><td><\/td><td>GP*\/GP2<\/td><\/tr><tr><td>Kawasaki<\/td><td>ZX-6R<\/td><td>&#8211;<\/td><td>GP<\/td><\/tr><tr><td>Kawasaki<\/td><td>ZX-6R-636<\/td><td>&#8211;<\/td><td>GP<\/td><\/tr><tr><td>Kawasaki<\/td><td>Z750<\/td><td>&#8211;<\/td><td>UP<\/td><\/tr><tr><td>Kawasaki<\/td><td>ZX-10<\/td><td>2005+<\/td><td>GP\/GP3<\/td><\/tr><tr><td>MV Agusta<\/td><td>F4<\/td><td>&#8211;<\/td><td>GP<\/td><\/tr><tr><td>Suzuki<\/td><td>GS 500<\/td><td>&#8211;<\/td><td>GP<\/td><\/tr><tr><td>Suzuki<\/td><td>Bandit 600\/650 N<\/td><td>&#8211;<\/td><td>GP<\/td><\/tr><tr><td>Suzuki<\/td><td>Bandit 600\/650 S\/N<\/td><td>&#8211;<\/td><td>UP<\/td><\/tr><tr><td>Suzuki<\/td><td>Bandit 1200 N<\/td><td>&#8211;<\/td><td>GP<\/td><\/tr><tr><td>Suzuki<\/td><td>Bandit 1200 S<\/td><td>&#8211;<\/td><td>UP<\/td><\/tr><tr><td>Suzuki<\/td><td>Bandit 1250 S<\/td><td>&#8211;<\/td><td>UP<\/td><\/tr><tr><td>Suzuki<\/td><td>GSX 650 F<\/td><td>&#8211;<\/td><td>UP<\/td><\/tr><tr><td>Suzuki<\/td><td>GSX 750 F<\/td><td>&#8211;<\/td><td>GP\/UP<\/td><\/tr><tr><td>Suzuki<\/td><td>GSX R 750 W<\/td><td>&#8211;<\/td><td>GP<\/td><\/tr><tr><td>Suzuki<\/td><td>GSX R 1100 W<\/td><td>&#8211;<\/td><td>GP<\/td><\/tr><tr><td>Suzuki<\/td><td>TL 1000<\/td><td>&#8211;<\/td><td>GP<\/td><\/tr><tr><td>Suzuki<\/td><td>GSX R 750 Srad<\/td><td>1996+<\/td><td>GP2<\/td><\/tr><tr><td>Suzuki<\/td><td>GSX R 1000 Srad<\/td><td>2001+<\/td><td>GP2<\/td><\/tr><tr><td>Triumph<\/td><td>Daytona 675i<\/td><td>2006+<\/td><td>GP<\/td><\/tr><tr><td>Triumph<\/td><td>Daytona 955<\/td><td>2008+<\/td><td>GP<\/td><\/tr><tr><td>Triumph<\/td><td>Boneville T100<\/td><td>&#8211;<\/td><td>UP + Barras especiales<\/td><\/tr><tr><td>Triumph<\/td><td>Speed Triple 1051<\/td><td>2011-2016<\/td><td>GP<\/td><\/tr><tr><td>Triumph<\/td><td>Thruxton 900<\/td><td>&#8211;<\/td><td>UP + Barras especiales<\/td><\/tr><tr><td>Yamaha<\/td><td>RD\/RDZ<\/td><td>&#8211;<\/td><td>GP*<\/td><\/tr><tr><td>Yamaha<\/td><td>RD 350<\/td><td>&#8211;<\/td><td>GP*<\/td><\/tr><tr><td>Yamaha<\/td><td>XJ6N<\/td><td>2011+<\/td><td>UP<\/td><\/tr><tr><td>Yamaha<\/td><td>XJ6F<\/td><td>2011+<\/td><td>UP*<\/td><\/tr><tr><td>Yamaha<\/td><td>R3<\/td><td>2016+<\/td><td>GP<\/td><\/tr><tr><td>Yamaha<\/td><td>R6<\/td><td>&#8211;<\/td><td>GP<\/td><\/tr><tr><td>Yamaha<\/td><td>R1<\/td><td>&#8211;<\/td><td>GP<\/td><\/tr><\/tbody><\/table><\/figure><p>*Requiere cambios en la moto para su instalaci\u00f3n (carenados, soportes de faros, etc). Cons\u00faltanos para saber m\u00e1s.<\/p><p>Barras especiales: algunas motocicletas requieren barras fuera del di\u00e1metro y\/o longitud convencional. Cons\u00faltanos el precio en estos casos.<\/p>","protected":false},"excerpt":{"rendered":"<p>Los semimanillares Bullet fueron desarrollados para sustituir los semimanillares o manillares originales de las motocicletas, tanto deportivas como de otros modelos, y permiten al piloto profesional o aficionado una postura ergon\u00f3mica ideal para la moto. En algunos modelos de motocicletas, es posible que sea necesario realizar modificaciones para la instalaci\u00f3n. Las abrazaderas de fijaci\u00f3n permiten&hellip;&nbsp;<a href=\"https:\/\/www.bulletmoto.com\/index.php\/es\/semiguidoes-2\/\" class=\"\" rel=\"bookmark\">Continue a ler &raquo;<span class=\"screen-reader-text\">Semimanillares<\/span><\/a><\/p>\n","protected":false},"author":3,"featured_media":0,"parent":0,"menu_order":0,"comment_status":"closed","ping_status":"closed","template":"","meta":{"neve_meta_sidebar":"","neve_meta_container":"","neve_meta_enable_content_width":"","neve_meta_content_width":0,"neve_meta_title_alignment":"","neve_meta_author_avatar":"","neve_post_elements_order":"","neve_meta_disable_header":"","neve_meta_disable_footer":"","neve_meta_disable_title":"","_themeisle_gutenberg_block_has_review":false,"footnotes":""},"class_list":["post-82625","page","type-page","status-publish","hentry"],"_links":{"self":[{"href":"https:\/\/www.bulletmoto.com\/index.php\/wp-json\/wp\/v2\/pages\/82625","targetHints":{"allow":["GET"]}}],"collection":[{"href":"https:\/\/www.bulletmoto.com\/index.php\/wp-json\/wp\/v2\/pages"}],"about":[{"href":"https:\/\/www.bulletmoto.com\/index.php\/wp-json\/wp\/v2\/types\/page"}],"author":[{"embeddable":true,"href":"https:\/\/www.bulletmoto.com\/index.php\/wp-json\/wp\/v2\/users\/3"}],"replies":[{"embeddable":true,"href":"https:\/\/www.bulletmoto.com\/index.php\/wp-json\/wp\/v2\/comments?post=82625"}],"version-history":[{"count":8,"href":"https:\/\/www.bulletmoto.com\/index.php\/wp-json\/wp\/v2\/pages\/82625\/revisions"}],"predecessor-version":[{"id":84492,"href":"https:\/\/www.bulletmoto.com\/index.php\/wp-json\/wp\/v2\/pages\/82625\/revisions\/84492"}],"wp:attachment":[{"href":"https:\/\/www.bulletmoto.com\/index.php\/wp-json\/wp\/v2\/media?parent=82625"}],"curies":[{"name":"wp","href":"https:\/\/api.w.org\/{rel}","templated":true}]}}