{"id":82630,"date":"2024-08-07T15:02:30","date_gmt":"2024-08-07T18:02:30","guid":{"rendered":"https:\/\/iterdigital.com.br\/bul\/?page_id=82630"},"modified":"2026-01-14T16:59:55","modified_gmt":"2026-01-14T19:59:55","slug":"protectores-de-carenado","status":"publish","type":"page","link":"https:\/\/www.bulletmoto.com\/index.php\/es\/protectores-de-carenado\/","title":{"rendered":"Protectores de carenado"},"content":{"rendered":"<div id=\"wp-block-themeisle-blocks-advanced-columns-ae198914\" class=\"wp-block-themeisle-blocks-advanced-columns has-1-columns has-desktop-equal-layout has-tablet-equal-layout has-mobile-equal-layout has-vertical-unset\"><div class=\"wp-block-themeisle-blocks-advanced-columns-overlay\"><\/div><div class=\"innerblocks-wrap\"><div id=\"wp-block-themeisle-blocks-advanced-column-349005d1\" class=\"wp-block-themeisle-blocks-advanced-column\"><style id=\"wp_carousel_dynamic_css83092\">#sp-wp-carousel-free-id-83092 .wpcp-swiper-dots {margin: 40px 0px 0px 0px;}.wpcp-wrapper-83092 .swiper-wrapper .swiper-slide-kenburn, .wpcp-wrapper-83092 .swiper-wrapper, .wpcp-wrapper-83092 .wpcpro-row{align-items: center;}#sp-wp-carousel-free-id-83092 .wpcp-single-item {box-shadow: 0px 0px 0px 0px #dddddd;transition: all .3s;margin: 0px;}#sp-wp-carousel-free-id-83092.swiper-flip .wpcp-single-item{margin: 0!important;}#sp-wp-carousel-free-id-83092 .wpcp-single-item:hover {box-shadow: 0px 0px 0px 0px #dddddd;}#sp-wp-carousel-free-id-83092.sp-wpcp-83092 .wpcp-single-item {border: 1px solid #dddddd;}#sp-wp-carousel-free-id-83092.sp-wpcp-83092 .swiper-button-prev,#sp-wp-carousel-free-id-83092.sp-wpcp-83092 .swiper-button-next,#sp-wp-carousel-free-id-83092.sp-wpcp-83092 .swiper-button-prev:hover,#sp-wp-carousel-free-id-83092.sp-wpcp-83092 .swiper-button-next:hover {background: none;border: none;font-size: 30px;}#sp-wp-carousel-free-id-83092.sp-wpcp-83092 .swiper-button-prev i,#sp-wp-carousel-free-id-83092.sp-wpcp-83092 .swiper-button-next i {color: #000000;}#sp-wp-carousel-free-id-83092.sp-wpcp-83092 .swiper-button-prev i:hover,#sp-wp-carousel-free-id-83092.sp-wpcp-83092 .swiper-button-next i:hover {color: #dd8c21;}#sp-wp-carousel-free-id-83092.sp-wpcp-83092 .wpcp-swiper-dots .swiper-pagination-bullet {background-color: #000000;}#sp-wp-carousel-free-id-83092.sp-wpcp-83092 .wpcp-swiper-dots .swiper-pagination-bullet.swiper-pagination-bullet-active {background-color: #e2801d;}#sp-wp-carousel-free-id-83092 .wpcpro-row>[class*=\"wpcpro-col-\"] { padding: 0 10px; padding-bottom: 20px;} #sp-wp-carousel-free-id-83092 .swiper-slide .single-item-fade:not(:last-child) { margin-right: 20px;}@media (min-width: 480px) { .wpcpro-row .wpcpro-col-sm-1 { flex: 0 0 100%; max-width: 100%; } .wpcpro-row .wpcpro-col-sm-2 { flex: 0 0 50%; max-width: 50%; } .wpcpro-row .wpcpro-col-sm-2-5 { flex: 0 0 75%; max-width: 75%; } .wpcpro-row .wpcpro-col-sm-3 { flex: 0 0 33.333%; max-width: 33.333%; } .wpcpro-row .wpcpro-col-sm-4 { flex: 0 0 25%; max-width: 25%; } .wpcpro-row .wpcpro-col-sm-5 { flex: 0 0 20%; max-width: 20%; } .wpcpro-row .wpcpro-col-sm-6 { flex: 0 0 16.66666666666667%; max-width: 16.66666666666667%; } .wpcpro-row .wpcpro-col-sm-7 { flex: 0 0 14.28571428%; max-width: 14.28571428%; } .wpcpro-row .wpcpro-col-sm-8 { flex: 0 0 12.5%; max-width: 12.5%; } } @media (max-width: 480px) { .wpcpro-row .wpcpro-col-xs-1 { flex: 0 0 100%; max-width: 100%; } .wpcpro-row .wpcpro-col-xs-2 { flex: 0 0 50%; max-width: 50%; } .wpcpro-row .wpcpro-col-xs-3 { flex: 0 0 33.222%; max-width: 33.222%; } .wpcpro-row .wpcpro-col-xs-4 { flex: 0 0 25%; max-width: 25%; } .wpcpro-row .wpcpro-col-xs-5 { flex: 0 0 20%; max-width: 20%; } .wpcpro-row .wpcpro-col-xs-6 { flex: 0 0 16.6667%; max-width: 16.6667%; } .wpcpro-row .wpcpro-col-xs-7 { flex: 0 0 14.28571428%; max-width: 14.28571428%; } .wpcpro-row .wpcpro-col-xs-8 { flex: 0 0 12.5%; max-width: 12.5%; } } @media (min-width: 736px) { .wpcpro-row .wpcpro-col-md-1 { flex: 0 0 100%; max-width: 100%; } .wpcpro-row .wpcpro-col-md-2 { flex: 0 0 50%; max-width: 50%; } .wpcpro-row .wpcpro-col-md-2-5 { flex: 0 0 75%; max-width: 75%; } .wpcpro-row .wpcpro-col-md-3 { flex: 0 0 33.333%; max-width: 33.333%; } .wpcpro-row .wpcpro-col-md-4 { flex: 0 0 25%; max-width: 25%; } .wpcpro-row .wpcpro-col-md-5 { flex: 0 0 20%; max-width: 20%; } .wpcpro-row .wpcpro-col-md-6 { flex: 0 0 16.66666666666667%; max-width: 16.66666666666667%; } .wpcpro-row .wpcpro-col-md-7 { flex: 0 0 14.28571428%; max-width: 14.28571428%; } .wpcpro-row .wpcpro-col-md-8 { flex: 0 0 12.5%; max-width: 12.5%; } } @media (min-width: 980px) { .wpcpro-row .wpcpro-col-lg-1 { flex: 0 0 100%; max-width: 100%; } .wpcpro-row .wpcpro-col-lg-2 { flex: 0 0 50%; max-width: 50%; } .wpcpro-row .wpcpro-col-lg-3 { flex: 0 0 33.222%; max-width: 33.222%; } .wpcpro-row .wpcpro-col-lg-4 { flex: 0 0 25%; max-width: 25%; } .wpcpro-row .wpcpro-col-lg-5 { flex: 0 0 20%; max-width: 20%; } .wpcpro-row .wpcpro-col-lg-6 { flex: 0 0 16.6667%; max-width: 16.6667%; } .wpcpro-row .wpcpro-col-lg-7 { flex: 0 0 14.28571428%; max-width: 14.28571428%; } .wpcpro-row .wpcpro-col-lg-8 { flex: 0 0 12.5%; max-width: 12.5%; } } @media (min-width: 1200px) { .wpcpro-row .wpcpro-col-xl-1 { flex: 0 0 100%; max-width: 100%; } .wpcpro-row .wpcpro-col-xl-2 { flex: 0 0 50%; max-width: 50%; } .wpcpro-row .wpcpro-col-xl-3 { flex: 0 0 33.22222222%; max-width: 33.22222222%; } .wpcpro-row .wpcpro-col-xl-4 { flex: 0 0 25%; max-width: 25%; } .wpcpro-row .wpcpro-col-xl-5 { flex: 0 0 20%; max-width: 20%; } .wpcpro-row .wpcpro-col-xl-6 { flex: 0 0 16.66667%; max-width: 16.66667%; } .wpcpro-row .wpcpro-col-xl-7 { flex: 0 0 14.28571428%; max-width: 14.28571428%; } .wpcpro-row .wpcpro-col-xl-8 { flex: 0 0 12.5%; max-width: 12.5%; } }<\/style><div class=\"wpcp-carousel-wrapper wpcp-wrapper-83092\">\n\t<div id=\"wpcp-preloader-83092\" class=\"wpcp-carousel-preloader\"><img decoding=\"async\" src=\"https:\/\/www.bulletmoto.com\/wp-content\/plugins\/wp-carousel-free\/public\/css\/spinner.svg\" alt=\"Preloader Image\" \/><\/div>\t<div class=\"wpcp-carousel-content-wrapper\">\n\t<div id=\"sp-wp-carousel-free-id-83092\" class=\"wpcp-carousel-section sp-wpcp-83092  nav-vertical-center wpcp-image-carousel wpcp-preloader wpcp-standard\" data-swiper='{ &quot;accessibility&quot;:true, &quot;spaceBetween&quot;:20, &quot;arrows&quot;:true, &quot;freeMode&quot;: false, &quot;autoplay&quot;:true, &quot;effect&quot;: &quot;&quot;, &quot;centerMode&quot;: false, &quot;autoplaySpeed&quot;:3000, &quot;dots&quot;:true, &quot;infinite&quot;:true, &quot;speed&quot;:600, &quot;pauseOnHover&quot;:true,\n\t\t\t&quot;slidesToShow&quot;:{&quot;lg_desktop&quot;:1, &quot;desktop&quot;: 1, &quot;laptop&quot;: 1, &quot;tablet&quot;: 1, &quot;mobile&quot;: 1}, &quot;responsive&quot;:{&quot;desktop&quot;:1200, &quot;laptop&quot;: 980, &quot;tablet&quot;: 736, &quot;mobile&quot;: 480}, &quot;rtl&quot;:false, &quot;lazyLoad&quot;: &quot;false&quot;, &quot;swipe&quot;: true, &quot;draggable&quot;: true, &quot;swipeToSlide&quot;:false }' dir=\"ltr\">\n\t\t<div class=\"swiper-wrapper\">\n\t\t<div class=\"swiper-slide\">\n\t<div class=\"wpcp-single-item\">\n\t\t\t<a class=\"wcp-light-box\" data-buttons='[\"close\"]' data-wpc_url='https:\/\/www.bulletmoto.com\/wp-content\/uploads\/2024\/08\/YZFR3_MT03-2-1170x707-1-1024x619.jpg' href=\"https:\/\/www.bulletmoto.com\/wp-content\/uploads\/2024\/08\/YZFR3_MT03-2-1170x707-1.jpg\" data-fancybox=\"wpcp_view\">\n\t\t<figure>\n\t\t\t<img loading=\"lazy\" decoding=\"async\" class=\"skip-lazy\" src=\"https:\/\/www.bulletmoto.com\/wp-content\/uploads\/2024\/08\/YZFR3_MT03-2-1170x707-1-1024x619.jpg\" alt=\"YZFR3_MT03-2-1170x707\" width=\"1024\" height=\"619\">\t\t<\/figure>\n\t<\/a>\n\t\t<\/div>\n<\/div>\n\t<div class=\"swiper-slide\">\n\t<div class=\"wpcp-single-item\">\n\t\t\t<a class=\"wcp-light-box\" data-buttons='[\"close\"]' data-wpc_url='https:\/\/www.bulletmoto.com\/wp-content\/uploads\/2024\/08\/Daytona-675-2-2-1170x707-1-1024x619.jpg' href=\"https:\/\/www.bulletmoto.com\/wp-content\/uploads\/2024\/08\/Daytona-675-2-2-1170x707-1.jpg\" data-fancybox=\"wpcp_view\">\n\t\t<figure>\n\t\t\t<img loading=\"lazy\" decoding=\"async\" class=\"skip-lazy\" src=\"https:\/\/www.bulletmoto.com\/wp-content\/uploads\/2024\/08\/Daytona-675-2-2-1170x707-1-1024x619.jpg\" alt=\"Daytona-675-2-2-1170x707\" width=\"1024\" height=\"619\">\t\t<\/figure>\n\t<\/a>\n\t\t<\/div>\n<\/div>\n\t<div class=\"swiper-slide\">\n\t<div class=\"wpcp-single-item\">\n\t\t\t<a class=\"wcp-light-box\" data-buttons='[\"close\"]' data-wpc_url='https:\/\/www.bulletmoto.com\/wp-content\/uploads\/2024\/08\/Sld-chassi-standard-2-1170x707-1-1024x619.jpg' href=\"https:\/\/www.bulletmoto.com\/wp-content\/uploads\/2024\/08\/Sld-chassi-standard-2-1170x707-1.jpg\" data-fancybox=\"wpcp_view\">\n\t\t<figure>\n\t\t\t<img loading=\"lazy\" decoding=\"async\" class=\"skip-lazy\" src=\"https:\/\/www.bulletmoto.com\/wp-content\/uploads\/2024\/08\/Sld-chassi-standard-2-1170x707-1-1024x619.jpg\" alt=\"Sld-chassi-standard-2-1170x707\" width=\"1024\" height=\"619\">\t\t<\/figure>\n\t<\/a>\n\t\t<\/div>\n<\/div>\n\t\t\t<\/div>\n\t\t\t\t\t<div class=\"wpcp-swiper-dots swiper-pagination\"><\/div>\n\t\t\t\t<!-- If we need navigation buttons -->\n\t\t\t\t\t<div class=\"wpcp-prev-button swiper-button-prev\"><i class=\"fa fa-angle-left\"><\/i><\/div>\n\t\t\t<div class=\"wpcp-next-button swiper-button-next\"><i class=\"fa fa-angle-right\"><\/i><\/div>\n\t\t\t<\/div>\n\t<\/div>\n<\/div>\n<\/div><\/div><\/div><div style=\"height:67px\" aria-hidden=\"true\" class=\"wp-block-spacer\"><\/div><h2 class=\"wp-block-heading has-text-align-center\">Protectores de carenado<\/h2><div class=\"wp-block-buttons is-content-justification-center is-layout-flex wp-container-core-buttons-is-layout-16018d1d wp-block-buttons-is-layout-flex\"><div class=\"wp-block-button\"><a class=\"wp-block-button__link wp-element-button\" href=\"https:\/\/www.bulletmoto.com\/index.php\/es\/contacto\/\">COMPRAR<\/a><\/div><\/div><div style=\"height:68px\" aria-hidden=\"true\" class=\"wp-block-spacer\"><\/div><p class=\"has-text-align-center\">Los sistemas deslizantes Bullet tienen su estructura hecha de una aleaci\u00f3n especial de aluminio y los terminales de impacto est\u00e1n hechos de pl\u00e1stico de ingenier\u00eda con un bajo coeficiente de fricci\u00f3n. El sistema se fija al chasis de la motocicleta mediante tornillos de acero templado.<\/p><p class=\"has-text-align-center\">Este sistema fue dise\u00f1ado para reducir el impacto y los puntos de contacto de la motocicleta con el suelo en casos de ca\u00eddas comunes en la conducci\u00f3n deportiva en pistas de carreras. Los protectores deslizantes ayudan a minimizar o prevenir la desalineaci\u00f3n del bastidor y el desgaste por fricci\u00f3n de los carenados, las cubiertas del motor, el chasis y otras piezas a medida que el veh\u00edculo se desliza por la pista.<\/p><div id=\"wp-block-themeisle-blocks-advanced-columns-fa99c0f7\" class=\"wp-block-themeisle-blocks-advanced-columns has-1-columns has-desktop-equal-layout has-tablet-equal-layout has-mobile-equal-layout has-vertical-unset\"><div class=\"wp-block-themeisle-blocks-advanced-columns-overlay\"><\/div><div class=\"innerblocks-wrap\"><div id=\"wp-block-themeisle-blocks-advanced-column-34efafe2\" class=\"wp-block-themeisle-blocks-advanced-column\"><\/div><\/div><\/div><div style=\"height:1px\" aria-hidden=\"true\" class=\"wp-block-spacer\"><\/div><div id=\"wp-block-themeisle-blocks-advanced-columns-a9f2c984\" class=\"wp-block-themeisle-blocks-advanced-columns has-1-columns has-desktop-equal-layout has-tablet-equal-layout has-mobile-equal-layout has-vertical-unset\"><div class=\"wp-block-themeisle-blocks-advanced-columns-overlay\"><\/div><div class=\"innerblocks-wrap\"><div id=\"wp-block-themeisle-blocks-advanced-column-ac5039a4\" class=\"wp-block-themeisle-blocks-advanced-column\"><p class=\"has-text-align-center\"><strong>Protector de carenado mod. Standard \u2013 490.00BRL<\/strong><\/p><\/div><\/div><\/div><div class=\"wp-block-image\"><figure class=\"alignleft\"><img decoding=\"async\" src=\"https:\/\/www.bulletmoto.com\/Imagens\/2012\/10\/Sld-chassi-standard-3-150x150.jpg\" alt=\"\" class=\"wp-image-1484\"\/><\/figure><\/div><p class=\"has-text-align-center\">Este modelo fue desarrollado para motos que permiten la instalaci\u00f3n directa de la pieza y con 1 \u00fanico punto de fijaci\u00f3n.<\/p><div style=\"height:1px\" aria-hidden=\"true\" class=\"wp-block-spacer\"><\/div><div id=\"wp-block-themeisle-blocks-advanced-columns-1a37daa7\" class=\"wp-block-themeisle-blocks-advanced-columns has-1-columns has-desktop-equal-layout has-tablet-equal-layout has-mobile-equal-layout has-vertical-unset\"><div class=\"wp-block-themeisle-blocks-advanced-columns-overlay\"><\/div><div class=\"innerblocks-wrap\"><div id=\"wp-block-themeisle-blocks-advanced-column-4564c4d0\" class=\"wp-block-themeisle-blocks-advanced-column\"><p class=\"has-text-align-center\"><strong>Protector de carenado mod. Standard tipo 2 \u2013 520,00BRL<\/strong><\/p><\/div><\/div><\/div><div class=\"wp-block-image\"><figure class=\"alignleft\"><img decoding=\"async\" src=\"https:\/\/www.bulletmoto.com\/Imagens\/2018\/07\/Slider_Monster-1-150x150.jpg\" alt=\"\" class=\"wp-image-2754\"\/><\/figure><\/div><p class=\"has-text-align-center\">En este modelo, un eje atraviesa el bastidor de la motocicleta para sujetar los deslizadores a los extremos.<\/p><div style=\"height:1px\" aria-hidden=\"true\" class=\"wp-block-spacer\"><\/div><div id=\"wp-block-themeisle-blocks-advanced-columns-5281d22e\" class=\"wp-block-themeisle-blocks-advanced-columns has-1-columns has-desktop-equal-layout has-tablet-equal-layout has-mobile-equal-layout has-vertical-unset\"><div class=\"wp-block-themeisle-blocks-advanced-columns-overlay\"><\/div><div class=\"innerblocks-wrap\"><div id=\"wp-block-themeisle-blocks-advanced-column-3f556c68\" class=\"wp-block-themeisle-blocks-advanced-column\"><p class=\"has-text-align-center\"><strong>Protector de carenado mod. con desviaci\u00f3n \u2013 545.00BRL<\/strong><\/p><\/div><\/div><\/div><div class=\"wp-block-image\"><figure class=\"alignleft\"><img decoding=\"async\" src=\"https:\/\/www.bulletmoto.com\/Imagens\/2018\/07\/YZFR3_MT03-2-150x150.jpg\" alt=\"\" class=\"wp-image-2436\"\/><\/figure><\/div><p class=\"has-text-align-center\">Este modelo fue desarrollado para motocicletas en las que el acceso al punto de montaje es indirecto. En estos casos es necesario un soporte para fijar los terminales de impacto, evitando los carenados.<\/p><div style=\"height:8px\" aria-hidden=\"true\" class=\"wp-block-spacer\"><\/div><div id=\"wp-block-themeisle-blocks-advanced-columns-d2916cc8\" class=\"wp-block-themeisle-blocks-advanced-columns has-1-columns has-desktop-equal-layout has-tablet-equal-layout has-mobile-equal-layout has-vertical-unset\"><div class=\"wp-block-themeisle-blocks-advanced-columns-overlay\"><\/div><div class=\"innerblocks-wrap\"><div id=\"wp-block-themeisle-blocks-advanced-column-7bcf181d\" class=\"wp-block-themeisle-blocks-advanced-column\"><p class=\"has-text-align-center\"><strong>Protector de carenado mod. con desviaci\u00f3n Tipo 2\u00a0\u2013 635,00BRL<\/strong><\/p><\/div><\/div><\/div><div class=\"wp-block-image\"><figure class=\"alignleft\"><img decoding=\"async\" src=\"https:\/\/www.bulletmoto.com\/Imagens\/2019\/03\/Daytona-675-2-2-150x150.jpg\" alt=\"\" class=\"wp-image-2749\"\/><\/figure><\/div><p class=\"has-text-align-center\">Algunas motocicletas requieren modelos especiales que pueden tener doble montaje o una desviaci\u00f3n especial. Consulta la siguiente tabla y cont\u00e1ctanos.<\/p><p><\/p><p><\/p><div style=\"height:63px\" aria-hidden=\"true\" class=\"wp-block-spacer\"><\/div><p><strong>Modelos disponibles<\/strong><\/p><figure class=\"wp-block-table is-style-stripes\"><table><thead><tr><th>Marca<\/th><th>Modelo<\/th><th>A\u00f1o<\/th><th>Protector<\/th><\/tr><\/thead><tbody><tr><td>Aprilia<\/td><td>RSV4 1000<\/td><td>2011+<\/td><td>C\/ desviaci\u00f3n tipo 2<\/td><\/tr><tr><td>BMW<\/td><td>S 1000 R<\/td><td>2014-2016<\/td><td>C\/ desviaci\u00f3n tipo 2<\/td><\/tr><tr><td>BMW<\/td><td>S 1000 RR<\/td><td>2010-2011<\/td><td>STD\/STD*<\/td><\/tr><tr><td>BMW<\/td><td>S 1000 RR<\/td><td>2012+<\/td><td>C\/ desviaci\u00f3n \/STD*<\/td><\/tr><tr><td>BMW<\/td><td>S 1000 RR<\/td><td>2015-2022<\/td><td>STD<\/td><\/tr><tr><td>BMW<\/td><td>S 1000 RR<\/td><td>2024+<\/td><td>C\/ desviaci\u00f3n<\/td><\/tr><tr><td>BMW<\/td><td>S 1000 XR<\/td><td>2016<\/td><td>STD<\/td><\/tr><tr><td>Ducati<\/td><td>Monster 695<\/td><td>&#8211;<\/td><td>STD 2<\/td><\/tr><tr><td>Ducati<\/td><td>Monster 696<\/td><td>&#8211;<\/td><td>STD 2<\/td><\/tr><tr><td>Ducati<\/td><td>Monster 796<\/td><td>&#8211;<\/td><td>STD 2<\/td><\/tr><tr><td>Ducati<\/td><td>Monster 977<\/td><td>&#8211;<\/td><td>STD 2<\/td><\/tr><tr><td>Ducati<\/td><td>Multistrada 1200<\/td><td>2016+<\/td><td>STD 2<\/td><\/tr><tr><td>Ducati<\/td><td>Hypermotard 821<\/td><td>&#8211;<\/td><td>STD 2<\/td><\/tr><tr><td>Ducati<\/td><td>Hyperstrada 821<\/td><td>&#8211;<\/td><td>STD 2<\/td><\/tr><tr><td>Ducati<\/td><td>Hypermotard 1100<\/td><td>2008-2012<\/td><td>STD 2<\/td><\/tr><tr><td>Ducati<\/td><td>StreetFighter V4S<\/td><td><\/td><td>STD (consulte pre\u00e7o)<\/td><\/tr><tr><td>Honda<\/td><td>CB 600 F Hornet<\/td><td>2005-2007<\/td><td>STD<\/td><\/tr><tr><td>Honda<\/td><td>CB 600 F Hornet<\/td><td>2008+<\/td><td>STD<\/td><\/tr><tr><td>Honda<\/td><td>CB 1000 R<\/td><td>2011<\/td><td>STD<\/td><\/tr><tr><td>Honda<\/td><td>CB 1300<\/td><td>2007-2008<\/td><td>C\/ desvio<\/td><\/tr><tr><td>Honda<\/td><td>CBR 600F<\/td><td>2012+<\/td><td>C\/ desviaci\u00f3n tipo 2 \/ STD*<\/td><\/tr><tr><td>Honda<\/td><td>CBR 600RR<\/td><td>2007-2013<\/td><td>STD*<\/td><\/tr><tr><td>Honda<\/td><td>CBR 600 RR<\/td><td>2014-2017<\/td><td>STD*<\/td><\/tr><tr><td>Honda<\/td><td>CB 650 RR<\/td><td>2020+<\/td><td>C\/ desviaci\u00f3n tipo<\/td><\/tr><tr><td>Honda<\/td><td>CBR 650 RR<\/td><td>2020+<\/td><td>C\/ desviaci\u00f3n tipo 2*<\/td><\/tr><tr><td>Honda<\/td><td>CBR 954<\/td><td>2002-2003<\/td><td>STD<\/td><\/tr><tr><td>Honda<\/td><td>CBR 1000 RR<\/td><td>2008-2020<\/td><td>STD*<\/td><\/tr><tr><td>Honda<\/td><td>CBR 1000 RR-R<\/td><td>2022+<\/td><td>STD<\/td><\/tr><tr><td>KTM<\/td><td>Duke 390<\/td><td>2015+<\/td><td>C\/ desviaci\u00f3n <\/td><\/tr><tr><td>KTM<\/td><td>1190 RC8<\/td><td>2009+<\/td><td>C\/ desviaci\u00f3n tipo 2<\/td><\/tr><tr><td>Kawasaki<\/td><td>Ninja 400<\/td><td>2019+<\/td><td>C\/ desviaci\u00f3n tipo 2<\/td><\/tr><tr><td>Kawasaki<\/td><td>ER-6N<\/td><td>2013+<\/td><td>C\/ desviaci\u00f3n <\/td><\/tr><tr><td>Kawasaki<\/td><td>ZX-4R<\/td><td>2024+<\/td><td>STD<\/td><\/tr><tr><td>Kawasaki<\/td><td>ZX-6R<\/td><td>2007+<\/td><td>C\/ desviaci\u00f3n \/ STD*<\/td><\/tr><tr><td>Kawasaki<\/td><td>ZX-6R &#8211; 636<\/td><td>2005-06<\/td><td>C\/desviaci\u00f3n <\/td><\/tr><tr><td>Kawasaki<\/td><td>ZX-6R 636<\/td><td>2013+<\/td><td>STD<\/td><\/tr><tr><td>Kawasaki<\/td><td>Ninja 650R<\/td><td>2018+<\/td><td>STD<\/td><\/tr><tr><td>Kawasaki<\/td><td>Ninja H2<\/td><td>2016<\/td><td>STD<\/td><\/tr><tr><td>Kawasaki<\/td><td>Z650<\/td><td>2018+<\/td><td>STD<\/td><\/tr><tr><td>Kawasaki<\/td><td>Z750\/Z1000<\/td><td>2003-2006<\/td><td>STD<\/td><\/tr><tr><td>Kawasaki<\/td><td>Z750<\/td><td>2008-2012<\/td><td>C\/ desviaci\u00f3n tipo 2<\/td><\/tr><tr><td>Kawasaki<\/td><td>Z1000<\/td><td>2010<\/td><td>C\/ desviaci\u00f3n tipo 2<\/td><\/tr><tr><td>Kawasaki<\/td><td>Z 1000 H2<\/td><td>2025<\/td><td>STD<\/td><\/tr><tr><td>Kawasaki<\/td><td>ZX-10R<\/td><td>2011+<\/td><td>STD<\/td><\/tr><tr><td>Kawasaki<\/td><td>ZX-14<\/td><td>2009+<\/td><td>C\/ desviaci\u00f3n <\/td><\/tr><tr><td>MV Agusta<\/td><td>F4<\/td><td>2010+<\/td><td>STD*<\/td><\/tr><tr><td>MV Agusta<\/td><td>Brutale 800<\/td><td>2014+<\/td><td>STD 2<\/td><\/tr><tr><td>MV Agusta<\/td><td>F3 800<\/td><td>2014+<\/td><td>STD 2*<\/td><\/tr><tr><td>MV Agusta<\/td><td>Rivale 800<\/td><td>2014+<\/td><td>STD 2<\/td><\/tr><tr><td>Suzuki<\/td><td>Bandit 600<\/td><td>1997-2005<\/td><td>C\/ desviaci\u00f3n <\/td><\/tr><tr><td>Suzuki<\/td><td>GSR 750<\/td><td>2014+<\/td><td>STD<\/td><\/tr><tr><td>Suzuki<\/td><td>GSX S 750<\/td><td>2018+<\/td><td>STD<\/td><\/tr><tr><td>Suzuki<\/td><td>GSX S 1000<\/td><td>2015+<\/td><td>C\/ desviaci\u00f3n tipo 2<\/td><\/tr><tr><td>Suzuki<\/td><td>GSX R 750 Srad<\/td><td>1996-2004<\/td><td>STD<\/td><\/tr><tr><td>Suzuki<\/td><td>GSX R 750 Srad<\/td><td>2005-2006<\/td><td>STD<\/td><\/tr><tr><td>Suzuki<\/td><td>GSX R 750 Srad<\/td><td>2007+<\/td><td>STD*<\/td><\/tr><tr><td>Suzuki<\/td><td>GSX R 1000 Srad<\/td><td>2001-2003<\/td><td>C\/desviaci\u00f3n <\/td><\/tr><tr><td>Suzuki<\/td><td>GSX R 1000 Srad<\/td><td>2004-2007<\/td><td>C\/desviaci\u00f3n \/ STD*<\/td><\/tr><tr><td>Suzuki<\/td><td>GSX R 1000 Srad<\/td><td>2008-2010<\/td><td>STD\/STD*<\/td><\/tr><tr><td>Suzuki<\/td><td>GSX R 1000 Srad<\/td><td>2011-2016<\/td><td>STD*<\/td><\/tr><tr><td>Suzuki<\/td><td>GSX R 1000 Srad<\/td><td>2017+<\/td><td>STD*<\/td><\/tr><tr><td>Suzuki<\/td><td>TL 1000 S<\/td><td>1997-2001<\/td><td>C\/ desviaci\u00f3n <\/td><\/tr><tr><td>Triumph<\/td><td>Bonneville T100<\/td><td>2012-2015<\/td><td>C\/ desviaci\u00f3n <\/td><\/tr><tr><td>Triumph<\/td><td>Bonneville<\/td><td>2016+<\/td><td>C\/ desviaci\u00f3n <\/td><\/tr><tr><td>Triumph<\/td><td>Daytona 675<\/td><td>2006+<\/td><td>C\/ desviaci\u00f3n tipo 2<\/td><\/tr><tr><td>Triumph<\/td><td>Daytona 955<\/td><td>2006+<\/td><td>C\/ desviaci\u00f3n <\/td><\/tr><tr><td>Triumph<\/td><td>Tiger 1050 Sport \/ ABS<\/td><td>2007-2018<\/td><td>C\/ desviaci\u00f3n tipo 2<\/td><\/tr><tr><td>Triumph<\/td><td>Thruxton<\/td><td>2016+<\/td><td>C\/ desviaci\u00f3n  tipo 2<\/td><\/tr><tr><td>Triumph<\/td><td>Scrambler<\/td><td>2019+<\/td><td>C\/ desviaci\u00f3n tipo 2<\/td><\/tr><tr><td>Triumph<\/td><td>Speed Triple<\/td><td>2006-2010<\/td><td>C\/ desviaci\u00f3n <\/td><\/tr><tr><td>Triumph<\/td><td>Speed Triple<\/td><td>2011+<\/td><td>C\/ desviaci\u00f3n <\/td><\/tr><tr><td>Triumph<\/td><td>Sprint 1050<\/td><td>2006-2009<\/td><td>C\/ desviaci\u00f3n <\/td><\/tr><tr><td>Triumph<\/td><td>Street Triple 675<\/td><td>2013-2017<\/td><td>C\/ desviaci\u00f3n <\/td><\/tr><tr><td>Triumph<\/td><td>Street Triple 765<\/td><td>2017+<\/td><td>C\/ desviaci\u00f3n tipo 2<\/td><\/tr><tr><td>Yamaha<\/td><td>Fazer 600 N\/S<\/td><td>2005-2009<\/td><td>STD<\/td><\/tr><tr><td>Yamaha<\/td><td>MT-03<\/td><td>2017+<\/td><td>C\/ desviaci\u00f3n <\/td><\/tr><tr><td>Yamaha<\/td><td>MT-07<\/td><td>2016+<\/td><td>STD<\/td><\/tr><tr><td>Yamaha<\/td><td>MT-09<\/td><td>2015-2018<\/td><td>STD<\/td><\/tr><tr><td>Yamaha<\/td><td>MT-09<\/td><td>2015+<\/td><td>C\/ desviaci\u00f3n  tipo 2<\/td><\/tr><tr><td>Yamaha<\/td><td>Tracer 900<\/td><td>2015+<\/td><td>C\/ desviaci\u00f3n tipo 2<\/td><\/tr><tr><td>Yamaha<\/td><td>R3<\/td><td>2014-2019<\/td><td>C\/ desviaci\u00f3n <\/td><\/tr><tr><td>Yamaha<\/td><td>R3<\/td><td>2020+<\/td><td>C\/ desviaci\u00f3n *<\/td><\/tr><tr><td>Yamaha<\/td><td>R6<\/td><td>2006+<\/td><td>C\/ desviaci\u00f3n <\/td><\/tr><tr><td>Yamaha<\/td><td>R1<\/td><td>2004-2006<\/td><td>STD<\/td><\/tr><tr><td>Yamaha<\/td><td>R1<\/td><td>2007+<\/td><td>C\/ desviaci\u00f3n <\/td><\/tr><tr><td>Yamaha<\/td><td>R1M<\/td><td>2016+<\/td><td>C\/ desviaci\u00f3n <\/td><\/tr><tr><td>Yamaha<\/td><td>XJ6N<\/td><td>2010+<\/td><td>C\/ desviaci\u00f3n tipo 2<\/td><\/tr><\/tbody><\/table><\/figure><p>*Requiere cambios en el carenado para su instalaci\u00f3n.<\/p>","protected":false},"excerpt":{"rendered":"<p>Protectores de carenado Los sistemas deslizantes Bullet tienen su estructura hecha de una aleaci\u00f3n especial de aluminio y los terminales de impacto est\u00e1n hechos de pl\u00e1stico de ingenier\u00eda con un bajo coeficiente de fricci\u00f3n. El sistema se fija al chasis de la motocicleta mediante tornillos de acero templado. Este sistema fue dise\u00f1ado para reducir el&hellip;&nbsp;<a href=\"https:\/\/www.bulletmoto.com\/index.php\/es\/protectores-de-carenado\/\" class=\"\" rel=\"bookmark\">Continue a ler &raquo;<span class=\"screen-reader-text\">Protectores de carenado<\/span><\/a><\/p>\n","protected":false},"author":3,"featured_media":0,"parent":0,"menu_order":0,"comment_status":"closed","ping_status":"closed","template":"","meta":{"neve_meta_sidebar":"","neve_meta_container":"","neve_meta_enable_content_width":"","neve_meta_content_width":0,"neve_meta_title_alignment":"","neve_meta_author_avatar":"","neve_post_elements_order":"","neve_meta_disable_header":"","neve_meta_disable_footer":"","neve_meta_disable_title":"","_themeisle_gutenberg_block_has_review":false,"footnotes":""},"class_list":["post-82630","page","type-page","status-publish","hentry"],"_links":{"self":[{"href":"https:\/\/www.bulletmoto.com\/index.php\/wp-json\/wp\/v2\/pages\/82630","targetHints":{"allow":["GET"]}}],"collection":[{"href":"https:\/\/www.bulletmoto.com\/index.php\/wp-json\/wp\/v2\/pages"}],"about":[{"href":"https:\/\/www.bulletmoto.com\/index.php\/wp-json\/wp\/v2\/types\/page"}],"author":[{"embeddable":true,"href":"https:\/\/www.bulletmoto.com\/index.php\/wp-json\/wp\/v2\/users\/3"}],"replies":[{"embeddable":true,"href":"https:\/\/www.bulletmoto.com\/index.php\/wp-json\/wp\/v2\/comments?post=82630"}],"version-history":[{"count":7,"href":"https:\/\/www.bulletmoto.com\/index.php\/wp-json\/wp\/v2\/pages\/82630\/revisions"}],"predecessor-version":[{"id":84513,"href":"https:\/\/www.bulletmoto.com\/index.php\/wp-json\/wp\/v2\/pages\/82630\/revisions\/84513"}],"wp:attachment":[{"href":"https:\/\/www.bulletmoto.com\/index.php\/wp-json\/wp\/v2\/media?parent=82630"}],"curies":[{"name":"wp","href":"https:\/\/api.w.org\/{rel}","templated":true}]}}