{"id":82669,"date":"2024-08-08T11:38:43","date_gmt":"2024-08-08T14:38:43","guid":{"rendered":"https:\/\/iterdigital.com.br\/bul\/?page_id=82669"},"modified":"2026-01-16T09:24:25","modified_gmt":"2026-01-16T12:24:25","slug":"compressor-de-molas","status":"publish","type":"page","link":"https:\/\/www.bulletmoto.com\/index.php\/es\/compressor-de-molas\/","title":{"rendered":"Compresor de resorte"},"content":{"rendered":"<div id=\"wp-block-themeisle-blocks-advanced-columns-830e1a4c\" class=\"wp-block-themeisle-blocks-advanced-columns has-1-columns has-desktop-equal-layout has-tablet-equal-layout has-mobile-equal-layout has-vertical-unset\"><div class=\"wp-block-themeisle-blocks-advanced-columns-overlay\"><\/div><div class=\"innerblocks-wrap\"><div id=\"wp-block-themeisle-blocks-advanced-column-f2913844\" class=\"wp-block-themeisle-blocks-advanced-column\"><div class=\"wp-block-image\"><figure class=\"aligncenter size-full is-resized\"><img loading=\"lazy\" decoding=\"async\" width=\"1024\" height=\"576\" src=\"https:\/\/www.bulletmoto.com\/wp-content\/uploads\/2024\/07\/Prensa2.jpg\" alt=\"\" class=\"wp-image-82358\" style=\"width:782px;height:auto\" srcset=\"https:\/\/www.bulletmoto.com\/wp-content\/uploads\/2024\/07\/Prensa2.jpg 1024w, https:\/\/www.bulletmoto.com\/wp-content\/uploads\/2024\/07\/Prensa2-300x169.jpg 300w, https:\/\/www.bulletmoto.com\/wp-content\/uploads\/2024\/07\/Prensa2-768x432.jpg 768w, https:\/\/www.bulletmoto.com\/wp-content\/uploads\/2024\/07\/Prensa2-600x338.jpg 600w\" sizes=\"auto, (max-width: 1024px) 100vw, 1024px\" \/><\/figure><\/div><\/div><\/div><\/div><div style=\"height:65px\" aria-hidden=\"true\" class=\"wp-block-spacer\"><\/div><h2 class=\"wp-block-heading has-text-align-center\">compresor de resorte<\/h2><div class=\"wp-block-buttons is-content-justification-center is-layout-flex wp-container-core-buttons-is-layout-16018d1d wp-block-buttons-is-layout-flex\"><div class=\"wp-block-button\"><a class=\"wp-block-button__link wp-element-button\" href=\"https:\/\/www.bulletmoto.com\/index.php\/es\/contacto\/\">COMPRAR<\/a><\/div><\/div><div style=\"height:65px\" aria-hidden=\"true\" class=\"wp-block-spacer\"><\/div><div class=\"wp-block-image\"><figure class=\"alignleft\"><img decoding=\"async\" src=\"https:\/\/localhost\/wordpress\/wp-content\/uploads\/2019\/01\/Prensa6-1-200x300.jpg\" alt=\"\" class=\"wp-image-2272\"\/><\/figure><\/div><p><strong>2,500.00BRL<\/strong><\/p><p>Equipo dise\u00f1ado para facilitar el trabajo en talleres de desmontaje de amortiguadores.<\/p><p>Viene con 2 adaptadores para diferentes tama\u00f1os de amortiguadores. Tambi\u00e9n fabricamos medidas especiales.<\/p><div style=\"height:65px\" aria-hidden=\"true\" class=\"wp-block-spacer\"><\/div>","protected":false},"excerpt":{"rendered":"<p>compresor de resorte 2,500.00BRL Equipo dise\u00f1ado para facilitar el trabajo en talleres de desmontaje de amortiguadores. Viene con 2 adaptadores para diferentes tama\u00f1os de amortiguadores. Tambi\u00e9n fabricamos medidas especiales.<\/p>\n","protected":false},"author":3,"featured_media":0,"parent":0,"menu_order":0,"comment_status":"closed","ping_status":"closed","template":"","meta":{"neve_meta_sidebar":"","neve_meta_container":"","neve_meta_enable_content_width":"","neve_meta_content_width":0,"neve_meta_title_alignment":"","neve_meta_author_avatar":"","neve_post_elements_order":"","neve_meta_disable_header":"","neve_meta_disable_footer":"","neve_meta_disable_title":"","_themeisle_gutenberg_block_has_review":false,"footnotes":""},"class_list":["post-82669","page","type-page","status-publish","hentry"],"_links":{"self":[{"href":"https:\/\/www.bulletmoto.com\/index.php\/wp-json\/wp\/v2\/pages\/82669","targetHints":{"allow":["GET"]}}],"collection":[{"href":"https:\/\/www.bulletmoto.com\/index.php\/wp-json\/wp\/v2\/pages"}],"about":[{"href":"https:\/\/www.bulletmoto.com\/index.php\/wp-json\/wp\/v2\/types\/page"}],"author":[{"embeddable":true,"href":"https:\/\/www.bulletmoto.com\/index.php\/wp-json\/wp\/v2\/users\/3"}],"replies":[{"embeddable":true,"href":"https:\/\/www.bulletmoto.com\/index.php\/wp-json\/wp\/v2\/comments?post=82669"}],"version-history":[{"count":5,"href":"https:\/\/www.bulletmoto.com\/index.php\/wp-json\/wp\/v2\/pages\/82669\/revisions"}],"predecessor-version":[{"id":84527,"href":"https:\/\/www.bulletmoto.com\/index.php\/wp-json\/wp\/v2\/pages\/82669\/revisions\/84527"}],"wp:attachment":[{"href":"https:\/\/www.bulletmoto.com\/index.php\/wp-json\/wp\/v2\/media?parent=82669"}],"curies":[{"name":"wp","href":"https:\/\/api.w.org\/{rel}","templated":true}]}}