{"id":82688,"date":"2024-08-08T13:31:30","date_gmt":"2024-08-08T16:31:30","guid":{"rendered":"https:\/\/iterdigital.com.br\/bul\/?page_id=82688"},"modified":"2024-09-03T17:33:43","modified_gmt":"2024-09-03T20:33:43","slug":"dicas-de-instalacao-2","status":"publish","type":"page","link":"https:\/\/www.bulletmoto.com\/index.php\/es\/dicas-de-instalacao-2\/","title":{"rendered":"Consejos de instalaci\u00f3n"},"content":{"rendered":"<h3 class=\"wp-block-heading\">\u00a1ANTES DE INSTALAR, CONSULTA ESTOS CONSEJOS!<\/h3><div id=\"wp-block-themeisle-blocks-advanced-columns-549f155c\" class=\"wp-block-themeisle-blocks-advanced-columns has-2-columns has-desktop-twoOne-layout has-tablet-equal-layout has-mobile-collapsedRows-layout has-vertical-unset\"><div class=\"wp-block-themeisle-blocks-advanced-columns-overlay\"><\/div><div class=\"innerblocks-wrap\"><div id=\"wp-block-themeisle-blocks-advanced-column-f0cc8943\" class=\"wp-block-themeisle-blocks-advanced-column\"><h3 class=\"wp-block-heading\" style=\"font-size:18px\"><strong>TORNILLOS EN GENERAL<\/strong><\/h3>\n\n<p class=\"has-text-align-left\" style=\"font-size:16px\">Aplique de 1 a 2 gotas de pegamento fijador de roscas de torque medio a todos los tornillos para evitar que se aflojen debido al uso. Preste atenci\u00f3n tambi\u00e9n al par espec\u00edfico aplicado, recomendamos utilizar una llave dinamom\u00e9trica de acuerdo con la norma t\u00e9cnica para cada tipo de tornillo. \u00a1Importante! Superar el par m\u00e1ximo descrito por una norma espec\u00edfica puede causar da\u00f1os al producto.<\/p><\/div>\n\n<div id=\"wp-block-themeisle-blocks-advanced-column-0ac0d7c0\" class=\"wp-block-themeisle-blocks-advanced-column\"><div class=\"wp-block-image\"><figure class=\"alignright size-full is-resized\"><img loading=\"lazy\" decoding=\"async\" width=\"1024\" height=\"683\" src=\"https:\/\/www.bulletmoto.com\/wp-content\/uploads\/2024\/09\/Montagem-parafusos.jpg\" alt=\"\" class=\"wp-image-84169\" style=\"width:393px;height:auto\" srcset=\"https:\/\/www.bulletmoto.com\/wp-content\/uploads\/2024\/09\/Montagem-parafusos.jpg 1024w, https:\/\/www.bulletmoto.com\/wp-content\/uploads\/2024\/09\/Montagem-parafusos-300x200.jpg 300w, https:\/\/www.bulletmoto.com\/wp-content\/uploads\/2024\/09\/Montagem-parafusos-768x512.jpg 768w, https:\/\/www.bulletmoto.com\/wp-content\/uploads\/2024\/09\/Montagem-parafusos-930x620.jpg 930w, https:\/\/www.bulletmoto.com\/wp-content\/uploads\/2024\/09\/Montagem-parafusos-600x400.jpg 600w\" sizes=\"auto, (max-width: 1024px) 100vw, 1024px\" \/><\/figure><\/div><\/div><\/div><\/div><figure class=\"wp-block-table is-style-stripes\" style=\"font-size:16px\"><table class=\"has-fixed-layout\"><thead><tr><th>Rosca m\u00e9trica<\/th><th><strong>Torqueo (especificaci\u00f3n m\u00edn-m\u00e1x en N.m)<\/strong><\/th><\/tr><\/thead><tbody><tr><td>M6<\/td><td>08-12<\/td><\/tr><tr><td>M8<\/td><td>15-25<\/td><\/tr><tr><td>M10<\/td><td>30-40<\/td><\/tr><tr><td>M12<\/td><td>40-55<\/td><\/tr><\/tbody><\/table><\/figure><div id=\"wp-block-themeisle-blocks-advanced-columns-43879f5f\" class=\"wp-block-themeisle-blocks-advanced-columns has-2-columns has-desktop-equal-layout has-tablet-equal-layout has-mobile-collapsedRows-layout has-vertical-unset\"><div class=\"wp-block-themeisle-blocks-advanced-columns-overlay\"><\/div><div class=\"innerblocks-wrap\"><div id=\"wp-block-themeisle-blocks-advanced-column-0afe4198\" class=\"wp-block-themeisle-blocks-advanced-column\"><h5 class=\"wp-block-heading\"><strong>SEMIMANILLARES<\/strong><\/h5>\n\n<p style=\"font-size:16px\">Para sustituir o ajustar tu semimanillar f\u00e1cilmente y sin da\u00f1ar la abrazadera, retira los tornillos de sujeci\u00f3n del tubo. Luego, ins\u00e9rtalos desde el lado opuesto de la brida hasta que sus extremos aparezcan dentro del corte. Utilice una l\u00e1mina fina, por ejemplo un trozo de hoja de sierra, en el medio del corte, como en la foto. Luego apriete ligeramente los tornillos y presione alternativamente la placa, lo que forzar\u00e1 la apertura del alojamiento del tubo. \u00c1brelo lo justo para poder mover el tubo, no m\u00e1s para evitar el riesgo de que el material se fracture.<\/p>\n\n<div style=\"height:22px\" aria-hidden=\"true\" class=\"wp-block-spacer\"><\/div><\/div>\n\n<div id=\"wp-block-themeisle-blocks-advanced-column-ec251342\" class=\"wp-block-themeisle-blocks-advanced-column\"><div class=\"wp-block-image\"><figure class=\"aligncenter size-full is-resized\"><img loading=\"lazy\" decoding=\"async\" width=\"1024\" height=\"683\" src=\"https:\/\/www.bulletmoto.com\/wp-content\/uploads\/2024\/07\/Montagem-semiguidao.jpg\" alt=\"\" class=\"wp-image-509\" style=\"width:354px;height:auto\" srcset=\"https:\/\/www.bulletmoto.com\/wp-content\/uploads\/2024\/07\/Montagem-semiguidao.jpg 1024w, https:\/\/www.bulletmoto.com\/wp-content\/uploads\/2024\/07\/Montagem-semiguidao-300x200.jpg 300w, https:\/\/www.bulletmoto.com\/wp-content\/uploads\/2024\/07\/Montagem-semiguidao-768x512.jpg 768w, https:\/\/www.bulletmoto.com\/wp-content\/uploads\/2024\/07\/Montagem-semiguidao-930x620.jpg 930w, https:\/\/www.bulletmoto.com\/wp-content\/uploads\/2024\/07\/Montagem-semiguidao-600x400.jpg 600w\" sizes=\"auto, (max-width: 1024px) 100vw, 1024px\" \/><\/figure><\/div><\/div><\/div><\/div><ul class=\"wp-block-list\"><li><\/li><\/ul><blockquote class=\"wp-block-quote is-layout-flow wp-block-quote-is-layout-flow\"><div id=\"wp-block-themeisle-blocks-advanced-columns-04a4f457\" class=\"wp-block-themeisle-blocks-advanced-columns has-2-columns has-desktop-equal-layout has-tablet-equal-layout has-mobile-collapsedRows-layout has-vertical-unset\"><div class=\"wp-block-themeisle-blocks-advanced-columns-overlay\"><\/div><div class=\"innerblocks-wrap\"><div id=\"wp-block-themeisle-blocks-advanced-column-08e968a3\" class=\"wp-block-themeisle-blocks-advanced-column\"><h5 class=\"wp-block-heading\"><strong>RESORTE DE RETORNO DEL FRENO<\/strong><\/h5>\n\n<p>Instalar el resorte de retorno del pedal del freno es muy sencillo. Simplemente sigue la posici\u00f3n en la foto del lateral.<br><\/p>\n\n<div style=\"height:200px\" aria-hidden=\"true\" class=\"wp-block-spacer\"><\/div><\/div>\n\n<div id=\"wp-block-themeisle-blocks-advanced-column-991d012d\" class=\"wp-block-themeisle-blocks-advanced-column\"><div class=\"wp-block-image\"><figure class=\"aligncenter size-full is-resized\"><img loading=\"lazy\" decoding=\"async\" width=\"559\" height=\"397\" src=\"https:\/\/www.bulletmoto.com\/wp-content\/uploads\/2024\/07\/Design-sem-nome.jpg\" alt=\"\" class=\"wp-image-510\" style=\"width:338px;height:auto\" srcset=\"https:\/\/www.bulletmoto.com\/wp-content\/uploads\/2024\/07\/Design-sem-nome.jpg 559w, https:\/\/www.bulletmoto.com\/wp-content\/uploads\/2024\/07\/Design-sem-nome-300x213.jpg 300w\" sizes=\"auto, (max-width: 559px) 100vw, 559px\" \/><\/figure><\/div><\/div><\/div><\/div>\n\n<div id=\"wp-block-themeisle-blocks-advanced-columns-df20531b\" class=\"wp-block-themeisle-blocks-advanced-columns has-2-columns has-desktop-equal-layout has-tablet-equal-layout has-mobile-collapsedRows-layout has-vertical-unset\"><div class=\"wp-block-themeisle-blocks-advanced-columns-overlay\"><\/div><div class=\"innerblocks-wrap\"><div id=\"wp-block-themeisle-blocks-advanced-column-579dc1f2\" class=\"wp-block-themeisle-blocks-advanced-column\"><h5 class=\"wp-block-heading\"><strong>REPOSAPIES<\/strong><\/h5>\n\n<p>Para el montaje o desmontaje utilice una llave n\u00famero 19 en el racor paralelo del paso a paso y una llave n\u00famero 13 en el tornillo.<br>detr\u00e1s del pedal.<br>Aplique siempre de 1 a 2 gotas de pegamento fijador de roscas de torque medio al ensamblar.<br>Utilice siempre una llave dinamom\u00e9trica para apretar este tornillo, apriete 20 N.m.<br>Nunca reutilice el tornillo cuando sea necesario reemplazar el paso a paso debido a da\u00f1os.<\/p><\/div>\n\n<div id=\"wp-block-themeisle-blocks-advanced-column-4dd40194\" class=\"wp-block-themeisle-blocks-advanced-column\"><div class=\"wp-block-image\"><figure class=\"aligncenter size-large is-resized\"><img loading=\"lazy\" decoding=\"async\" width=\"1024\" height=\"683\" src=\"https:\/\/www.bulletmoto.com\/wp-content\/uploads\/2024\/07\/CBR1000RR-R-6463-scaled-1-1024x683.jpg\" alt=\"\" class=\"wp-image-511\" style=\"width:349px;height:auto\" srcset=\"https:\/\/www.bulletmoto.com\/wp-content\/uploads\/2024\/07\/CBR1000RR-R-6463-scaled-1-1024x683.jpg 1024w, https:\/\/www.bulletmoto.com\/wp-content\/uploads\/2024\/07\/CBR1000RR-R-6463-scaled-1-300x200.jpg 300w, https:\/\/www.bulletmoto.com\/wp-content\/uploads\/2024\/07\/CBR1000RR-R-6463-scaled-1-768x512.jpg 768w, https:\/\/www.bulletmoto.com\/wp-content\/uploads\/2024\/07\/CBR1000RR-R-6463-scaled-1-930x620.jpg 930w, https:\/\/www.bulletmoto.com\/wp-content\/uploads\/2024\/07\/CBR1000RR-R-6463-scaled-1-600x400.jpg 600w, https:\/\/www.bulletmoto.com\/wp-content\/uploads\/2024\/07\/CBR1000RR-R-6463-scaled-1.jpg 1536w\" sizes=\"auto, (max-width: 1024px) 100vw, 1024px\" \/><\/figure><\/div><\/div><\/div><\/div>\n\n<p><\/p>\n\n<div style=\"height:27px\" aria-hidden=\"true\" class=\"wp-block-spacer\"><\/div>\n\n<div id=\"wp-block-themeisle-blocks-advanced-columns-4dbe409b\" class=\"wp-block-themeisle-blocks-advanced-columns has-2-columns has-desktop-equal-layout has-tablet-equal-layout has-mobile-collapsedRows-layout has-vertical-unset\"><div class=\"wp-block-themeisle-blocks-advanced-columns-overlay\"><\/div><div class=\"innerblocks-wrap\"><div id=\"wp-block-themeisle-blocks-advanced-column-608c3b30\" class=\"wp-block-themeisle-blocks-advanced-column\"><h5 class=\"wp-block-heading\"><strong>PUNTERA DE PALANCA<\/strong><\/h5>\n\n<p>Para el montaje o desmontaje, utilice una llave fija n\u00famero 11 en el conector paralelo en la punta del paso a paso y una llave Allen n\u00famero 4 en el tornillo detr\u00e1s del pedal.<br>Aplique siempre de 1 a 2 gotas de pegamento fijador de roscas de torque medio al ensamblar.<br>Utilice siempre una llave dinamom\u00e9trica para apretar este tornillo, apriete 12 N.m.<br>Nunca reutilice el tornillo al reemplazar el paso a paso debido a da\u00f1os.<\/p><\/div>\n\n<div id=\"wp-block-themeisle-blocks-advanced-column-e01a0d2f\" class=\"wp-block-themeisle-blocks-advanced-column\"><div class=\"wp-block-image\"><figure class=\"aligncenter size-large is-resized\"><img loading=\"lazy\" decoding=\"async\" width=\"1024\" height=\"683\" src=\"https:\/\/www.bulletmoto.com\/wp-content\/uploads\/2024\/07\/CBR1000RR-R-6449-scaled-1-1024x683.jpg\" alt=\"\" class=\"wp-image-512\" style=\"width:336px;height:auto\" srcset=\"https:\/\/www.bulletmoto.com\/wp-content\/uploads\/2024\/07\/CBR1000RR-R-6449-scaled-1-1024x683.jpg 1024w, https:\/\/www.bulletmoto.com\/wp-content\/uploads\/2024\/07\/CBR1000RR-R-6449-scaled-1-300x200.jpg 300w, https:\/\/www.bulletmoto.com\/wp-content\/uploads\/2024\/07\/CBR1000RR-R-6449-scaled-1-768x512.jpg 768w, https:\/\/www.bulletmoto.com\/wp-content\/uploads\/2024\/07\/CBR1000RR-R-6449-scaled-1-930x620.jpg 930w, https:\/\/www.bulletmoto.com\/wp-content\/uploads\/2024\/07\/CBR1000RR-R-6449-scaled-1-600x400.jpg 600w, https:\/\/www.bulletmoto.com\/wp-content\/uploads\/2024\/07\/CBR1000RR-R-6449-scaled-1.jpg 1536w\" sizes=\"auto, (max-width: 1024px) 100vw, 1024px\" \/><\/figure><\/div><\/div><\/div><\/div><\/blockquote>","protected":false},"excerpt":{"rendered":"<p>\u00a1ANTES DE INSTALAR, CONSULTA ESTOS CONSEJOS! Rosca m\u00e9trica Torqueo (especificaci\u00f3n m\u00edn-m\u00e1x en N.m) M6 08-12 M8 15-25 M10 30-40 M12 40-55<\/p>\n","protected":false},"author":3,"featured_media":0,"parent":0,"menu_order":0,"comment_status":"closed","ping_status":"open","template":"","meta":{"neve_meta_sidebar":"","neve_meta_container":"","neve_meta_enable_content_width":"","neve_meta_content_width":0,"neve_meta_title_alignment":"","neve_meta_author_avatar":"","neve_post_elements_order":"","neve_meta_disable_header":"","neve_meta_disable_footer":"","neve_meta_disable_title":"","_themeisle_gutenberg_block_has_review":false,"footnotes":""},"class_list":["post-82688","page","type-page","status-publish","hentry"],"_links":{"self":[{"href":"https:\/\/www.bulletmoto.com\/index.php\/wp-json\/wp\/v2\/pages\/82688","targetHints":{"allow":["GET"]}}],"collection":[{"href":"https:\/\/www.bulletmoto.com\/index.php\/wp-json\/wp\/v2\/pages"}],"about":[{"href":"https:\/\/www.bulletmoto.com\/index.php\/wp-json\/wp\/v2\/types\/page"}],"author":[{"embeddable":true,"href":"https:\/\/www.bulletmoto.com\/index.php\/wp-json\/wp\/v2\/users\/3"}],"replies":[{"embeddable":true,"href":"https:\/\/www.bulletmoto.com\/index.php\/wp-json\/wp\/v2\/comments?post=82688"}],"version-history":[{"count":6,"href":"https:\/\/www.bulletmoto.com\/index.php\/wp-json\/wp\/v2\/pages\/82688\/revisions"}],"predecessor-version":[{"id":84178,"href":"https:\/\/www.bulletmoto.com\/index.php\/wp-json\/wp\/v2\/pages\/82688\/revisions\/84178"}],"wp:attachment":[{"href":"https:\/\/www.bulletmoto.com\/index.php\/wp-json\/wp\/v2\/media?parent=82688"}],"curies":[{"name":"wp","href":"https:\/\/api.w.org\/{rel}","templated":true}]}}