{"id":82724,"date":"2024-08-08T14:56:40","date_gmt":"2024-08-08T17:56:40","guid":{"rendered":"https:\/\/iterdigital.com.br\/bul\/?page_id=82724"},"modified":"2024-10-15T08:46:06","modified_gmt":"2024-10-15T11:46:06","slug":"pecas-especiais-2","status":"publish","type":"page","link":"https:\/\/www.bulletmoto.com\/index.php\/es\/pecas-especiais-2\/","title":{"rendered":"Piezas especiales"},"content":{"rendered":"<div id=\"wp-block-themeisle-blocks-advanced-columns-ee2902a6\" class=\"wp-block-themeisle-blocks-advanced-columns has-1-columns has-desktop-equal-layout has-tablet-equal-layout has-mobile-equal-layout has-vertical-unset\"><div class=\"wp-block-themeisle-blocks-advanced-columns-overlay\"><\/div><div class=\"innerblocks-wrap\"><div id=\"wp-block-themeisle-blocks-advanced-column-14bbf419\" class=\"wp-block-themeisle-blocks-advanced-column\"><style id=\"wp_carousel_dynamic_css83146\">#sp-wp-carousel-free-id-83146 .wpcp-swiper-dots {margin: 40px 0px 0px 0px;}.wpcp-wrapper-83146 .swiper-wrapper .swiper-slide-kenburn, .wpcp-wrapper-83146 .swiper-wrapper, .wpcp-wrapper-83146 .wpcpro-row{align-items: center;}#sp-wp-carousel-free-id-83146 .wpcp-single-item {box-shadow: 0px 0px 0px 0px #dddddd;transition: all .3s;margin: 0px;}#sp-wp-carousel-free-id-83146.swiper-flip .wpcp-single-item{margin: 0!important;}#sp-wp-carousel-free-id-83146 .wpcp-single-item:hover {box-shadow: 0px 0px 0px 0px #dddddd;}#sp-wp-carousel-free-id-83146.sp-wpcp-83146 .wpcp-single-item {border: 1px solid #dddddd;}#sp-wp-carousel-free-id-83146.sp-wpcp-83146 .swiper-button-prev,#sp-wp-carousel-free-id-83146.sp-wpcp-83146 .swiper-button-next,#sp-wp-carousel-free-id-83146.sp-wpcp-83146 .swiper-button-prev:hover,#sp-wp-carousel-free-id-83146.sp-wpcp-83146 .swiper-button-next:hover {background: none;border: none;font-size: 30px;}#sp-wp-carousel-free-id-83146.sp-wpcp-83146 .swiper-button-prev i,#sp-wp-carousel-free-id-83146.sp-wpcp-83146 .swiper-button-next i {color: #000000;}#sp-wp-carousel-free-id-83146.sp-wpcp-83146 .swiper-button-prev i:hover,#sp-wp-carousel-free-id-83146.sp-wpcp-83146 .swiper-button-next i:hover {color: #e08721;}#sp-wp-carousel-free-id-83146.sp-wpcp-83146 .wpcp-swiper-dots .swiper-pagination-bullet {background-color: #000000;}#sp-wp-carousel-free-id-83146.sp-wpcp-83146 .wpcp-swiper-dots .swiper-pagination-bullet.swiper-pagination-bullet-active {background-color: #ed9025;}#sp-wp-carousel-free-id-83146 .wpcpro-row>[class*=\"wpcpro-col-\"] { padding: 0 10px; padding-bottom: 20px;} #sp-wp-carousel-free-id-83146 .swiper-slide .single-item-fade:not(:last-child) { margin-right: 20px;}@media (min-width: 480px) { .wpcpro-row .wpcpro-col-sm-1 { flex: 0 0 100%; max-width: 100%; } .wpcpro-row .wpcpro-col-sm-2 { flex: 0 0 50%; max-width: 50%; } .wpcpro-row .wpcpro-col-sm-2-5 { flex: 0 0 75%; max-width: 75%; } .wpcpro-row .wpcpro-col-sm-3 { flex: 0 0 33.333%; max-width: 33.333%; } .wpcpro-row .wpcpro-col-sm-4 { flex: 0 0 25%; max-width: 25%; } .wpcpro-row .wpcpro-col-sm-5 { flex: 0 0 20%; max-width: 20%; } .wpcpro-row .wpcpro-col-sm-6 { flex: 0 0 16.66666666666667%; max-width: 16.66666666666667%; } .wpcpro-row .wpcpro-col-sm-7 { flex: 0 0 14.28571428%; max-width: 14.28571428%; } .wpcpro-row .wpcpro-col-sm-8 { flex: 0 0 12.5%; max-width: 12.5%; } } @media (max-width: 480px) { .wpcpro-row .wpcpro-col-xs-1 { flex: 0 0 100%; max-width: 100%; } .wpcpro-row .wpcpro-col-xs-2 { flex: 0 0 50%; max-width: 50%; } .wpcpro-row .wpcpro-col-xs-3 { flex: 0 0 33.222%; max-width: 33.222%; } .wpcpro-row .wpcpro-col-xs-4 { flex: 0 0 25%; max-width: 25%; } .wpcpro-row .wpcpro-col-xs-5 { flex: 0 0 20%; max-width: 20%; } .wpcpro-row .wpcpro-col-xs-6 { flex: 0 0 16.6667%; max-width: 16.6667%; } .wpcpro-row .wpcpro-col-xs-7 { flex: 0 0 14.28571428%; max-width: 14.28571428%; } .wpcpro-row .wpcpro-col-xs-8 { flex: 0 0 12.5%; max-width: 12.5%; } } @media (min-width: 736px) { .wpcpro-row .wpcpro-col-md-1 { flex: 0 0 100%; max-width: 100%; } .wpcpro-row .wpcpro-col-md-2 { flex: 0 0 50%; max-width: 50%; } .wpcpro-row .wpcpro-col-md-2-5 { flex: 0 0 75%; max-width: 75%; } .wpcpro-row .wpcpro-col-md-3 { flex: 0 0 33.333%; max-width: 33.333%; } .wpcpro-row .wpcpro-col-md-4 { flex: 0 0 25%; max-width: 25%; } .wpcpro-row .wpcpro-col-md-5 { flex: 0 0 20%; max-width: 20%; } .wpcpro-row .wpcpro-col-md-6 { flex: 0 0 16.66666666666667%; max-width: 16.66666666666667%; } .wpcpro-row .wpcpro-col-md-7 { flex: 0 0 14.28571428%; max-width: 14.28571428%; } .wpcpro-row .wpcpro-col-md-8 { flex: 0 0 12.5%; max-width: 12.5%; } } @media (min-width: 980px) { .wpcpro-row .wpcpro-col-lg-1 { flex: 0 0 100%; max-width: 100%; } .wpcpro-row .wpcpro-col-lg-2 { flex: 0 0 50%; max-width: 50%; } .wpcpro-row .wpcpro-col-lg-3 { flex: 0 0 33.222%; max-width: 33.222%; } .wpcpro-row .wpcpro-col-lg-4 { flex: 0 0 25%; max-width: 25%; } .wpcpro-row .wpcpro-col-lg-5 { flex: 0 0 20%; max-width: 20%; } .wpcpro-row .wpcpro-col-lg-6 { flex: 0 0 16.6667%; max-width: 16.6667%; } .wpcpro-row .wpcpro-col-lg-7 { flex: 0 0 14.28571428%; max-width: 14.28571428%; } .wpcpro-row .wpcpro-col-lg-8 { flex: 0 0 12.5%; max-width: 12.5%; } } @media (min-width: 1200px) { .wpcpro-row .wpcpro-col-xl-1 { flex: 0 0 100%; max-width: 100%; } .wpcpro-row .wpcpro-col-xl-2 { flex: 0 0 50%; max-width: 50%; } .wpcpro-row .wpcpro-col-xl-3 { flex: 0 0 33.22222222%; max-width: 33.22222222%; } .wpcpro-row .wpcpro-col-xl-4 { flex: 0 0 25%; max-width: 25%; } .wpcpro-row .wpcpro-col-xl-5 { flex: 0 0 20%; max-width: 20%; } .wpcpro-row .wpcpro-col-xl-6 { flex: 0 0 16.66667%; max-width: 16.66667%; } .wpcpro-row .wpcpro-col-xl-7 { flex: 0 0 14.28571428%; max-width: 14.28571428%; } .wpcpro-row .wpcpro-col-xl-8 { flex: 0 0 12.5%; max-width: 12.5%; } }<\/style><div class=\"wpcp-carousel-wrapper wpcp-wrapper-83146\">\n\t<div id=\"wpcp-preloader-83146\" class=\"wpcp-carousel-preloader\"><img decoding=\"async\" src=\"https:\/\/www.bulletmoto.com\/wp-content\/plugins\/wp-carousel-free\/public\/css\/spinner.svg\" alt=\"Preloader Image\" \/><\/div>\t<div class=\"wpcp-carousel-content-wrapper\">\n\t<div id=\"sp-wp-carousel-free-id-83146\" class=\"wpcp-carousel-section sp-wpcp-83146  nav-vertical-center wpcp-image-carousel wpcp-preloader wpcp-standard\" data-swiper='{ &quot;accessibility&quot;:true, &quot;spaceBetween&quot;:20, &quot;arrows&quot;:true, &quot;freeMode&quot;: false, &quot;autoplay&quot;:true, &quot;effect&quot;: &quot;&quot;, &quot;centerMode&quot;: false, &quot;autoplaySpeed&quot;:3000, &quot;dots&quot;:true, &quot;infinite&quot;:true, &quot;speed&quot;:600, &quot;pauseOnHover&quot;:true,\n\t\t\t&quot;slidesToShow&quot;:{&quot;lg_desktop&quot;:1, &quot;desktop&quot;: 1, &quot;laptop&quot;: 1, &quot;tablet&quot;: 1, &quot;mobile&quot;: 1}, &quot;responsive&quot;:{&quot;desktop&quot;:1200, &quot;laptop&quot;: 980, &quot;tablet&quot;: 736, &quot;mobile&quot;: 480}, &quot;rtl&quot;:false, &quot;lazyLoad&quot;: &quot;false&quot;, &quot;swipe&quot;: true, &quot;draggable&quot;: true, &quot;swipeToSlide&quot;:false }' dir=\"ltr\">\n\t\t<div class=\"swiper-wrapper\">\n\t\t<div class=\"swiper-slide\">\n\t<div class=\"wpcp-single-item\">\n\t\t\t<a class=\"wcp-light-box\" data-buttons='[\"close\"]' data-wpc_url='https:\/\/www.bulletmoto.com\/wp-content\/uploads\/2024\/08\/Regulador-5-1170x707-1-1024x619.jpg' href=\"https:\/\/www.bulletmoto.com\/wp-content\/uploads\/2024\/08\/Regulador-5-1170x707-1.jpg\" data-fancybox=\"wpcp_view\">\n\t\t<figure>\n\t\t\t<img loading=\"lazy\" decoding=\"async\" class=\"skip-lazy\" src=\"https:\/\/www.bulletmoto.com\/wp-content\/uploads\/2024\/08\/Regulador-5-1170x707-1-1024x619.jpg\" alt=\"Regulador-5-1170x707 (1)\" width=\"1024\" height=\"619\">\t\t<\/figure>\n\t<\/a>\n\t\t<\/div>\n<\/div>\n\t<div class=\"swiper-slide\">\n\t<div class=\"wpcp-single-item\">\n\t\t\t<a class=\"wcp-light-box\" data-buttons='[\"close\"]' data-wpc_url='https:\/\/www.bulletmoto.com\/wp-content\/uploads\/2024\/08\/DSC09320-1170x707-1-1024x619.jpg' href=\"https:\/\/www.bulletmoto.com\/wp-content\/uploads\/2024\/08\/DSC09320-1170x707-1.jpg\" data-fancybox=\"wpcp_view\">\n\t\t<figure>\n\t\t\t<img loading=\"lazy\" decoding=\"async\" class=\"skip-lazy\" src=\"https:\/\/www.bulletmoto.com\/wp-content\/uploads\/2024\/08\/DSC09320-1170x707-1-1024x619.jpg\" alt=\"DSC09320-1170x707\" width=\"1024\" height=\"619\">\t\t<\/figure>\n\t<\/a>\n\t\t<\/div>\n<\/div>\n\t<div class=\"swiper-slide\">\n\t<div class=\"wpcp-single-item\">\n\t\t\t<a class=\"wcp-light-box\" data-buttons='[\"close\"]' data-wpc_url='https:\/\/www.bulletmoto.com\/wp-content\/uploads\/2024\/08\/Mesas-competicao.jpg' href=\"https:\/\/www.bulletmoto.com\/wp-content\/uploads\/2024\/08\/Mesas-competicao.jpg\" data-fancybox=\"wpcp_view\">\n\t\t<figure>\n\t\t\t<img loading=\"lazy\" decoding=\"async\" class=\"skip-lazy\" src=\"https:\/\/www.bulletmoto.com\/wp-content\/uploads\/2024\/08\/Mesas-competicao.jpg\" alt=\"Mesas-competi\u00e7\u00e3o\" width=\"1024\" height=\"682\">\t\t<\/figure>\n\t<\/a>\n\t\t<\/div>\n<\/div>\n\t<div class=\"swiper-slide\">\n\t<div class=\"wpcp-single-item\">\n\t\t\t<a class=\"wcp-light-box\" data-buttons='[\"close\"]' data-wpc_url='https:\/\/www.bulletmoto.com\/wp-content\/uploads\/2024\/08\/Adapt.-amortecedor-de-dir.-CBR-1000-RR-1170x707-1-1024x619.jpg' href=\"https:\/\/www.bulletmoto.com\/wp-content\/uploads\/2024\/08\/Adapt.-amortecedor-de-dir.-CBR-1000-RR-1170x707-1.jpg\" data-fancybox=\"wpcp_view\">\n\t\t<figure>\n\t\t\t<img loading=\"lazy\" decoding=\"async\" class=\"skip-lazy\" src=\"https:\/\/www.bulletmoto.com\/wp-content\/uploads\/2024\/08\/Adapt.-amortecedor-de-dir.-CBR-1000-RR-1170x707-1-1024x619.jpg\" alt=\"Adapt.-amortecedor-de-dir.-CBR-1000-RR-1170x707\" width=\"1024\" height=\"619\">\t\t<\/figure>\n\t<\/a>\n\t\t<\/div>\n<\/div>\n\t\t\t<\/div>\n\t\t\t\t\t<div class=\"wpcp-swiper-dots swiper-pagination\"><\/div>\n\t\t\t\t<!-- If we need navigation buttons -->\n\t\t\t\t\t<div class=\"wpcp-prev-button swiper-button-prev\"><i class=\"fa fa-angle-left\"><\/i><\/div>\n\t\t\t<div class=\"wpcp-next-button swiper-button-next\"><i class=\"fa fa-angle-right\"><\/i><\/div>\n\t\t\t<\/div>\n\t<\/div>\n<\/div>\n<\/div><\/div><\/div><div id=\"wp-block-themeisle-blocks-advanced-columns-bbe308a9\" class=\"wp-block-themeisle-blocks-advanced-columns has-1-columns has-desktop-equal-layout has-tablet-equal-layout has-mobile-equal-layout has-vertical-unset\"><div class=\"wp-block-themeisle-blocks-advanced-columns-overlay\"><\/div><div class=\"innerblocks-wrap\"><div id=\"wp-block-themeisle-blocks-advanced-column-f45167aa\" class=\"wp-block-themeisle-blocks-advanced-column\"><div style=\"height:77px\" aria-hidden=\"true\" class=\"wp-block-spacer\"><\/div>\n\n<h2 class=\"wp-block-heading has-text-align-center\">Piezas especiales<\/h2>\n\n<div class=\"wp-block-buttons is-content-justification-center is-layout-flex wp-container-core-buttons-is-layout-16018d1d wp-block-buttons-is-layout-flex\"><div class=\"wp-block-button\"><a class=\"wp-block-button__link wp-element-button\" href=\"https:\/\/www.bulletmoto.com\/index.php\/es\/contacto\/\">COMPRAR<\/a><\/div><\/div>\n\n<div style=\"height:37px\" aria-hidden=\"true\" class=\"wp-block-spacer\"><\/div>\n\n<p class=\"has-text-align-center\">Los productos Bullet Moto Systems se desarrollan y fabrican internamente. Adem\u00e1s de garantizar la calidad y la seguridad, tambi\u00e9n nos centramos en la innovaci\u00f3n constante. Por lo tanto, nuestra l\u00ednea de productos siempre est\u00e1 en expansi\u00f3n.<\/p>\n\n<p>Algunos proyectos especiales surgen de las necesidades espec\u00edficas de nuestros clientes, ya sea para optimizar su conducci\u00f3n, personalizar su bicicleta o facilitar el trabajo de talleres y equipos.<\/p>\n\n<p class=\"has-text-align-center\">Descubre algunos proyectos y, si tienes alguna petici\u00f3n, \u00a1ponte en contacto!<\/p>\n\n<div style=\"height:40px\" aria-hidden=\"true\" class=\"wp-block-spacer\"><\/div>\n\n<p class=\"has-text-align-center\"><strong>Regulador de precarga de suspensi\u00f3n delantera<\/strong><\/p>\n\n<div class=\"wp-block-image\"><figure class=\"aligncenter\"><img decoding=\"async\" src=\"https:\/\/www.bulletmoto.com\/Imagens\/2018\/06\/Regulador-6-300x225.jpg\" alt=\"\" class=\"wp-image-2700\"\/><\/figure><\/div>\n\n<div style=\"height:65px\" aria-hidden=\"true\" class=\"wp-block-spacer\"><\/div>\n\n<p class=\"has-text-align-center\"><strong>Mesa cafe racer<\/strong><\/p>\n\n<div class=\"wp-block-image\"><figure class=\"aligncenter\"><img decoding=\"async\" src=\"https:\/\/www.bulletmoto.com\/Imagens\/2018\/06\/DSC09320-300x225.jpg\" alt=\"\" class=\"wp-image-2701\"\/><\/figure><\/div>\n\n<div style=\"height:61px\" aria-hidden=\"true\" class=\"wp-block-spacer\"><\/div>\n\n<p class=\"has-text-align-center\"><strong>Mesa deportiva<\/strong><\/p>\n\n<div class=\"wp-block-image\"><figure class=\"aligncenter\"><img decoding=\"async\" src=\"https:\/\/www.bulletmoto.com\/Imagens\/2011\/10\/Mesa-esportiva.jpg\" alt=\"Mesa esportiva\" class=\"wp-image-1016\"\/><\/figure><\/div><\/div><\/div><\/div><div style=\"height:100px\" aria-hidden=\"true\" class=\"wp-block-spacer\"><\/div>","protected":false},"excerpt":{"rendered":"","protected":false},"author":3,"featured_media":0,"parent":0,"menu_order":0,"comment_status":"closed","ping_status":"closed","template":"","meta":{"neve_meta_sidebar":"","neve_meta_container":"","neve_meta_enable_content_width":"","neve_meta_content_width":0,"neve_meta_title_alignment":"","neve_meta_author_avatar":"","neve_post_elements_order":"","neve_meta_disable_header":"","neve_meta_disable_footer":"","neve_meta_disable_title":"","_themeisle_gutenberg_block_has_review":false,"footnotes":""},"class_list":["post-82724","page","type-page","status-publish","hentry"],"_links":{"self":[{"href":"https:\/\/www.bulletmoto.com\/index.php\/wp-json\/wp\/v2\/pages\/82724","targetHints":{"allow":["GET"]}}],"collection":[{"href":"https:\/\/www.bulletmoto.com\/index.php\/wp-json\/wp\/v2\/pages"}],"about":[{"href":"https:\/\/www.bulletmoto.com\/index.php\/wp-json\/wp\/v2\/types\/page"}],"author":[{"embeddable":true,"href":"https:\/\/www.bulletmoto.com\/index.php\/wp-json\/wp\/v2\/users\/3"}],"replies":[{"embeddable":true,"href":"https:\/\/www.bulletmoto.com\/index.php\/wp-json\/wp\/v2\/comments?post=82724"}],"version-history":[{"count":4,"href":"https:\/\/www.bulletmoto.com\/index.php\/wp-json\/wp\/v2\/pages\/82724\/revisions"}],"predecessor-version":[{"id":84354,"href":"https:\/\/www.bulletmoto.com\/index.php\/wp-json\/wp\/v2\/pages\/82724\/revisions\/84354"}],"wp:attachment":[{"href":"https:\/\/www.bulletmoto.com\/index.php\/wp-json\/wp\/v2\/media?parent=82724"}],"curies":[{"name":"wp","href":"https:\/\/api.w.org\/{rel}","templated":true}]}}