{"id":82733,"date":"2024-08-08T15:47:53","date_gmt":"2024-08-08T18:47:53","guid":{"rendered":"https:\/\/iterdigital.com.br\/bul\/?page_id=82733"},"modified":"2026-01-16T09:13:47","modified_gmt":"2026-01-16T12:13:47","slug":"terminais-de-guidao-2","status":"publish","type":"page","link":"https:\/\/www.bulletmoto.com\/index.php\/es\/terminais-de-guidao-2\/","title":{"rendered":"Terminales de manillar"},"content":{"rendered":"<div id=\"wp-block-themeisle-blocks-advanced-columns-8ad031c4\" class=\"wp-block-themeisle-blocks-advanced-columns has-1-columns has-desktop-equal-layout has-tablet-equal-layout has-mobile-equal-layout has-vertical-unset\"><div class=\"wp-block-themeisle-blocks-advanced-columns-overlay\"><\/div><div class=\"innerblocks-wrap\"><div id=\"wp-block-themeisle-blocks-advanced-column-a0634bb6\" class=\"wp-block-themeisle-blocks-advanced-column\"><style id=\"wp_carousel_dynamic_css83137\">#sp-wp-carousel-free-id-83137 .wpcp-swiper-dots {margin: 40px 0px 0px 0px;}.wpcp-wrapper-83137 .swiper-wrapper .swiper-slide-kenburn, .wpcp-wrapper-83137 .swiper-wrapper, .wpcp-wrapper-83137 .wpcpro-row{align-items: center;}#sp-wp-carousel-free-id-83137 .wpcp-single-item {box-shadow: 0px 0px 0px 0px #dddddd;transition: all .3s;margin: 0px;}#sp-wp-carousel-free-id-83137.swiper-flip .wpcp-single-item{margin: 0!important;}#sp-wp-carousel-free-id-83137 .wpcp-single-item:hover {box-shadow: 0px 0px 0px 0px #dddddd;}#sp-wp-carousel-free-id-83137.sp-wpcp-83137 .wpcp-single-item {border: 1px solid #dddddd;}#sp-wp-carousel-free-id-83137.sp-wpcp-83137 .swiper-button-prev,#sp-wp-carousel-free-id-83137.sp-wpcp-83137 .swiper-button-next,#sp-wp-carousel-free-id-83137.sp-wpcp-83137 .swiper-button-prev:hover,#sp-wp-carousel-free-id-83137.sp-wpcp-83137 .swiper-button-next:hover {background: none;border: none;font-size: 30px;}#sp-wp-carousel-free-id-83137.sp-wpcp-83137 .swiper-button-prev i,#sp-wp-carousel-free-id-83137.sp-wpcp-83137 .swiper-button-next i {color: #000000;}#sp-wp-carousel-free-id-83137.sp-wpcp-83137 .swiper-button-prev i:hover,#sp-wp-carousel-free-id-83137.sp-wpcp-83137 .swiper-button-next i:hover {color: #e58a22;}#sp-wp-carousel-free-id-83137.sp-wpcp-83137 .wpcp-swiper-dots .swiper-pagination-bullet {background-color: #000000;}#sp-wp-carousel-free-id-83137.sp-wpcp-83137 .wpcp-swiper-dots .swiper-pagination-bullet.swiper-pagination-bullet-active {background-color: #d38b1f;}#sp-wp-carousel-free-id-83137 .wpcpro-row>[class*=\"wpcpro-col-\"] { padding: 0 10px; padding-bottom: 20px;} #sp-wp-carousel-free-id-83137 .swiper-slide .single-item-fade:not(:last-child) { margin-right: 20px;}@media (min-width: 480px) { .wpcpro-row .wpcpro-col-sm-1 { flex: 0 0 100%; max-width: 100%; } .wpcpro-row .wpcpro-col-sm-2 { flex: 0 0 50%; max-width: 50%; } .wpcpro-row .wpcpro-col-sm-2-5 { flex: 0 0 75%; max-width: 75%; } .wpcpro-row .wpcpro-col-sm-3 { flex: 0 0 33.333%; max-width: 33.333%; } .wpcpro-row .wpcpro-col-sm-4 { flex: 0 0 25%; max-width: 25%; } .wpcpro-row .wpcpro-col-sm-5 { flex: 0 0 20%; max-width: 20%; } .wpcpro-row .wpcpro-col-sm-6 { flex: 0 0 16.66666666666667%; max-width: 16.66666666666667%; } .wpcpro-row .wpcpro-col-sm-7 { flex: 0 0 14.28571428%; max-width: 14.28571428%; } .wpcpro-row .wpcpro-col-sm-8 { flex: 0 0 12.5%; max-width: 12.5%; } } @media (max-width: 480px) { .wpcpro-row .wpcpro-col-xs-1 { flex: 0 0 100%; max-width: 100%; } .wpcpro-row .wpcpro-col-xs-2 { flex: 0 0 50%; max-width: 50%; } .wpcpro-row .wpcpro-col-xs-3 { flex: 0 0 33.222%; max-width: 33.222%; } .wpcpro-row .wpcpro-col-xs-4 { flex: 0 0 25%; max-width: 25%; } .wpcpro-row .wpcpro-col-xs-5 { flex: 0 0 20%; max-width: 20%; } .wpcpro-row .wpcpro-col-xs-6 { flex: 0 0 16.6667%; max-width: 16.6667%; } .wpcpro-row .wpcpro-col-xs-7 { flex: 0 0 14.28571428%; max-width: 14.28571428%; } .wpcpro-row .wpcpro-col-xs-8 { flex: 0 0 12.5%; max-width: 12.5%; } } @media (min-width: 736px) { .wpcpro-row .wpcpro-col-md-1 { flex: 0 0 100%; max-width: 100%; } .wpcpro-row .wpcpro-col-md-2 { flex: 0 0 50%; max-width: 50%; } .wpcpro-row .wpcpro-col-md-2-5 { flex: 0 0 75%; max-width: 75%; } .wpcpro-row .wpcpro-col-md-3 { flex: 0 0 33.333%; max-width: 33.333%; } .wpcpro-row .wpcpro-col-md-4 { flex: 0 0 25%; max-width: 25%; } .wpcpro-row .wpcpro-col-md-5 { flex: 0 0 20%; max-width: 20%; } .wpcpro-row .wpcpro-col-md-6 { flex: 0 0 16.66666666666667%; max-width: 16.66666666666667%; } .wpcpro-row .wpcpro-col-md-7 { flex: 0 0 14.28571428%; max-width: 14.28571428%; } .wpcpro-row .wpcpro-col-md-8 { flex: 0 0 12.5%; max-width: 12.5%; } } @media (min-width: 980px) { .wpcpro-row .wpcpro-col-lg-1 { flex: 0 0 100%; max-width: 100%; } .wpcpro-row .wpcpro-col-lg-2 { flex: 0 0 50%; max-width: 50%; } .wpcpro-row .wpcpro-col-lg-3 { flex: 0 0 33.222%; max-width: 33.222%; } .wpcpro-row .wpcpro-col-lg-4 { flex: 0 0 25%; max-width: 25%; } .wpcpro-row .wpcpro-col-lg-5 { flex: 0 0 20%; max-width: 20%; } .wpcpro-row .wpcpro-col-lg-6 { flex: 0 0 16.6667%; max-width: 16.6667%; } .wpcpro-row .wpcpro-col-lg-7 { flex: 0 0 14.28571428%; max-width: 14.28571428%; } .wpcpro-row .wpcpro-col-lg-8 { flex: 0 0 12.5%; max-width: 12.5%; } } @media (min-width: 1200px) { .wpcpro-row .wpcpro-col-xl-1 { flex: 0 0 100%; max-width: 100%; } .wpcpro-row .wpcpro-col-xl-2 { flex: 0 0 50%; max-width: 50%; } .wpcpro-row .wpcpro-col-xl-3 { flex: 0 0 33.22222222%; max-width: 33.22222222%; } .wpcpro-row .wpcpro-col-xl-4 { flex: 0 0 25%; max-width: 25%; } .wpcpro-row .wpcpro-col-xl-5 { flex: 0 0 20%; max-width: 20%; } .wpcpro-row .wpcpro-col-xl-6 { flex: 0 0 16.66667%; max-width: 16.66667%; } .wpcpro-row .wpcpro-col-xl-7 { flex: 0 0 14.28571428%; max-width: 14.28571428%; } .wpcpro-row .wpcpro-col-xl-8 { flex: 0 0 12.5%; max-width: 12.5%; } }<\/style><div class=\"wpcp-carousel-wrapper wpcp-wrapper-83137\">\n\t<div id=\"wpcp-preloader-83137\" class=\"wpcp-carousel-preloader\"><img decoding=\"async\" src=\"https:\/\/www.bulletmoto.com\/wp-content\/plugins\/wp-carousel-free\/public\/css\/spinner.svg\" alt=\"Preloader Image\" \/><\/div>\t<div class=\"wpcp-carousel-content-wrapper\">\n\t<div id=\"sp-wp-carousel-free-id-83137\" class=\"wpcp-carousel-section sp-wpcp-83137  nav-vertical-center wpcp-image-carousel wpcp-preloader wpcp-standard\" data-swiper='{ &quot;accessibility&quot;:true, &quot;spaceBetween&quot;:20, &quot;arrows&quot;:true, &quot;freeMode&quot;: false, &quot;autoplay&quot;:true, &quot;effect&quot;: &quot;&quot;, &quot;centerMode&quot;: false, &quot;autoplaySpeed&quot;:3000, &quot;dots&quot;:true, &quot;infinite&quot;:true, &quot;speed&quot;:600, &quot;pauseOnHover&quot;:true,\n\t\t\t&quot;slidesToShow&quot;:{&quot;lg_desktop&quot;:1, &quot;desktop&quot;: 1, &quot;laptop&quot;: 1, &quot;tablet&quot;: 1, &quot;mobile&quot;: 1}, &quot;responsive&quot;:{&quot;desktop&quot;:1200, &quot;laptop&quot;: 980, &quot;tablet&quot;: 736, &quot;mobile&quot;: 480}, &quot;rtl&quot;:false, &quot;lazyLoad&quot;: &quot;false&quot;, &quot;swipe&quot;: true, &quot;draggable&quot;: true, &quot;swipeToSlide&quot;:false }' dir=\"ltr\">\n\t\t<div class=\"swiper-wrapper\">\n\t\t<div class=\"swiper-slide\">\n\t<div class=\"wpcp-single-item\">\n\t\t\t<a class=\"wcp-light-box\" data-buttons='[\"close\"]' data-wpc_url='https:\/\/www.bulletmoto.com\/wp-content\/uploads\/2024\/08\/Peso_guidao_inox-15-e1653503145498-1023x707-1.jpg' href=\"https:\/\/www.bulletmoto.com\/wp-content\/uploads\/2024\/08\/Peso_guidao_inox-15-e1653503145498-1023x707-1.jpg\" data-fancybox=\"wpcp_view\">\n\t\t<figure>\n\t\t\t<img loading=\"lazy\" decoding=\"async\" class=\"skip-lazy\" src=\"https:\/\/www.bulletmoto.com\/wp-content\/uploads\/2024\/08\/Peso_guidao_inox-15-e1653503145498-1023x707-1.jpg\" alt=\"Peso_guidao_inox-15-e1653503145498-1023x707 (1)\" width=\"1023\" height=\"707\">\t\t<\/figure>\n\t<\/a>\n\t\t<\/div>\n<\/div>\n\t<div class=\"swiper-slide\">\n\t<div class=\"wpcp-single-item\">\n\t\t\t<a class=\"wcp-light-box\" data-buttons='[\"close\"]' data-wpc_url='https:\/\/www.bulletmoto.com\/wp-content\/uploads\/2024\/08\/Terminal-de-guidao-slider-6455-scaled-1024x707-1.jpg' href=\"https:\/\/www.bulletmoto.com\/wp-content\/uploads\/2024\/08\/Terminal-de-guidao-slider-6455-scaled-1024x707-1.jpg\" data-fancybox=\"wpcp_view\">\n\t\t<figure>\n\t\t\t<img loading=\"lazy\" decoding=\"async\" class=\"skip-lazy\" src=\"https:\/\/www.bulletmoto.com\/wp-content\/uploads\/2024\/08\/Terminal-de-guidao-slider-6455-scaled-1024x707-1.jpg\" alt=\"Terminal-de-guidao-slider-6455-scaled-1024x707\" width=\"1024\" height=\"707\">\t\t<\/figure>\n\t<\/a>\n\t\t<\/div>\n<\/div>\n\t<div class=\"swiper-slide\">\n\t<div class=\"wpcp-single-item\">\n\t\t\t<a class=\"wcp-light-box\" data-buttons='[\"close\"]' data-wpc_url='https:\/\/www.bulletmoto.com\/wp-content\/uploads\/2024\/08\/25102019-IMG_3931.jpg' href=\"https:\/\/www.bulletmoto.com\/wp-content\/uploads\/2024\/08\/25102019-IMG_3931.jpg\" data-fancybox=\"wpcp_view\">\n\t\t<figure>\n\t\t\t<img loading=\"lazy\" decoding=\"async\" class=\"skip-lazy\" src=\"https:\/\/www.bulletmoto.com\/wp-content\/uploads\/2024\/08\/25102019-IMG_3931.jpg\" alt=\"25102019-IMG_3931\" width=\"900\" height=\"600\">\t\t<\/figure>\n\t<\/a>\n\t\t<\/div>\n<\/div>\n\t<div class=\"swiper-slide\">\n\t<div class=\"wpcp-single-item\">\n\t\t\t<a class=\"wcp-light-box\" data-buttons='[\"close\"]' data-wpc_url='https:\/\/www.bulletmoto.com\/wp-content\/uploads\/2024\/08\/WhatsApp-Image-2022-01-28-at-19.46.57-1024x768.jpeg' href=\"https:\/\/www.bulletmoto.com\/wp-content\/uploads\/2024\/08\/WhatsApp-Image-2022-01-28-at-19.46.57.jpeg\" data-fancybox=\"wpcp_view\">\n\t\t<figure>\n\t\t\t<img loading=\"lazy\" decoding=\"async\" class=\"skip-lazy\" src=\"https:\/\/www.bulletmoto.com\/wp-content\/uploads\/2024\/08\/WhatsApp-Image-2022-01-28-at-19.46.57-1024x768.jpeg\" alt=\"WhatsApp Image 2022-01-28 at 19.46.57\" width=\"1024\" height=\"768\">\t\t<\/figure>\n\t<\/a>\n\t\t<\/div>\n<\/div>\n\t\t\t<\/div>\n\t\t\t\t\t<div class=\"wpcp-swiper-dots swiper-pagination\"><\/div>\n\t\t\t\t<!-- If we need navigation buttons -->\n\t\t\t\t\t<div class=\"wpcp-prev-button swiper-button-prev\"><i class=\"fa fa-angle-left\"><\/i><\/div>\n\t\t\t<div class=\"wpcp-next-button swiper-button-next\"><i class=\"fa fa-angle-right\"><\/i><\/div>\n\t\t\t<\/div>\n\t<\/div>\n<\/div>\n\n\n<h2 class=\"wp-block-heading has-text-align-center\">Terminales de manllar<\/h2>\n\n<div class=\"wp-block-buttons is-content-justification-center is-layout-flex wp-container-core-buttons-is-layout-16018d1d wp-block-buttons-is-layout-flex\"><div class=\"wp-block-button\"><a class=\"wp-block-button__link wp-element-button\" href=\"https:\/\/www.bulletmoto.com\/index.php\/es\/contacto\/\">COMPRAR<\/a><\/div><\/div>\n\n<div style=\"height:73px\" aria-hidden=\"true\" class=\"wp-block-spacer\"><\/div>\n\n<p class=\"has-text-align-center\">Nuestros terminales de manillar se pueden utilizar en conjunto con semimanillar Bullet u otros disponibles en el mercado. En manillares originales puede ser necesaria alguna adaptaci\u00f3n para asegurarlos. Cons\u00faltenos.<\/p>\n\n<div id=\"wp-block-themeisle-blocks-advanced-columns-09f13212\" class=\"wp-block-themeisle-blocks-advanced-columns has-2-columns has-desktop-oneTwo-layout has-tablet-equal-layout has-mobile-collapsedRows-layout has-vertical-unset\"><div class=\"wp-block-themeisle-blocks-advanced-columns-overlay\"><\/div><div class=\"innerblocks-wrap\"><div id=\"wp-block-themeisle-blocks-advanced-column-e56fff03\" class=\"wp-block-themeisle-blocks-advanced-column\"><figure class=\"wp-block-image is-resized\"><img decoding=\"async\" src=\"https:\/\/www.bulletmoto.com\/Imagens\/2018\/06\/Peso_guidao_inox-1-e1653504209137-300x300.jpg\" alt=\"\" style=\"width:211px;height:auto\"\/><\/figure><\/div>\n\n<div id=\"wp-block-themeisle-blocks-advanced-column-76881c54\" class=\"wp-block-themeisle-blocks-advanced-column\"><p class=\"has-text-align-center\"><strong>Terminales mod. FX \u2013 210,00BRL<\/strong><\/p>\n\n<p class=\"has-text-align-center\">Estos terminales a\u00f1aden peso a los extremos del manillar, contribuyendo a estabilizar la parte delantera de la motocicleta en reacciones como calzas y reduciendo la vibraci\u00f3n en las barras. La punta de pl\u00e1stico de ingenier\u00eda, al igual que nuestros deslizadores, reduce la transferencia del impacto a la motocicleta en caso de ca\u00edda.&nbsp;Este producto combina una gran funcionalidad y una est\u00e9tica refinada.<\/p><\/div><\/div><\/div>\n\n<div id=\"wp-block-themeisle-blocks-advanced-columns-f0707c1f\" class=\"wp-block-themeisle-blocks-advanced-columns has-2-columns has-desktop-oneTwo-layout has-tablet-equal-layout has-mobile-collapsedRows-layout has-vertical-unset\"><div class=\"wp-block-themeisle-blocks-advanced-columns-overlay\"><\/div><div class=\"innerblocks-wrap\"><div id=\"wp-block-themeisle-blocks-advanced-column-3f3dac6b\" class=\"wp-block-themeisle-blocks-advanced-column\"><figure class=\"wp-block-image is-resized\"><img decoding=\"async\" src=\"https:\/\/www.bulletmoto.com\/Imagens\/2022\/05\/Terminal-de-guidao-slider-6453-300x300.jpg\" alt=\"\" style=\"width:221px;height:auto\"\/><\/figure><\/div>\n\n<div id=\"wp-block-themeisle-blocks-advanced-column-85c7d603\" class=\"wp-block-themeisle-blocks-advanced-column\"><p class=\"has-text-align-center\"><strong>Terminales mod. Slider \u2013 175,00BRL<\/strong><\/p>\n\n<p class=\"has-text-align-center\">Los terminales modelo Slider tienen la funci\u00f3n de rematar y proteger tu manillar. Su carrocer\u00eda est\u00e1 fabricada en pl\u00e1stico de ingenier\u00eda, al igual que nuestro chasis y deslizadores de eje, lo que ayuda a que la motocicleta se deslice en caso de ca\u00edda y protege el manillar, ya que contribuye a una menor transferencia de impacto. La base de aluminio puede ser de los siguientes colores: aluminio natural, negro, dorado, rojo o azul.<\/p><\/div><\/div><\/div><\/div><\/div><\/div><div id=\"wp-block-themeisle-blocks-advanced-columns-fba6f192\" class=\"wp-block-themeisle-blocks-advanced-columns has-1-columns has-desktop-equal-layout has-tablet-equal-layout has-mobile-equal-layout has-vertical-unset\"><div class=\"wp-block-themeisle-blocks-advanced-columns-overlay\"><\/div><div class=\"innerblocks-wrap\"><div id=\"wp-block-themeisle-blocks-advanced-column-d1c61d9c\" class=\"wp-block-themeisle-blocks-advanced-column\"><\/div><\/div><\/div>","protected":false},"excerpt":{"rendered":"","protected":false},"author":3,"featured_media":0,"parent":0,"menu_order":0,"comment_status":"closed","ping_status":"closed","template":"","meta":{"neve_meta_sidebar":"","neve_meta_container":"","neve_meta_enable_content_width":"","neve_meta_content_width":0,"neve_meta_title_alignment":"","neve_meta_author_avatar":"","neve_post_elements_order":"","neve_meta_disable_header":"","neve_meta_disable_footer":"","neve_meta_disable_title":"","_themeisle_gutenberg_block_has_review":false,"footnotes":""},"class_list":["post-82733","page","type-page","status-publish","hentry"],"_links":{"self":[{"href":"https:\/\/www.bulletmoto.com\/index.php\/wp-json\/wp\/v2\/pages\/82733","targetHints":{"allow":["GET"]}}],"collection":[{"href":"https:\/\/www.bulletmoto.com\/index.php\/wp-json\/wp\/v2\/pages"}],"about":[{"href":"https:\/\/www.bulletmoto.com\/index.php\/wp-json\/wp\/v2\/types\/page"}],"author":[{"embeddable":true,"href":"https:\/\/www.bulletmoto.com\/index.php\/wp-json\/wp\/v2\/users\/3"}],"replies":[{"embeddable":true,"href":"https:\/\/www.bulletmoto.com\/index.php\/wp-json\/wp\/v2\/comments?post=82733"}],"version-history":[{"count":5,"href":"https:\/\/www.bulletmoto.com\/index.php\/wp-json\/wp\/v2\/pages\/82733\/revisions"}],"predecessor-version":[{"id":84524,"href":"https:\/\/www.bulletmoto.com\/index.php\/wp-json\/wp\/v2\/pages\/82733\/revisions\/84524"}],"wp:attachment":[{"href":"https:\/\/www.bulletmoto.com\/index.php\/wp-json\/wp\/v2\/media?parent=82733"}],"curies":[{"name":"wp","href":"https:\/\/api.w.org\/{rel}","templated":true}]}}